{"id":157,"date":"2019-01-04T17:49:42","date_gmt":"2019-01-04T16:49:42","guid":{"rendered":"https:\/\/www.kezakoo.com\/sup\/?page_id=157"},"modified":"2019-07-02T21:13:54","modified_gmt":"2019-07-02T19:13:54","slug":"metiers","status":"publish","type":"page","link":"https:\/\/www.kezakoo.com\/sup\/metiers\/","title":{"rendered":"Orientation et m\u00e9tiers"},"content":{"rendered":"<p>[vc_row][vc_column][vc_column_text]<\/p>\n<h2 style=\"text-align: center;\">Ghedda hya daba<\/h2>\n<p style=\"text-align: center;\">D\u00e9couvre les m\u00e9tiers d&#8217;avenir \u00e0 travers ceux qui les exercent aujourd&#8217;hui<\/p>\n<p>[\/vc_column_text][vc_row_inner][vc_column_inner width=&#8221;1\/2&#8243;][vc_video link=&#8221;https:\/\/www.youtube.com\/watch?v=3q6vmzZAyOA&#8221; el_width=&#8221;90&#8243; align=&#8221;center&#8221; css=&#8221;.vc_custom_1562094832257{margin-top: 50px !important;}&#8221;][\/vc_column_inner][vc_column_inner width=&#8221;1\/2&#8243;][vc_video link=&#8221;https:\/\/www.youtube.com\/watch?v=UT2yNFl42wk&#8221; el_width=&#8221;90&#8243; align=&#8221;center&#8221; css=&#8221;.vc_custom_1562094824517{margin-top: 50px !important;}&#8221;][\/vc_column_inner][\/vc_row_inner][\/vc_column][\/vc_row][vc_row][vc_column css=&#8221;.vc_custom_1556644587581{margin-top: 75px !important;}&#8221;][vc_column_text]<\/p>\n<h2 style=\"text-align: center;\">Les m\u00e9tiers les plus populaires<\/h2>\n<p style=\"text-align: center;\">Si tu as besoin d&#8217;inspiration, commence par d\u00e9couvrir ces m\u00e9tiers en vogue:<\/p>\n<p>[\/vc_column_text][vc_column_text css=&#8221;.vc_custom_1557325410002{margin-top: 50px !important;}&#8221;]<div class=\"grid-metier\"><div class=\"item-metier\"> \n                <figure> <a href=\"https:\/\/www.kezakoo.com\/sup\/metier\/chef-cuisinier\/\"> <div style=\"background-image: url(https:\/\/www.kezakoo.com\/sup\/wp-content\/uploads\/2017\/04\/chef-cuisinier.jpg); height: 170px; background-size: cover; background-position: 50%;\"> <\/div><\/figure> \n                <div class=\"item-text\"><a href=\"https:\/\/www.kezakoo.com\/sup\/metier\/chef-cuisinier\/\"><h3>Le m\u00e9tier Chef cuisinier<\/h3><\/a><\/div>\n                <\/div><div class=\"item-metier\"> \n                <figure> <a href=\"https:\/\/www.kezakoo.com\/sup\/metier\/chef-produit-digital\/\"> <div style=\"background-image: url(https:\/\/www.kezakoo.com\/sup\/wp-content\/uploads\/2017\/04\/chef-de-produit-digital.jpg); height: 170px; background-size: cover; background-position: 50%;\"> <\/div><\/figure> \n                <div class=\"item-text\"><a href=\"https:\/\/www.kezakoo.com\/sup\/metier\/chef-produit-digital\/\"><h3>Le m\u00e9tier Chef de produit digital<\/h3><\/a><\/div>\n                <\/div><div class=\"item-metier\"> \n                <figure> <a href=\"https:\/\/www.kezakoo.com\/sup\/metier\/data-scientist\/\"> <div style=\"background-image: url(https:\/\/www.kezakoo.com\/sup\/wp-content\/uploads\/2017\/04\/data-scientist.jpg); height: 170px; background-size: cover; background-position: 50%;\"> <\/div><\/figure> \n                <div class=\"item-text\"><a href=\"https:\/\/www.kezakoo.com\/sup\/metier\/data-scientist\/\"><h3>Le m\u00e9tier Data scientist<\/h3><\/a><\/div>\n                <\/div><div class=\"item-metier\"> \n                <figure> <a href=\"https:\/\/www.kezakoo.com\/sup\/metier\/enseignant\/\"> <div style=\"background-image: url(https:\/\/www.kezakoo.com\/sup\/wp-content\/uploads\/2017\/04\/enseignant.jpg); height: 170px; background-size: cover; background-position: 50%;\"> <\/div><\/figure> \n                <div class=\"item-text\"><a href=\"https:\/\/www.kezakoo.com\/sup\/metier\/enseignant\/\"><h3>Le m\u00e9tier Enseignant<\/h3><\/a><\/div>\n                <\/div><div class=\"item-metier\"> \n                <figure> <a href=\"https:\/\/www.kezakoo.com\/sup\/metier\/ingenieur-cloud\/\"> <div style=\"background-image: url(https:\/\/www.kezakoo.com\/sup\/wp-content\/uploads\/2017\/04\/cloud.jpg); height: 170px; background-size: cover; background-position: 50%;\"> <\/div><\/figure> \n                <div class=\"item-text\"><a href=\"https:\/\/www.kezakoo.com\/sup\/metier\/ingenieur-cloud\/\"><h3>Le m\u00e9tier Ing\u00e9nieur Cloud<\/h3><\/a><\/div>\n                <\/div><div class=\"item-metier\"> \n                <figure> <a href=\"https:\/\/www.kezakoo.com\/sup\/metier\/nutritionniste\/\"> <div style=\"background-image: url(https:\/\/www.kezakoo.com\/sup\/wp-content\/uploads\/2017\/04\/nutritionist.jpg); height: 170px; background-size: cover; background-position: 50%;\"> <\/div><\/figure> \n                <div class=\"item-text\"><a href=\"https:\/\/www.kezakoo.com\/sup\/metier\/nutritionniste\/\"><h3>Le m\u00e9tier Nutritionniste<\/h3><\/a><\/div>\n                <\/div><div class=\"item-metier\"> \n                <figure> <a href=\"https:\/\/www.kezakoo.com\/sup\/metier\/psychologue\/\"> <div style=\"background-image: url(https:\/\/www.kezakoo.com\/sup\/wp-content\/uploads\/2017\/04\/psychologue.jpg); height: 170px; background-size: cover; background-position: 50%;\"> <\/div><\/figure> \n                <div class=\"item-text\"><a href=\"https:\/\/www.kezakoo.com\/sup\/metier\/psychologue\/\"><h3>Le m\u00e9tier Psychologue<\/h3><\/a><\/div>\n                <\/div><div class=\"item-metier\"> \n                <figure> <a href=\"https:\/\/www.kezakoo.com\/sup\/metier\/web-designer\/\"> <div style=\"background-image: url(https:\/\/www.kezakoo.com\/sup\/wp-content\/uploads\/2017\/04\/web-designer.jpg); height: 170px; background-size: cover; background-position: 50%;\"> <\/div><\/figure> \n                <div class=\"item-text\"><a href=\"https:\/\/www.kezakoo.com\/sup\/metier\/web-designer\/\"><h3>Le m\u00e9tier Web designer<\/h3><\/a><\/div>\n                <\/div><div class=\"item-metier\"> \n                <figure> <a href=\"https:\/\/www.kezakoo.com\/sup\/ar\/%D9%85%D9%87%D9%86%D8%A9\/%d8%a7%d8%ae%d8%b5%d8%a7%d8%a6%d9%8a-%d8%aa%d8%ba%d8%b0%d9%8a%d9%87\/\"> <div style=\"background-image: url(https:\/\/www.kezakoo.com\/sup\/wp-content\/uploads\/2017\/04\/nutritionist.jpg); height: 170px; background-size: cover; background-position: 50%;\"> <\/div><\/figure> \n                <div class=\"item-text\"><a href=\"https:\/\/www.kezakoo.com\/sup\/ar\/%D9%85%D9%87%D9%86%D8%A9\/%d8%a7%d8%ae%d8%b5%d8%a7%d8%a6%d9%8a-%d8%aa%d8%ba%d8%b0%d9%8a%d9%87\/\"><h3>Le m\u00e9tier \u0627\u062e\u0635\u0627\u0626\u064a \u062a\u063a\u0630\u064a\u0647<\/h3><\/a><\/div>\n                <\/div><div class=\"item-metier\"> \n                <figure> <a href=\"https:\/\/www.kezakoo.com\/sup\/ar\/%D9%85%D9%87%D9%86%D8%A9\/%d8%a7%d9%84%d8%b7%d8%a8%d9%8a%d8%a8-%d8%a7%d9%84%d9%86%d9%81%d8%b3%d9%8a\/\"> <div style=\"background-image: url(https:\/\/www.kezakoo.com\/sup\/wp-content\/uploads\/2017\/04\/psychologue.jpg); height: 170px; background-size: cover; background-position: 50%;\"> <\/div><\/figure> \n                <div class=\"item-text\"><a href=\"https:\/\/www.kezakoo.com\/sup\/ar\/%D9%85%D9%87%D9%86%D8%A9\/%d8%a7%d9%84%d8%b7%d8%a8%d9%8a%d8%a8-%d8%a7%d9%84%d9%86%d9%81%d8%b3%d9%8a\/\"><h3>Le m\u00e9tier \u0627\u0644\u0637\u0628\u064a\u0628 \u0627\u0644\u0646\u0641\u0633\u064a<\/h3><\/a><\/div>\n                <\/div><div class=\"item-metier\"> \n                <figure> <a href=\"https:\/\/www.kezakoo.com\/sup\/ar\/%D9%85%D9%87%D9%86%D8%A9\/chef-cuisinier-ar\/\"> <div style=\"background-image: url(https:\/\/www.kezakoo.com\/sup\/wp-content\/uploads\/2017\/04\/chef-cuisinier.jpg); height: 170px; background-size: cover; background-position: 50%;\"> <\/div><\/figure> \n                <div class=\"item-text\"><a href=\"https:\/\/www.kezakoo.com\/sup\/ar\/%D9%85%D9%87%D9%86%D8%A9\/chef-cuisinier-ar\/\"><h3>Le m\u00e9tier \u0637\u0628\u0627\u062e<\/h3><\/a><\/div>\n                <\/div><div class=\"item-metier\"> \n                <figure> <a href=\"https:\/\/www.kezakoo.com\/sup\/ar\/%D9%85%D9%87%D9%86%D8%A9\/%d9%85%d8%af%d9%8a%d8%b1-%d8%a7%d9%84%d9%85%d9%86%d8%aa%d8%ac-%d8%a7%d9%84%d8%b1%d9%82%d9%85%d9%8a\/\"> <div style=\"background-image: url(https:\/\/www.kezakoo.com\/sup\/wp-content\/uploads\/2017\/04\/chef-de-produit-digital.jpg); height: 170px; background-size: cover; background-position: 50%;\"> <\/div><\/figure> \n                <div class=\"item-text\"><a href=\"https:\/\/www.kezakoo.com\/sup\/ar\/%D9%85%D9%87%D9%86%D8%A9\/%d9%85%d8%af%d9%8a%d8%b1-%d8%a7%d9%84%d9%85%d9%86%d8%aa%d8%ac-%d8%a7%d9%84%d8%b1%d9%82%d9%85%d9%8a\/\"><h3>Le m\u00e9tier \u0645\u062f\u064a\u0631 \u0627\u0644\u0645\u0646\u062a\u062c \u0627\u0644\u0631\u0642\u0645\u064a<\/h3><\/a><\/div>\n                <\/div><div class=\"item-metier\"> \n                <figure> <a href=\"https:\/\/www.kezakoo.com\/sup\/ar\/%D9%85%D9%87%D9%86%D8%A9\/%d9%85%d8%b9%d9%84%d9%85\/\"> <div style=\"background-image: url(https:\/\/www.kezakoo.com\/sup\/wp-content\/uploads\/2017\/04\/enseignant.jpg); height: 170px; background-size: cover; background-position: 50%;\"> <\/div><\/figure> \n                <div class=\"item-text\"><a href=\"https:\/\/www.kezakoo.com\/sup\/ar\/%D9%85%D9%87%D9%86%D8%A9\/%d9%85%d8%b9%d9%84%d9%85\/\"><h3>Le m\u00e9tier \u0645\u0639\u0644\u0645<\/h3><\/a><\/div>\n                <\/div><\/div>[\/vc_column_text][\/vc_column][\/vc_row]<\/p>\n","protected":false},"excerpt":{"rendered":"<p>[vc_row][vc_column][vc_column_text] Ghedda hya daba D\u00e9couvre les m\u00e9tiers d&#8217;avenir \u00e0 travers ceux qui les exercent aujourd&#8217;hui [\/vc_column_text][vc_row_inner][vc_column_inner width=&#8221;1\/2&#8243;][vc_video link=&#8221;https:\/\/www.youtube.com\/watch?v=3q6vmzZAyOA&#8221; el_width=&#8221;90&#8243; align=&#8221;center&#8221; css=&#8221;.vc_custom_1562094832257{margin-top: 50px !important;}&#8221;][\/vc_column_inner][vc_column_inner width=&#8221;1\/2&#8243;][vc_video link=&#8221;https:\/\/www.youtube.com\/watch?v=UT2yNFl42wk&#8221; el_width=&#8221;90&#8243; align=&#8221;center&#8221; css=&#8221;.vc_custom_1562094824517{margin-top: 50px !important;}&#8221;][\/vc_column_inner][\/vc_row_inner][\/vc_column][\/vc_row][vc_row][vc_column css=&#8221;.vc_custom_1556644587581{margin-top: 75px !important;}&#8221;][vc_column_text] Les m\u00e9tiers les plus populaires Si tu as besoin d&#8217;inspiration, commence par d\u00e9couvrir ces m\u00e9tiers en vogue: [\/vc_column_text][vc_column_text css=&#8221;.vc_custom_1557325410002{margin-top: 50px !important;}&#8221;][\/vc_column_text][\/vc_column][\/vc_row]<\/p>\n","protected":false},"author":1,"featured_media":0,"parent":0,"menu_order":0,"comment_status":"closed","ping_status":"closed","template":"template-metiers.php","meta":{"_acf_changed":false,"footnotes":""},"class_list":["post-157","page","type-page","status-publish","hentry"],"acf":[],"yoast_head":"<!-- This site is optimized with the Yoast SEO plugin v26.7 - https:\/\/yoast.com\/wordpress\/plugins\/seo\/ -->\n<title>Orientation et m\u00e9tiers - Kezakoo SUP<\/title>\n<meta name=\"robots\" content=\"index, follow, max-snippet:-1, max-image-preview:large, max-video-preview:-1\" \/>\n<link rel=\"canonical\" href=\"https:\/\/www.kezakoo.com\/sup\/metiers\/\" \/>\n<meta property=\"og:locale\" content=\"fr_FR\" \/>\n<meta property=\"og:type\" content=\"article\" \/>\n<meta property=\"og:title\" content=\"Orientation et m\u00e9tiers - Kezakoo SUP\" \/>\n<meta property=\"og:description\" content=\"[vc_row][vc_column][vc_column_text] Ghedda hya daba D\u00e9couvre les m\u00e9tiers d&#8217;avenir \u00e0 travers ceux qui les exercent aujourd&#8217;hui [\/vc_column_text][vc_row_inner][vc_column_inner width=&#8221;1\/2&#8243;][vc_video link=&#8221;https:\/\/www.youtube.com\/watch?v=3q6vmzZAyOA&#8221; el_width=&#8221;90&#8243; align=&#8221;center&#8221; css=&#8221;.vc_custom_1562094832257{margin-top: 50px !important;}&#8221;][\/vc_column_inner][vc_column_inner width=&#8221;1\/2&#8243;][vc_video link=&#8221;https:\/\/www.youtube.com\/watch?v=UT2yNFl42wk&#8221; el_width=&#8221;90&#8243; align=&#8221;center&#8221; css=&#8221;.vc_custom_1562094824517{margin-top: 50px !important;}&#8221;][\/vc_column_inner][\/vc_row_inner][\/vc_column][\/vc_row][vc_row][vc_column css=&#8221;.vc_custom_1556644587581{margin-top: 75px !important;}&#8221;][vc_column_text] Les m\u00e9tiers les plus populaires Si tu as besoin d&#8217;inspiration, commence par d\u00e9couvrir ces m\u00e9tiers en vogue: [\/vc_column_text][vc_column_text css=&#8221;.vc_custom_1557325410002{margin-top: 50px !important;}&#8221;][\/vc_column_text][\/vc_column][\/vc_row]\" \/>\n<meta property=\"og:url\" content=\"https:\/\/www.kezakoo.com\/sup\/metiers\/\" \/>\n<meta property=\"og:site_name\" content=\"Kezakoo SUP\" \/>\n<meta property=\"article:publisher\" content=\"https:\/\/facebook.com\/kezakoo\" \/>\n<meta property=\"article:modified_time\" content=\"2019-07-02T19:13:54+00:00\" \/>\n<meta property=\"og:image\" content=\"https:\/\/www.kezakoo.com\/sup\/wp-content\/uploads\/2017\/04\/sup.jpg\" \/>\n\t<meta property=\"og:image:width\" content=\"1900\" \/>\n\t<meta property=\"og:image:height\" content=\"1268\" \/>\n\t<meta property=\"og:image:type\" content=\"image\/jpeg\" \/>\n<meta name=\"twitter:card\" content=\"summary_large_image\" \/>\n<meta name=\"twitter:label1\" content=\"Dur\u00e9e de lecture estim\u00e9e\" \/>\n\t<meta name=\"twitter:data1\" content=\"1 minute\" \/>\n<script type=\"application\/ld+json\" class=\"yoast-schema-graph\">{\"@context\":\"https:\/\/schema.org\",\"@graph\":[{\"@type\":\"WebPage\",\"@id\":\"https:\/\/www.kezakoo.com\/sup\/metiers\/\",\"url\":\"https:\/\/www.kezakoo.com\/sup\/metiers\/\",\"name\":\"Orientation et m\u00e9tiers - Kezakoo SUP\",\"isPartOf\":{\"@id\":\"https:\/\/www.kezakoo.com\/sup\/ar\/#website\"},\"datePublished\":\"2019-01-04T16:49:42+00:00\",\"dateModified\":\"2019-07-02T19:13:54+00:00\",\"breadcrumb\":{\"@id\":\"https:\/\/www.kezakoo.com\/sup\/metiers\/#breadcrumb\"},\"inLanguage\":\"fr-FR\",\"potentialAction\":[{\"@type\":\"ReadAction\",\"target\":[\"https:\/\/www.kezakoo.com\/sup\/metiers\/\"]}]},{\"@type\":\"BreadcrumbList\",\"@id\":\"https:\/\/www.kezakoo.com\/sup\/metiers\/#breadcrumb\",\"itemListElement\":[{\"@type\":\"ListItem\",\"position\":1,\"name\":\"Accueil\",\"item\":\"https:\/\/www.kezakoo.com\/sup\/\"},{\"@type\":\"ListItem\",\"position\":2,\"name\":\"Orientation et m\u00e9tiers\"}]},{\"@type\":\"WebSite\",\"@id\":\"https:\/\/www.kezakoo.com\/sup\/ar\/#website\",\"url\":\"https:\/\/www.kezakoo.com\/sup\/ar\/\",\"name\":\"Kezakoo SUP\",\"description\":\"La r\u00e9f\u00e9rence de l&#039;enseignement sup\u00e9rieur au Maroc\",\"publisher\":{\"@id\":\"https:\/\/www.kezakoo.com\/sup\/ar\/#organization\"},\"potentialAction\":[{\"@type\":\"SearchAction\",\"target\":{\"@type\":\"EntryPoint\",\"urlTemplate\":\"https:\/\/www.kezakoo.com\/sup\/ar\/?s={search_term_string}\"},\"query-input\":{\"@type\":\"PropertyValueSpecification\",\"valueRequired\":true,\"valueName\":\"search_term_string\"}}],\"inLanguage\":\"fr-FR\"},{\"@type\":\"Organization\",\"@id\":\"https:\/\/www.kezakoo.com\/sup\/ar\/#organization\",\"name\":\"Kezakoo\",\"url\":\"https:\/\/www.kezakoo.com\/sup\/ar\/\",\"logo\":{\"@type\":\"ImageObject\",\"inLanguage\":\"fr-FR\",\"@id\":\"https:\/\/www.kezakoo.com\/sup\/ar\/#\/schema\/logo\/image\/\",\"url\":\"https:\/\/kezakoo.com\/sup\/wp-content\/uploads\/2017\/04\/Logo_Kezakoo_black_orange.png\",\"contentUrl\":\"https:\/\/kezakoo.com\/sup\/wp-content\/uploads\/2017\/04\/Logo_Kezakoo_black_orange.png\",\"width\":1086,\"height\":308,\"caption\":\"Kezakoo\"},\"image\":{\"@id\":\"https:\/\/www.kezakoo.com\/sup\/ar\/#\/schema\/logo\/image\/\"},\"sameAs\":[\"https:\/\/facebook.com\/kezakoo\",\"https:\/\/www.linkedin.com\/company\/kezakoo\",\"https:\/\/www.youtube.com\/user\/kezakoo1\"]}]}<\/script>\n<!-- \/ Yoast SEO plugin. -->","yoast_head_json":{"title":"Orientation et m\u00e9tiers - Kezakoo SUP","robots":{"index":"index","follow":"follow","max-snippet":"max-snippet:-1","max-image-preview":"max-image-preview:large","max-video-preview":"max-video-preview:-1"},"canonical":"https:\/\/www.kezakoo.com\/sup\/metiers\/","og_locale":"fr_FR","og_type":"article","og_title":"Orientation et m\u00e9tiers - Kezakoo SUP","og_description":"[vc_row][vc_column][vc_column_text] Ghedda hya daba D\u00e9couvre les m\u00e9tiers d&#8217;avenir \u00e0 travers ceux qui les exercent aujourd&#8217;hui [\/vc_column_text][vc_row_inner][vc_column_inner width=&#8221;1\/2&#8243;][vc_video link=&#8221;https:\/\/www.youtube.com\/watch?v=3q6vmzZAyOA&#8221; el_width=&#8221;90&#8243; align=&#8221;center&#8221; css=&#8221;.vc_custom_1562094832257{margin-top: 50px !important;}&#8221;][\/vc_column_inner][vc_column_inner width=&#8221;1\/2&#8243;][vc_video link=&#8221;https:\/\/www.youtube.com\/watch?v=UT2yNFl42wk&#8221; el_width=&#8221;90&#8243; align=&#8221;center&#8221; css=&#8221;.vc_custom_1562094824517{margin-top: 50px !important;}&#8221;][\/vc_column_inner][\/vc_row_inner][\/vc_column][\/vc_row][vc_row][vc_column css=&#8221;.vc_custom_1556644587581{margin-top: 75px !important;}&#8221;][vc_column_text] Les m\u00e9tiers les plus populaires Si tu as besoin d&#8217;inspiration, commence par d\u00e9couvrir ces m\u00e9tiers en vogue: [\/vc_column_text][vc_column_text css=&#8221;.vc_custom_1557325410002{margin-top: 50px !important;}&#8221;][\/vc_column_text][\/vc_column][\/vc_row]","og_url":"https:\/\/www.kezakoo.com\/sup\/metiers\/","og_site_name":"Kezakoo SUP","article_publisher":"https:\/\/facebook.com\/kezakoo","article_modified_time":"2019-07-02T19:13:54+00:00","og_image":[{"width":1900,"height":1268,"url":"https:\/\/www.kezakoo.com\/sup\/wp-content\/uploads\/2017\/04\/sup.jpg","type":"image\/jpeg"}],"twitter_card":"summary_large_image","twitter_misc":{"Dur\u00e9e de lecture estim\u00e9e":"1 minute"},"schema":{"@context":"https:\/\/schema.org","@graph":[{"@type":"WebPage","@id":"https:\/\/www.kezakoo.com\/sup\/metiers\/","url":"https:\/\/www.kezakoo.com\/sup\/metiers\/","name":"Orientation et m\u00e9tiers - Kezakoo SUP","isPartOf":{"@id":"https:\/\/www.kezakoo.com\/sup\/ar\/#website"},"datePublished":"2019-01-04T16:49:42+00:00","dateModified":"2019-07-02T19:13:54+00:00","breadcrumb":{"@id":"https:\/\/www.kezakoo.com\/sup\/metiers\/#breadcrumb"},"inLanguage":"fr-FR","potentialAction":[{"@type":"ReadAction","target":["https:\/\/www.kezakoo.com\/sup\/metiers\/"]}]},{"@type":"BreadcrumbList","@id":"https:\/\/www.kezakoo.com\/sup\/metiers\/#breadcrumb","itemListElement":[{"@type":"ListItem","position":1,"name":"Accueil","item":"https:\/\/www.kezakoo.com\/sup\/"},{"@type":"ListItem","position":2,"name":"Orientation et m\u00e9tiers"}]},{"@type":"WebSite","@id":"https:\/\/www.kezakoo.com\/sup\/ar\/#website","url":"https:\/\/www.kezakoo.com\/sup\/ar\/","name":"Kezakoo SUP","description":"La r\u00e9f\u00e9rence de l&#039;enseignement sup\u00e9rieur au Maroc","publisher":{"@id":"https:\/\/www.kezakoo.com\/sup\/ar\/#organization"},"potentialAction":[{"@type":"SearchAction","target":{"@type":"EntryPoint","urlTemplate":"https:\/\/www.kezakoo.com\/sup\/ar\/?s={search_term_string}"},"query-input":{"@type":"PropertyValueSpecification","valueRequired":true,"valueName":"search_term_string"}}],"inLanguage":"fr-FR"},{"@type":"Organization","@id":"https:\/\/www.kezakoo.com\/sup\/ar\/#organization","name":"Kezakoo","url":"https:\/\/www.kezakoo.com\/sup\/ar\/","logo":{"@type":"ImageObject","inLanguage":"fr-FR","@id":"https:\/\/www.kezakoo.com\/sup\/ar\/#\/schema\/logo\/image\/","url":"https:\/\/kezakoo.com\/sup\/wp-content\/uploads\/2017\/04\/Logo_Kezakoo_black_orange.png","contentUrl":"https:\/\/kezakoo.com\/sup\/wp-content\/uploads\/2017\/04\/Logo_Kezakoo_black_orange.png","width":1086,"height":308,"caption":"Kezakoo"},"image":{"@id":"https:\/\/www.kezakoo.com\/sup\/ar\/#\/schema\/logo\/image\/"},"sameAs":["https:\/\/facebook.com\/kezakoo","https:\/\/www.linkedin.com\/company\/kezakoo","https:\/\/www.youtube.com\/user\/kezakoo1"]}]}},"lang":"fr","translations":{"ar":6197,"fr":157},"pll_sync_post":[],"_links":{"self":[{"href":"https:\/\/www.kezakoo.com\/sup\/wp-json\/wp\/v2\/pages\/157","targetHints":{"allow":["GET"]}}],"collection":[{"href":"https:\/\/www.kezakoo.com\/sup\/wp-json\/wp\/v2\/pages"}],"about":[{"href":"https:\/\/www.kezakoo.com\/sup\/wp-json\/wp\/v2\/types\/page"}],"author":[{"embeddable":true,"href":"https:\/\/www.kezakoo.com\/sup\/wp-json\/wp\/v2\/users\/1"}],"replies":[{"embeddable":true,"href":"https:\/\/www.kezakoo.com\/sup\/wp-json\/wp\/v2\/comments?post=157"}],"version-history":[{"count":31,"href":"https:\/\/www.kezakoo.com\/sup\/wp-json\/wp\/v2\/pages\/157\/revisions"}],"predecessor-version":[{"id":3146,"href":"https:\/\/www.kezakoo.com\/sup\/wp-json\/wp\/v2\/pages\/157\/revisions\/3146"}],"wp:attachment":[{"href":"https:\/\/www.kezakoo.com\/sup\/wp-json\/wp\/v2\/media?parent=157"}],"curies":[{"name":"wp","href":"https:\/\/api.w.org\/{rel}","templated":true}]}}