{"id":2805,"date":"2019-06-13T17:12:07","date_gmt":"2019-06-13T15:12:07","guid":{"rendered":"https:\/\/sup.kezakoo.com\/?page_id=2805"},"modified":"2020-06-05T12:47:52","modified_gmt":"2020-06-05T11:47:52","slug":"kit-media","status":"publish","type":"page","link":"https:\/\/www.kezakoo.com\/sup\/kit-media\/","title":{"rendered":"Kit m\u00e9dia"},"content":{"rendered":"<p>[vc_row][vc_column][vc_empty_space][vc_column_text]<\/p>\n<h1 style=\"text-align: center;\">Kit m\u00e9dia Kezakoo<\/h1>\n<p>[\/vc_column_text][\/vc_column][\/vc_row][vc_row][vc_column][vc_column_text]<\/p>\n<h3 style=\"text-align: center; line-height: 40px;\">Remplissez le formulaire suivant,<br \/>\net recevez imm\u00e9diatement notre Kit M\u00e9dia sur votre bo\u00eete email<\/h3>\n<p>[\/vc_column_text][vc_empty_space][\/vc_column][\/vc_row][vc_row][vc_column][vc_column_text]\n<div class=\"wpcf7 no-js\" id=\"wpcf7-f3895-o1\" lang=\"fr-FR\" dir=\"ltr\" data-wpcf7-id=\"3895\">\n<div class=\"screen-reader-response\"><p role=\"status\" aria-live=\"polite\" aria-atomic=\"true\"><\/p> <ul><\/ul><\/div>\n<form action=\"\/sup\/wp-json\/wp\/v2\/pages\/2805#wpcf7-f3895-o1\" method=\"post\" class=\"wpcf7-form init\" aria-label=\"Contact form\" novalidate=\"novalidate\" data-status=\"init\">\n<fieldset class=\"hidden-fields-container\"><input type=\"hidden\" name=\"_wpcf7\" value=\"3895\" \/><input type=\"hidden\" name=\"_wpcf7_version\" value=\"6.1.4\" \/><input type=\"hidden\" name=\"_wpcf7_locale\" value=\"fr_FR\" \/><input type=\"hidden\" name=\"_wpcf7_unit_tag\" value=\"wpcf7-f3895-o1\" \/><input type=\"hidden\" name=\"_wpcf7_container_post\" value=\"0\" \/><input type=\"hidden\" name=\"_wpcf7_posted_data_hash\" value=\"\" \/><input type=\"hidden\" name=\"_wpcf7_recaptcha_response\" value=\"\" \/>\n<\/fieldset>\n<p><label>Nom de l'entreprise \/ \u00e9tablissement<\/label><br \/>\n<span class=\"wpcf7-form-control-wrap\" data-name=\"entreprise\"><input size=\"40\" maxlength=\"400\" class=\"wpcf7-form-control wpcf7-text wpcf7-validates-as-required\" aria-required=\"true\" aria-invalid=\"false\" value=\"\" type=\"text\" name=\"entreprise\" \/><\/span>\n<\/p>\n<p><label>Nom et pr\u00e9nom<\/label><br \/>\n<span class=\"wpcf7-form-control-wrap\" data-name=\"nom\"><input size=\"40\" maxlength=\"400\" class=\"wpcf7-form-control wpcf7-text wpcf7-validates-as-required\" aria-required=\"true\" aria-invalid=\"false\" value=\"\" type=\"text\" name=\"nom\" \/><\/span>\n<\/p>\n<p><label> Votre adresse email*<\/label><br \/>\n<span class=\"wpcf7-form-control-wrap\" data-name=\"your-email\"><input size=\"40\" maxlength=\"400\" class=\"wpcf7-form-control wpcf7-email wpcf7-validates-as-required wpcf7-text wpcf7-validates-as-email\" aria-required=\"true\" aria-invalid=\"false\" value=\"\" type=\"email\" name=\"your-email\" \/><\/span>\n<\/p>\n<p><input class=\"wpcf7-form-control wpcf7-submit has-spinner\" type=\"submit\" value=\"T\u00e9l\u00e9charger le Kit M\u00e9dia Kezakoo\" \/>\n<\/p><div class=\"wpcf7-response-output\" aria-hidden=\"true\"><\/div>\n<\/form>\n<\/div>\n[\/vc_column_text][\/vc_column][\/vc_row]<\/p>\n","protected":false},"excerpt":{"rendered":"<p>[vc_row][vc_column][vc_empty_space][vc_column_text] Kit m\u00e9dia Kezakoo [\/vc_column_text][\/vc_column][\/vc_row][vc_row][vc_column][vc_column_text] Remplissez le formulaire suivant, et recevez imm\u00e9diatement notre Kit M\u00e9dia sur votre bo\u00eete email [\/vc_column_text][vc_empty_space][\/vc_column][\/vc_row][vc_row][vc_column][vc_column_text][\/vc_column_text][\/vc_column][\/vc_row]<\/p>\n","protected":false},"author":1,"featured_media":0,"parent":0,"menu_order":0,"comment_status":"closed","ping_status":"closed","template":"","meta":{"_acf_changed":false,"footnotes":""},"class_list":["post-2805","page","type-page","status-publish","hentry"],"acf":[],"yoast_head":"<!-- This site is optimized with the Yoast SEO plugin v26.7 - https:\/\/yoast.com\/wordpress\/plugins\/seo\/ -->\n<title>Kit m\u00e9dia - Kezakoo SUP<\/title>\n<meta name=\"robots\" content=\"index, follow, max-snippet:-1, max-image-preview:large, max-video-preview:-1\" \/>\n<link rel=\"canonical\" href=\"https:\/\/www.kezakoo.com\/sup\/kit-media\/\" \/>\n<meta property=\"og:locale\" content=\"fr_FR\" \/>\n<meta property=\"og:type\" content=\"article\" \/>\n<meta property=\"og:title\" content=\"Kit m\u00e9dia - Kezakoo SUP\" \/>\n<meta property=\"og:description\" content=\"[vc_row][vc_column][vc_empty_space][vc_column_text] Kit m\u00e9dia Kezakoo [\/vc_column_text][\/vc_column][\/vc_row][vc_row][vc_column][vc_column_text] Remplissez le formulaire suivant, et recevez imm\u00e9diatement notre Kit M\u00e9dia sur votre bo\u00eete email [\/vc_column_text][vc_empty_space][\/vc_column][\/vc_row][vc_row][vc_column][vc_column_text][\/vc_column_text][\/vc_column][\/vc_row]\" \/>\n<meta property=\"og:url\" content=\"https:\/\/www.kezakoo.com\/sup\/kit-media\/\" \/>\n<meta property=\"og:site_name\" content=\"Kezakoo SUP\" \/>\n<meta property=\"article:publisher\" content=\"https:\/\/facebook.com\/kezakoo\" \/>\n<meta property=\"article:modified_time\" content=\"2020-06-05T11:47:52+00:00\" \/>\n<meta property=\"og:image\" content=\"https:\/\/www.kezakoo.com\/sup\/wp-content\/uploads\/2017\/04\/sup.jpg\" \/>\n\t<meta property=\"og:image:width\" content=\"1900\" \/>\n\t<meta property=\"og:image:height\" content=\"1268\" \/>\n\t<meta property=\"og:image:type\" content=\"image\/jpeg\" \/>\n<meta name=\"twitter:card\" content=\"summary_large_image\" \/>\n<script type=\"application\/ld+json\" class=\"yoast-schema-graph\">{\"@context\":\"https:\/\/schema.org\",\"@graph\":[{\"@type\":\"WebPage\",\"@id\":\"https:\/\/www.kezakoo.com\/sup\/kit-media\/\",\"url\":\"https:\/\/www.kezakoo.com\/sup\/kit-media\/\",\"name\":\"Kit m\u00e9dia - Kezakoo SUP\",\"isPartOf\":{\"@id\":\"https:\/\/www.kezakoo.com\/sup\/ar\/#website\"},\"datePublished\":\"2019-06-13T15:12:07+00:00\",\"dateModified\":\"2020-06-05T11:47:52+00:00\",\"breadcrumb\":{\"@id\":\"https:\/\/www.kezakoo.com\/sup\/kit-media\/#breadcrumb\"},\"inLanguage\":\"fr-FR\",\"potentialAction\":[{\"@type\":\"ReadAction\",\"target\":[\"https:\/\/www.kezakoo.com\/sup\/kit-media\/\"]}]},{\"@type\":\"BreadcrumbList\",\"@id\":\"https:\/\/www.kezakoo.com\/sup\/kit-media\/#breadcrumb\",\"itemListElement\":[{\"@type\":\"ListItem\",\"position\":1,\"name\":\"Accueil\",\"item\":\"https:\/\/www.kezakoo.com\/sup\/\"},{\"@type\":\"ListItem\",\"position\":2,\"name\":\"Kit m\u00e9dia\"}]},{\"@type\":\"WebSite\",\"@id\":\"https:\/\/www.kezakoo.com\/sup\/ar\/#website\",\"url\":\"https:\/\/www.kezakoo.com\/sup\/ar\/\",\"name\":\"Kezakoo SUP\",\"description\":\"La r\u00e9f\u00e9rence de l&#039;enseignement sup\u00e9rieur au Maroc\",\"publisher\":{\"@id\":\"https:\/\/www.kezakoo.com\/sup\/ar\/#organization\"},\"potentialAction\":[{\"@type\":\"SearchAction\",\"target\":{\"@type\":\"EntryPoint\",\"urlTemplate\":\"https:\/\/www.kezakoo.com\/sup\/ar\/?s={search_term_string}\"},\"query-input\":{\"@type\":\"PropertyValueSpecification\",\"valueRequired\":true,\"valueName\":\"search_term_string\"}}],\"inLanguage\":\"fr-FR\"},{\"@type\":\"Organization\",\"@id\":\"https:\/\/www.kezakoo.com\/sup\/ar\/#organization\",\"name\":\"Kezakoo\",\"url\":\"https:\/\/www.kezakoo.com\/sup\/ar\/\",\"logo\":{\"@type\":\"ImageObject\",\"inLanguage\":\"fr-FR\",\"@id\":\"https:\/\/www.kezakoo.com\/sup\/ar\/#\/schema\/logo\/image\/\",\"url\":\"https:\/\/kezakoo.com\/sup\/wp-content\/uploads\/2017\/04\/Logo_Kezakoo_black_orange.png\",\"contentUrl\":\"https:\/\/kezakoo.com\/sup\/wp-content\/uploads\/2017\/04\/Logo_Kezakoo_black_orange.png\",\"width\":1086,\"height\":308,\"caption\":\"Kezakoo\"},\"image\":{\"@id\":\"https:\/\/www.kezakoo.com\/sup\/ar\/#\/schema\/logo\/image\/\"},\"sameAs\":[\"https:\/\/facebook.com\/kezakoo\",\"https:\/\/www.linkedin.com\/company\/kezakoo\",\"https:\/\/www.youtube.com\/user\/kezakoo1\"]}]}<\/script>\n<!-- \/ Yoast SEO plugin. -->","yoast_head_json":{"title":"Kit m\u00e9dia - Kezakoo SUP","robots":{"index":"index","follow":"follow","max-snippet":"max-snippet:-1","max-image-preview":"max-image-preview:large","max-video-preview":"max-video-preview:-1"},"canonical":"https:\/\/www.kezakoo.com\/sup\/kit-media\/","og_locale":"fr_FR","og_type":"article","og_title":"Kit m\u00e9dia - Kezakoo SUP","og_description":"[vc_row][vc_column][vc_empty_space][vc_column_text] Kit m\u00e9dia Kezakoo [\/vc_column_text][\/vc_column][\/vc_row][vc_row][vc_column][vc_column_text] Remplissez le formulaire suivant, et recevez imm\u00e9diatement notre Kit M\u00e9dia sur votre bo\u00eete email [\/vc_column_text][vc_empty_space][\/vc_column][\/vc_row][vc_row][vc_column][vc_column_text][\/vc_column_text][\/vc_column][\/vc_row]","og_url":"https:\/\/www.kezakoo.com\/sup\/kit-media\/","og_site_name":"Kezakoo SUP","article_publisher":"https:\/\/facebook.com\/kezakoo","article_modified_time":"2020-06-05T11:47:52+00:00","og_image":[{"width":1900,"height":1268,"url":"https:\/\/www.kezakoo.com\/sup\/wp-content\/uploads\/2017\/04\/sup.jpg","type":"image\/jpeg"}],"twitter_card":"summary_large_image","schema":{"@context":"https:\/\/schema.org","@graph":[{"@type":"WebPage","@id":"https:\/\/www.kezakoo.com\/sup\/kit-media\/","url":"https:\/\/www.kezakoo.com\/sup\/kit-media\/","name":"Kit m\u00e9dia - Kezakoo SUP","isPartOf":{"@id":"https:\/\/www.kezakoo.com\/sup\/ar\/#website"},"datePublished":"2019-06-13T15:12:07+00:00","dateModified":"2020-06-05T11:47:52+00:00","breadcrumb":{"@id":"https:\/\/www.kezakoo.com\/sup\/kit-media\/#breadcrumb"},"inLanguage":"fr-FR","potentialAction":[{"@type":"ReadAction","target":["https:\/\/www.kezakoo.com\/sup\/kit-media\/"]}]},{"@type":"BreadcrumbList","@id":"https:\/\/www.kezakoo.com\/sup\/kit-media\/#breadcrumb","itemListElement":[{"@type":"ListItem","position":1,"name":"Accueil","item":"https:\/\/www.kezakoo.com\/sup\/"},{"@type":"ListItem","position":2,"name":"Kit m\u00e9dia"}]},{"@type":"WebSite","@id":"https:\/\/www.kezakoo.com\/sup\/ar\/#website","url":"https:\/\/www.kezakoo.com\/sup\/ar\/","name":"Kezakoo SUP","description":"La r\u00e9f\u00e9rence de l&#039;enseignement sup\u00e9rieur au Maroc","publisher":{"@id":"https:\/\/www.kezakoo.com\/sup\/ar\/#organization"},"potentialAction":[{"@type":"SearchAction","target":{"@type":"EntryPoint","urlTemplate":"https:\/\/www.kezakoo.com\/sup\/ar\/?s={search_term_string}"},"query-input":{"@type":"PropertyValueSpecification","valueRequired":true,"valueName":"search_term_string"}}],"inLanguage":"fr-FR"},{"@type":"Organization","@id":"https:\/\/www.kezakoo.com\/sup\/ar\/#organization","name":"Kezakoo","url":"https:\/\/www.kezakoo.com\/sup\/ar\/","logo":{"@type":"ImageObject","inLanguage":"fr-FR","@id":"https:\/\/www.kezakoo.com\/sup\/ar\/#\/schema\/logo\/image\/","url":"https:\/\/kezakoo.com\/sup\/wp-content\/uploads\/2017\/04\/Logo_Kezakoo_black_orange.png","contentUrl":"https:\/\/kezakoo.com\/sup\/wp-content\/uploads\/2017\/04\/Logo_Kezakoo_black_orange.png","width":1086,"height":308,"caption":"Kezakoo"},"image":{"@id":"https:\/\/www.kezakoo.com\/sup\/ar\/#\/schema\/logo\/image\/"},"sameAs":["https:\/\/facebook.com\/kezakoo","https:\/\/www.linkedin.com\/company\/kezakoo","https:\/\/www.youtube.com\/user\/kezakoo1"]}]}},"lang":"fr","translations":{"fr":2805},"pll_sync_post":[],"_links":{"self":[{"href":"https:\/\/www.kezakoo.com\/sup\/wp-json\/wp\/v2\/pages\/2805","targetHints":{"allow":["GET"]}}],"collection":[{"href":"https:\/\/www.kezakoo.com\/sup\/wp-json\/wp\/v2\/pages"}],"about":[{"href":"https:\/\/www.kezakoo.com\/sup\/wp-json\/wp\/v2\/types\/page"}],"author":[{"embeddable":true,"href":"https:\/\/www.kezakoo.com\/sup\/wp-json\/wp\/v2\/users\/1"}],"replies":[{"embeddable":true,"href":"https:\/\/www.kezakoo.com\/sup\/wp-json\/wp\/v2\/comments?post=2805"}],"version-history":[{"count":7,"href":"https:\/\/www.kezakoo.com\/sup\/wp-json\/wp\/v2\/pages\/2805\/revisions"}],"predecessor-version":[{"id":3903,"href":"https:\/\/www.kezakoo.com\/sup\/wp-json\/wp\/v2\/pages\/2805\/revisions\/3903"}],"wp:attachment":[{"href":"https:\/\/www.kezakoo.com\/sup\/wp-json\/wp\/v2\/media?parent=2805"}],"curies":[{"name":"wp","href":"https:\/\/api.w.org\/{rel}","templated":true}]}}