{"id":2911,"date":"2019-06-21T22:15:40","date_gmt":"2019-06-21T20:15:40","guid":{"rendered":"https:\/\/sup.kezakoo.com\/?page_id=2911"},"modified":"2020-05-12T15:20:59","modified_gmt":"2020-05-12T13:20:59","slug":"intp","status":"publish","type":"page","link":"https:\/\/www.kezakoo.com\/sup\/intp\/","title":{"rendered":"INTP"},"content":{"rendered":"<p>Les INTPs, aussi appel\u00e9s &#8220;logiciens&#8221;, constituent seulement 3% de la population, et ils aiment sortir du lot. Les logiciens s&#8217;enorgueillissent de leur esprit inventif et cr\u00e9atif, leur perspective unique et leur intellect raffin\u00e9. Commun\u00e9ment connus sous le nom de philosophe, architecte ou encore professeur r\u00eaveur, les logiciens ont \u00e9t\u00e9 derri\u00e8re plusieurs grandes d\u00e9couvertes par le pass\u00e9. Einstein \u00e9tait un INTP.<\/p>\n<p><b>\u201cLes logiciens sont connus pour leurs th\u00e9ories brillantes et leur logique infaillible, en fait, ils sont consid\u00e9r\u00e9s comme la personnalit\u00e9 dot\u00e9e de la logique la plus solide parmi les 16 types de personnalit\u00e9s.\u201d<\/b><\/p>\n<p>Les logiciens adorent trouver des connexions logiques entre un grand nombre d&#8217;\u00e9l\u00e9ments.\u00a0 Ils sont particuli\u00e8rement forts dans la d\u00e9tection d&#8217;incoh\u00e9rences dans les propos, ce qui rend le fait de leur mentir extr\u00eamement difficile.<\/p>\n<p>Ils aiment d\u00e9battre et ont tendance \u00e0 partager des pens\u00e9es qui ne sont pas compl\u00e8tement d\u00e9velopp\u00e9es, en utilisant leur interlocuteur comme table de r\u00e9sonance pour renforcer leurs propres id\u00e9es et th\u00e9ories dans un d\u00e9bat davantage contre eux-m\u00eames plut\u00f4t que quelqu&#8217;un d&#8217;autre.<\/p>\n<p><span style=\"font-weight: 400;\">Les logiciens ne sont pas int\u00e9ress\u00e9s par les activit\u00e9s r\u00e9p\u00e9titives du quotidien. Ils se sentent \u00e9panouis dans un environnement o\u00f9 leur g\u00e9nie cr\u00e9atif et leur potentiel peuvent \u00eatre exprim\u00e9s. Il n\u2019y a aucune limite de temps et d\u2019\u00e9nergie pour les logiciens qui oeuvrent dans le d\u00e9veloppement d\u2019une solution pertinente, cr\u00e9ative et impartiale \u00e0 un probl\u00e8me.<\/span><\/p>\n<h3><b>Le plus tu penses, le plus tu es sage<\/b><\/h3>\n<p><span style=\"font-weight: 400;\">Si tu es un logicien, tu peux te laisser entra\u00eener dans un r\u00eave \u00e9veill\u00e9 sans fin. Tu penses de mani\u00e8re incessante et ton esprit d\u00e9borde d\u2019id\u00e9es d\u00e8s le moment o\u00f9 tu te r\u00e9veilles.<\/span><\/p>\n<p><span style=\"font-weight: 400;\">Cette r\u00e9flexion constante peut avoir pour effet de rendre le logicien pensif et d\u00e9tach\u00e9, car il m\u00e8ne souvent des d\u00e9bats \u00e0 part enti\u00e8re dans sa propre t\u00eate. Mais en r\u00e9alit\u00e9, ils sont plut\u00f4t d\u00e9tendus et amicaux quand ils sont avec des personnes qu&#8217;ils connaissent ou qui partagent des int\u00e9r\u00eats communs. Cependant, les INTP ont souvent tendance \u00e0 \u00eatre timides avec des inconnus. Les plaisanteries amicales prennent alors une forme d\u00e9rangeante s&#8217;ils croient que leurs conclusions logiques ou th\u00e9ories sont critiqu\u00e9es.<\/span><\/p>\n<p><span style=\"font-weight: 400;\">Lorsque qu&#8217;un INTP est particuli\u00e8rement excit\u00e9, la conversation peut fr\u00f4ler l&#8217;incoh\u00e9rence alors qu&#8217;il tente juste d&#8217;expliquer l&#8217;encha\u00eenement des conclusions logiques qui ont conduit \u00e0 la formation de son id\u00e9e. Souvent, ils choisissent de passer simplement d\u2019un sujet \u00e0 un autre avant que les gens ne comprennent ce qu&#8217;ils essayent de dire, plut\u00f4t que d\u2019essayer d\u2019\u00e9noncer clairement les choses.<\/span><\/p>\n","protected":false},"excerpt":{"rendered":"<p>Les INTPs, aussi appel\u00e9s &#8220;logiciens&#8221;, constituent seulement 3% de la population, et ils aiment sortir du lot. Les logiciens s&#8217;enorgueillissent de leur esprit inventif et cr\u00e9atif, leur perspective unique et leur intellect raffin\u00e9. Commun\u00e9ment connus sous le nom de philosophe, architecte ou encore professeur r\u00eaveur, les logiciens ont \u00e9t\u00e9 derri\u00e8re plusieurs grandes d\u00e9couvertes par le [&hellip;]<\/p>\n","protected":false},"author":1,"featured_media":0,"parent":0,"menu_order":0,"comment_status":"closed","ping_status":"closed","template":"personality-page.php","meta":{"_acf_changed":false,"footnotes":""},"class_list":["post-2911","page","type-page","status-publish","hentry"],"acf":[],"yoast_head":"<!-- This site is optimized with the Yoast SEO plugin v26.7 - https:\/\/yoast.com\/wordpress\/plugins\/seo\/ -->\n<title>INTP - Kezakoo SUP<\/title>\n<meta name=\"robots\" content=\"index, follow, max-snippet:-1, max-image-preview:large, max-video-preview:-1\" \/>\n<link rel=\"canonical\" href=\"https:\/\/www.kezakoo.com\/sup\/intp\/\" \/>\n<meta property=\"og:locale\" content=\"fr_FR\" \/>\n<meta property=\"og:type\" content=\"article\" \/>\n<meta property=\"og:title\" content=\"INTP - Kezakoo SUP\" \/>\n<meta property=\"og:description\" content=\"Les INTPs, aussi appel\u00e9s &#8220;logiciens&#8221;, constituent seulement 3% de la population, et ils aiment sortir du lot. Les logiciens s&#8217;enorgueillissent de leur esprit inventif et cr\u00e9atif, leur perspective unique et leur intellect raffin\u00e9. Commun\u00e9ment connus sous le nom de philosophe, architecte ou encore professeur r\u00eaveur, les logiciens ont \u00e9t\u00e9 derri\u00e8re plusieurs grandes d\u00e9couvertes par le [&hellip;]\" \/>\n<meta property=\"og:url\" content=\"https:\/\/www.kezakoo.com\/sup\/intp\/\" \/>\n<meta property=\"og:site_name\" content=\"Kezakoo SUP\" \/>\n<meta property=\"article:publisher\" content=\"https:\/\/facebook.com\/kezakoo\" \/>\n<meta property=\"article:modified_time\" content=\"2020-05-12T13:20:59+00:00\" \/>\n<meta property=\"og:image\" content=\"https:\/\/www.kezakoo.com\/sup\/wp-content\/uploads\/2017\/04\/sup.jpg\" \/>\n\t<meta property=\"og:image:width\" content=\"1900\" \/>\n\t<meta property=\"og:image:height\" content=\"1268\" \/>\n\t<meta property=\"og:image:type\" content=\"image\/jpeg\" \/>\n<meta name=\"twitter:card\" content=\"summary_large_image\" \/>\n<meta name=\"twitter:label1\" content=\"Dur\u00e9e de lecture estim\u00e9e\" \/>\n\t<meta name=\"twitter:data1\" content=\"2 minutes\" \/>\n<script type=\"application\/ld+json\" class=\"yoast-schema-graph\">{\"@context\":\"https:\/\/schema.org\",\"@graph\":[{\"@type\":\"WebPage\",\"@id\":\"https:\/\/www.kezakoo.com\/sup\/intp\/\",\"url\":\"https:\/\/www.kezakoo.com\/sup\/intp\/\",\"name\":\"INTP - Kezakoo SUP\",\"isPartOf\":{\"@id\":\"https:\/\/www.kezakoo.com\/sup\/ar\/#website\"},\"datePublished\":\"2019-06-21T20:15:40+00:00\",\"dateModified\":\"2020-05-12T13:20:59+00:00\",\"breadcrumb\":{\"@id\":\"https:\/\/www.kezakoo.com\/sup\/intp\/#breadcrumb\"},\"inLanguage\":\"fr-FR\",\"potentialAction\":[{\"@type\":\"ReadAction\",\"target\":[\"https:\/\/www.kezakoo.com\/sup\/intp\/\"]}]},{\"@type\":\"BreadcrumbList\",\"@id\":\"https:\/\/www.kezakoo.com\/sup\/intp\/#breadcrumb\",\"itemListElement\":[{\"@type\":\"ListItem\",\"position\":1,\"name\":\"Accueil\",\"item\":\"https:\/\/www.kezakoo.com\/sup\/\"},{\"@type\":\"ListItem\",\"position\":2,\"name\":\"INTP\"}]},{\"@type\":\"WebSite\",\"@id\":\"https:\/\/www.kezakoo.com\/sup\/ar\/#website\",\"url\":\"https:\/\/www.kezakoo.com\/sup\/ar\/\",\"name\":\"Kezakoo SUP\",\"description\":\"La r\u00e9f\u00e9rence de l&#039;enseignement sup\u00e9rieur au Maroc\",\"publisher\":{\"@id\":\"https:\/\/www.kezakoo.com\/sup\/ar\/#organization\"},\"potentialAction\":[{\"@type\":\"SearchAction\",\"target\":{\"@type\":\"EntryPoint\",\"urlTemplate\":\"https:\/\/www.kezakoo.com\/sup\/ar\/?s={search_term_string}\"},\"query-input\":{\"@type\":\"PropertyValueSpecification\",\"valueRequired\":true,\"valueName\":\"search_term_string\"}}],\"inLanguage\":\"fr-FR\"},{\"@type\":\"Organization\",\"@id\":\"https:\/\/www.kezakoo.com\/sup\/ar\/#organization\",\"name\":\"Kezakoo\",\"url\":\"https:\/\/www.kezakoo.com\/sup\/ar\/\",\"logo\":{\"@type\":\"ImageObject\",\"inLanguage\":\"fr-FR\",\"@id\":\"https:\/\/www.kezakoo.com\/sup\/ar\/#\/schema\/logo\/image\/\",\"url\":\"https:\/\/kezakoo.com\/sup\/wp-content\/uploads\/2017\/04\/Logo_Kezakoo_black_orange.png\",\"contentUrl\":\"https:\/\/kezakoo.com\/sup\/wp-content\/uploads\/2017\/04\/Logo_Kezakoo_black_orange.png\",\"width\":1086,\"height\":308,\"caption\":\"Kezakoo\"},\"image\":{\"@id\":\"https:\/\/www.kezakoo.com\/sup\/ar\/#\/schema\/logo\/image\/\"},\"sameAs\":[\"https:\/\/facebook.com\/kezakoo\",\"https:\/\/www.linkedin.com\/company\/kezakoo\",\"https:\/\/www.youtube.com\/user\/kezakoo1\"]}]}<\/script>\n<!-- \/ Yoast SEO plugin. -->","yoast_head_json":{"title":"INTP - Kezakoo SUP","robots":{"index":"index","follow":"follow","max-snippet":"max-snippet:-1","max-image-preview":"max-image-preview:large","max-video-preview":"max-video-preview:-1"},"canonical":"https:\/\/www.kezakoo.com\/sup\/intp\/","og_locale":"fr_FR","og_type":"article","og_title":"INTP - Kezakoo SUP","og_description":"Les INTPs, aussi appel\u00e9s &#8220;logiciens&#8221;, constituent seulement 3% de la population, et ils aiment sortir du lot. Les logiciens s&#8217;enorgueillissent de leur esprit inventif et cr\u00e9atif, leur perspective unique et leur intellect raffin\u00e9. Commun\u00e9ment connus sous le nom de philosophe, architecte ou encore professeur r\u00eaveur, les logiciens ont \u00e9t\u00e9 derri\u00e8re plusieurs grandes d\u00e9couvertes par le [&hellip;]","og_url":"https:\/\/www.kezakoo.com\/sup\/intp\/","og_site_name":"Kezakoo SUP","article_publisher":"https:\/\/facebook.com\/kezakoo","article_modified_time":"2020-05-12T13:20:59+00:00","og_image":[{"width":1900,"height":1268,"url":"https:\/\/www.kezakoo.com\/sup\/wp-content\/uploads\/2017\/04\/sup.jpg","type":"image\/jpeg"}],"twitter_card":"summary_large_image","twitter_misc":{"Dur\u00e9e de lecture estim\u00e9e":"2 minutes"},"schema":{"@context":"https:\/\/schema.org","@graph":[{"@type":"WebPage","@id":"https:\/\/www.kezakoo.com\/sup\/intp\/","url":"https:\/\/www.kezakoo.com\/sup\/intp\/","name":"INTP - Kezakoo SUP","isPartOf":{"@id":"https:\/\/www.kezakoo.com\/sup\/ar\/#website"},"datePublished":"2019-06-21T20:15:40+00:00","dateModified":"2020-05-12T13:20:59+00:00","breadcrumb":{"@id":"https:\/\/www.kezakoo.com\/sup\/intp\/#breadcrumb"},"inLanguage":"fr-FR","potentialAction":[{"@type":"ReadAction","target":["https:\/\/www.kezakoo.com\/sup\/intp\/"]}]},{"@type":"BreadcrumbList","@id":"https:\/\/www.kezakoo.com\/sup\/intp\/#breadcrumb","itemListElement":[{"@type":"ListItem","position":1,"name":"Accueil","item":"https:\/\/www.kezakoo.com\/sup\/"},{"@type":"ListItem","position":2,"name":"INTP"}]},{"@type":"WebSite","@id":"https:\/\/www.kezakoo.com\/sup\/ar\/#website","url":"https:\/\/www.kezakoo.com\/sup\/ar\/","name":"Kezakoo SUP","description":"La r\u00e9f\u00e9rence de l&#039;enseignement sup\u00e9rieur au Maroc","publisher":{"@id":"https:\/\/www.kezakoo.com\/sup\/ar\/#organization"},"potentialAction":[{"@type":"SearchAction","target":{"@type":"EntryPoint","urlTemplate":"https:\/\/www.kezakoo.com\/sup\/ar\/?s={search_term_string}"},"query-input":{"@type":"PropertyValueSpecification","valueRequired":true,"valueName":"search_term_string"}}],"inLanguage":"fr-FR"},{"@type":"Organization","@id":"https:\/\/www.kezakoo.com\/sup\/ar\/#organization","name":"Kezakoo","url":"https:\/\/www.kezakoo.com\/sup\/ar\/","logo":{"@type":"ImageObject","inLanguage":"fr-FR","@id":"https:\/\/www.kezakoo.com\/sup\/ar\/#\/schema\/logo\/image\/","url":"https:\/\/kezakoo.com\/sup\/wp-content\/uploads\/2017\/04\/Logo_Kezakoo_black_orange.png","contentUrl":"https:\/\/kezakoo.com\/sup\/wp-content\/uploads\/2017\/04\/Logo_Kezakoo_black_orange.png","width":1086,"height":308,"caption":"Kezakoo"},"image":{"@id":"https:\/\/www.kezakoo.com\/sup\/ar\/#\/schema\/logo\/image\/"},"sameAs":["https:\/\/facebook.com\/kezakoo","https:\/\/www.linkedin.com\/company\/kezakoo","https:\/\/www.youtube.com\/user\/kezakoo1"]}]}},"lang":"fr","translations":{"ar":4573,"fr":2911},"pll_sync_post":[],"_links":{"self":[{"href":"https:\/\/www.kezakoo.com\/sup\/wp-json\/wp\/v2\/pages\/2911","targetHints":{"allow":["GET"]}}],"collection":[{"href":"https:\/\/www.kezakoo.com\/sup\/wp-json\/wp\/v2\/pages"}],"about":[{"href":"https:\/\/www.kezakoo.com\/sup\/wp-json\/wp\/v2\/types\/page"}],"author":[{"embeddable":true,"href":"https:\/\/www.kezakoo.com\/sup\/wp-json\/wp\/v2\/users\/1"}],"replies":[{"embeddable":true,"href":"https:\/\/www.kezakoo.com\/sup\/wp-json\/wp\/v2\/comments?post=2911"}],"version-history":[{"count":7,"href":"https:\/\/www.kezakoo.com\/sup\/wp-json\/wp\/v2\/pages\/2911\/revisions"}],"predecessor-version":[{"id":3728,"href":"https:\/\/www.kezakoo.com\/sup\/wp-json\/wp\/v2\/pages\/2911\/revisions\/3728"}],"wp:attachment":[{"href":"https:\/\/www.kezakoo.com\/sup\/wp-json\/wp\/v2\/media?parent=2911"}],"curies":[{"name":"wp","href":"https:\/\/api.w.org\/{rel}","templated":true}]}}