{"id":2926,"date":"2019-06-24T16:40:56","date_gmt":"2019-06-24T14:40:56","guid":{"rendered":"https:\/\/sup.kezakoo.com\/?page_id=2926"},"modified":"2020-05-12T17:26:28","modified_gmt":"2020-05-12T15:26:28","slug":"infj","status":"publish","type":"page","link":"https:\/\/www.kezakoo.com\/sup\/infj\/","title":{"rendered":"INFJ"},"content":{"rendered":"<p>La personnalit\u00e9 INFJ est la personnalit\u00e9 la plus rare des 16 types de personnalit\u00e9. Les personnes dot\u00e9es de la personnalit\u00e9 INFJ sont des \u00e9ducateurs cr\u00e9atifs qui ont un sens aigu de l&#8217;int\u00e9grit\u00e9 personnelle et une volont\u00e9 d&#8217;aider les autres \u00e0 r\u00e9aliser leur potentiel et \u00e0 relever leurs d\u00e9fis avec des solutions originales.<\/p>\n<p>Les INFJ ont une capacit\u00e9 unique \u00e0 d\u00e9celer les \u00e9motions et les motivations des autres gr\u00e2ce \u00e0 leur intuition. Ils savent souvent ce que ressent quelqu&#8217;un d&#8217;autre avant que cette personne ne le sache elle-m\u00eame. Les INFJ ont confiance en leurs id\u00e9es sur les autres et croient fermement en leur capacit\u00e9 \u00e0 lire les gens. Bien que sensibles, ils sont r\u00e9serv\u00e9s et en quelque sorte s\u00e9lectif dans le partage de leurs pens\u00e9es et de leurs sentiments.<\/p>\n<p>Les INFJ sont guid\u00e9s par un ensemble de valeurs personnelles profond\u00e9ment r\u00e9fl\u00e9chies. Ils sont intens\u00e9ment id\u00e9alistes et peuvent imaginer un avenir plus heureux et plus parfait avec beaucoup de clart\u00e9. Ils peuvent \u00eatre d\u00e9courag\u00e9s par les dures r\u00e9alit\u00e9s du pr\u00e9sent, mais sont g\u00e9n\u00e9ralement motiv\u00e9s et persistent \u00e0 prendre des mesures positives. Ils ressentent une volont\u00e9 intrins\u00e8que de faire ce qu&#8217;ils peuvent pour rendre le monde meilleur.<\/p>\n<p>Les INFJ souhaitent une vie significative et des liens profonds avec d&#8217;autres personnes. Ils n&#8217;ont pas tendance \u00e0 se d\u00e9voiler librement, mais appr\u00e9cient l&#8217;intimit\u00e9 \u00e9motionnelle avec une poign\u00e9e de personnes bien choisies. Bien que leur vie int\u00e9rieure riche et complexe puisse parfois les faire para\u00eetre myst\u00e9rieux aux yeux des autres, ils appr\u00e9cient profond\u00e9ment les liens authentiques avec les gens en qui ils font confiance.<\/p>\n","protected":false},"excerpt":{"rendered":"<p>La personnalit\u00e9 INFJ est la personnalit\u00e9 la plus rare des 16 types de personnalit\u00e9. Les personnes dot\u00e9es de la personnalit\u00e9 INFJ sont des \u00e9ducateurs cr\u00e9atifs qui ont un sens aigu de l&#8217;int\u00e9grit\u00e9 personnelle et une volont\u00e9 d&#8217;aider les autres \u00e0 r\u00e9aliser leur potentiel et \u00e0 relever leurs d\u00e9fis avec des solutions originales. Les INFJ ont [&hellip;]<\/p>\n","protected":false},"author":1,"featured_media":0,"parent":0,"menu_order":0,"comment_status":"closed","ping_status":"closed","template":"personality-page.php","meta":{"_acf_changed":false,"footnotes":""},"class_list":["post-2926","page","type-page","status-publish","hentry"],"acf":[],"yoast_head":"<!-- This site is optimized with the Yoast SEO plugin v26.7 - https:\/\/yoast.com\/wordpress\/plugins\/seo\/ -->\n<title>INFJ - Kezakoo SUP<\/title>\n<meta name=\"robots\" content=\"index, follow, max-snippet:-1, max-image-preview:large, max-video-preview:-1\" \/>\n<link rel=\"canonical\" href=\"https:\/\/www.kezakoo.com\/sup\/infj\/\" \/>\n<meta property=\"og:locale\" content=\"fr_FR\" \/>\n<meta property=\"og:type\" content=\"article\" \/>\n<meta property=\"og:title\" content=\"INFJ - Kezakoo SUP\" \/>\n<meta property=\"og:description\" content=\"La personnalit\u00e9 INFJ est la personnalit\u00e9 la plus rare des 16 types de personnalit\u00e9. Les personnes dot\u00e9es de la personnalit\u00e9 INFJ sont des \u00e9ducateurs cr\u00e9atifs qui ont un sens aigu de l&#8217;int\u00e9grit\u00e9 personnelle et une volont\u00e9 d&#8217;aider les autres \u00e0 r\u00e9aliser leur potentiel et \u00e0 relever leurs d\u00e9fis avec des solutions originales. Les INFJ ont [&hellip;]\" \/>\n<meta property=\"og:url\" content=\"https:\/\/www.kezakoo.com\/sup\/infj\/\" \/>\n<meta property=\"og:site_name\" content=\"Kezakoo SUP\" \/>\n<meta property=\"article:publisher\" content=\"https:\/\/facebook.com\/kezakoo\" \/>\n<meta property=\"article:modified_time\" content=\"2020-05-12T15:26:28+00:00\" \/>\n<meta property=\"og:image\" content=\"https:\/\/www.kezakoo.com\/sup\/wp-content\/uploads\/2017\/04\/sup.jpg\" \/>\n\t<meta property=\"og:image:width\" content=\"1900\" \/>\n\t<meta property=\"og:image:height\" content=\"1268\" \/>\n\t<meta property=\"og:image:type\" content=\"image\/jpeg\" \/>\n<meta name=\"twitter:card\" content=\"summary_large_image\" \/>\n<meta name=\"twitter:label1\" content=\"Dur\u00e9e de lecture estim\u00e9e\" \/>\n\t<meta name=\"twitter:data1\" content=\"1 minute\" \/>\n<script type=\"application\/ld+json\" class=\"yoast-schema-graph\">{\"@context\":\"https:\/\/schema.org\",\"@graph\":[{\"@type\":\"WebPage\",\"@id\":\"https:\/\/www.kezakoo.com\/sup\/infj\/\",\"url\":\"https:\/\/www.kezakoo.com\/sup\/infj\/\",\"name\":\"INFJ - Kezakoo SUP\",\"isPartOf\":{\"@id\":\"https:\/\/www.kezakoo.com\/sup\/ar\/#website\"},\"datePublished\":\"2019-06-24T14:40:56+00:00\",\"dateModified\":\"2020-05-12T15:26:28+00:00\",\"breadcrumb\":{\"@id\":\"https:\/\/www.kezakoo.com\/sup\/infj\/#breadcrumb\"},\"inLanguage\":\"fr-FR\",\"potentialAction\":[{\"@type\":\"ReadAction\",\"target\":[\"https:\/\/www.kezakoo.com\/sup\/infj\/\"]}]},{\"@type\":\"BreadcrumbList\",\"@id\":\"https:\/\/www.kezakoo.com\/sup\/infj\/#breadcrumb\",\"itemListElement\":[{\"@type\":\"ListItem\",\"position\":1,\"name\":\"Accueil\",\"item\":\"https:\/\/www.kezakoo.com\/sup\/\"},{\"@type\":\"ListItem\",\"position\":2,\"name\":\"INFJ\"}]},{\"@type\":\"WebSite\",\"@id\":\"https:\/\/www.kezakoo.com\/sup\/ar\/#website\",\"url\":\"https:\/\/www.kezakoo.com\/sup\/ar\/\",\"name\":\"Kezakoo SUP\",\"description\":\"La r\u00e9f\u00e9rence de l&#039;enseignement sup\u00e9rieur au Maroc\",\"publisher\":{\"@id\":\"https:\/\/www.kezakoo.com\/sup\/ar\/#organization\"},\"potentialAction\":[{\"@type\":\"SearchAction\",\"target\":{\"@type\":\"EntryPoint\",\"urlTemplate\":\"https:\/\/www.kezakoo.com\/sup\/ar\/?s={search_term_string}\"},\"query-input\":{\"@type\":\"PropertyValueSpecification\",\"valueRequired\":true,\"valueName\":\"search_term_string\"}}],\"inLanguage\":\"fr-FR\"},{\"@type\":\"Organization\",\"@id\":\"https:\/\/www.kezakoo.com\/sup\/ar\/#organization\",\"name\":\"Kezakoo\",\"url\":\"https:\/\/www.kezakoo.com\/sup\/ar\/\",\"logo\":{\"@type\":\"ImageObject\",\"inLanguage\":\"fr-FR\",\"@id\":\"https:\/\/www.kezakoo.com\/sup\/ar\/#\/schema\/logo\/image\/\",\"url\":\"https:\/\/kezakoo.com\/sup\/wp-content\/uploads\/2017\/04\/Logo_Kezakoo_black_orange.png\",\"contentUrl\":\"https:\/\/kezakoo.com\/sup\/wp-content\/uploads\/2017\/04\/Logo_Kezakoo_black_orange.png\",\"width\":1086,\"height\":308,\"caption\":\"Kezakoo\"},\"image\":{\"@id\":\"https:\/\/www.kezakoo.com\/sup\/ar\/#\/schema\/logo\/image\/\"},\"sameAs\":[\"https:\/\/facebook.com\/kezakoo\",\"https:\/\/www.linkedin.com\/company\/kezakoo\",\"https:\/\/www.youtube.com\/user\/kezakoo1\"]}]}<\/script>\n<!-- \/ Yoast SEO plugin. -->","yoast_head_json":{"title":"INFJ - Kezakoo SUP","robots":{"index":"index","follow":"follow","max-snippet":"max-snippet:-1","max-image-preview":"max-image-preview:large","max-video-preview":"max-video-preview:-1"},"canonical":"https:\/\/www.kezakoo.com\/sup\/infj\/","og_locale":"fr_FR","og_type":"article","og_title":"INFJ - Kezakoo SUP","og_description":"La personnalit\u00e9 INFJ est la personnalit\u00e9 la plus rare des 16 types de personnalit\u00e9. Les personnes dot\u00e9es de la personnalit\u00e9 INFJ sont des \u00e9ducateurs cr\u00e9atifs qui ont un sens aigu de l&#8217;int\u00e9grit\u00e9 personnelle et une volont\u00e9 d&#8217;aider les autres \u00e0 r\u00e9aliser leur potentiel et \u00e0 relever leurs d\u00e9fis avec des solutions originales. Les INFJ ont [&hellip;]","og_url":"https:\/\/www.kezakoo.com\/sup\/infj\/","og_site_name":"Kezakoo SUP","article_publisher":"https:\/\/facebook.com\/kezakoo","article_modified_time":"2020-05-12T15:26:28+00:00","og_image":[{"width":1900,"height":1268,"url":"https:\/\/www.kezakoo.com\/sup\/wp-content\/uploads\/2017\/04\/sup.jpg","type":"image\/jpeg"}],"twitter_card":"summary_large_image","twitter_misc":{"Dur\u00e9e de lecture estim\u00e9e":"1 minute"},"schema":{"@context":"https:\/\/schema.org","@graph":[{"@type":"WebPage","@id":"https:\/\/www.kezakoo.com\/sup\/infj\/","url":"https:\/\/www.kezakoo.com\/sup\/infj\/","name":"INFJ - Kezakoo SUP","isPartOf":{"@id":"https:\/\/www.kezakoo.com\/sup\/ar\/#website"},"datePublished":"2019-06-24T14:40:56+00:00","dateModified":"2020-05-12T15:26:28+00:00","breadcrumb":{"@id":"https:\/\/www.kezakoo.com\/sup\/infj\/#breadcrumb"},"inLanguage":"fr-FR","potentialAction":[{"@type":"ReadAction","target":["https:\/\/www.kezakoo.com\/sup\/infj\/"]}]},{"@type":"BreadcrumbList","@id":"https:\/\/www.kezakoo.com\/sup\/infj\/#breadcrumb","itemListElement":[{"@type":"ListItem","position":1,"name":"Accueil","item":"https:\/\/www.kezakoo.com\/sup\/"},{"@type":"ListItem","position":2,"name":"INFJ"}]},{"@type":"WebSite","@id":"https:\/\/www.kezakoo.com\/sup\/ar\/#website","url":"https:\/\/www.kezakoo.com\/sup\/ar\/","name":"Kezakoo SUP","description":"La r\u00e9f\u00e9rence de l&#039;enseignement sup\u00e9rieur au Maroc","publisher":{"@id":"https:\/\/www.kezakoo.com\/sup\/ar\/#organization"},"potentialAction":[{"@type":"SearchAction","target":{"@type":"EntryPoint","urlTemplate":"https:\/\/www.kezakoo.com\/sup\/ar\/?s={search_term_string}"},"query-input":{"@type":"PropertyValueSpecification","valueRequired":true,"valueName":"search_term_string"}}],"inLanguage":"fr-FR"},{"@type":"Organization","@id":"https:\/\/www.kezakoo.com\/sup\/ar\/#organization","name":"Kezakoo","url":"https:\/\/www.kezakoo.com\/sup\/ar\/","logo":{"@type":"ImageObject","inLanguage":"fr-FR","@id":"https:\/\/www.kezakoo.com\/sup\/ar\/#\/schema\/logo\/image\/","url":"https:\/\/kezakoo.com\/sup\/wp-content\/uploads\/2017\/04\/Logo_Kezakoo_black_orange.png","contentUrl":"https:\/\/kezakoo.com\/sup\/wp-content\/uploads\/2017\/04\/Logo_Kezakoo_black_orange.png","width":1086,"height":308,"caption":"Kezakoo"},"image":{"@id":"https:\/\/www.kezakoo.com\/sup\/ar\/#\/schema\/logo\/image\/"},"sameAs":["https:\/\/facebook.com\/kezakoo","https:\/\/www.linkedin.com\/company\/kezakoo","https:\/\/www.youtube.com\/user\/kezakoo1"]}]}},"lang":"fr","translations":{"ar":4745,"fr":2926},"pll_sync_post":[],"_links":{"self":[{"href":"https:\/\/www.kezakoo.com\/sup\/wp-json\/wp\/v2\/pages\/2926","targetHints":{"allow":["GET"]}}],"collection":[{"href":"https:\/\/www.kezakoo.com\/sup\/wp-json\/wp\/v2\/pages"}],"about":[{"href":"https:\/\/www.kezakoo.com\/sup\/wp-json\/wp\/v2\/types\/page"}],"author":[{"embeddable":true,"href":"https:\/\/www.kezakoo.com\/sup\/wp-json\/wp\/v2\/users\/1"}],"replies":[{"embeddable":true,"href":"https:\/\/www.kezakoo.com\/sup\/wp-json\/wp\/v2\/comments?post=2926"}],"version-history":[{"count":7,"href":"https:\/\/www.kezakoo.com\/sup\/wp-json\/wp\/v2\/pages\/2926\/revisions"}],"predecessor-version":[{"id":3731,"href":"https:\/\/www.kezakoo.com\/sup\/wp-json\/wp\/v2\/pages\/2926\/revisions\/3731"}],"wp:attachment":[{"href":"https:\/\/www.kezakoo.com\/sup\/wp-json\/wp\/v2\/media?parent=2926"}],"curies":[{"name":"wp","href":"https:\/\/api.w.org\/{rel}","templated":true}]}}