{"id":2928,"date":"2019-06-24T16:42:27","date_gmt":"2019-06-24T14:42:27","guid":{"rendered":"https:\/\/sup.kezakoo.com\/?page_id=2928"},"modified":"2019-07-13T00:56:31","modified_gmt":"2019-07-12T22:56:31","slug":"entp","status":"publish","type":"page","link":"https:\/\/www.kezakoo.com\/sup\/entp\/","title":{"rendered":"ENTP"},"content":{"rendered":"<p>Les ENTP sont parfois appel\u00e9es personnalit\u00e9s visionnaires en raison de leur passion pour les id\u00e9es nouvelles et innovantes.<\/p>\n<p>Si tu es un ENTP, alors tu dois \u00eatre un innovateur inspir\u00e9, motiv\u00e9 \u00e0 trouver de nouvelles solutions \u00e0 des probl\u00e8mes intellectuellement difficiles.<\/p>\n<p>Tu es curieux et intelligent, et tu cherches toujours \u00e0 comprendre les gens, les syst\u00e8mes et les principes qui t&#8217;entourent. Ouvert d&#8217;esprit et non conventionnel, tu aimes beaucoup analyser, comprendre et influencer les autres.<\/p>\n<p>Tu aimes jouer avec les id\u00e9es et surtout plaisanter avec les autres. Tu utilises ton esprit vif et ta ma\u00eetrise du langage pour garder le dessus sur les autres, souvent en te moquant joyeusement de leurs habitudes et de leurs excentricit\u00e9s. Tu es g\u00e9n\u00e9ralement heureux de vivre et de laisser vivre, tu portes rarement des jugements mais tu peux avoir peu de patience avec les gens qui ne peuvent pas te suivre.<\/p>\n<h3>Qu&#8217;est ce qui motive un ENTP ?<\/h3>\n<p>Si tu es un ENTP, alors tu es quelqu&#8217;un de stimul\u00e9 par les d\u00e9fis et souvent inspir\u00e9 par des probl\u00e8mes que les autres per\u00e7oivent comme impossible \u00e0 r\u00e9soudre. Tu as confiance en tes capacit\u00e9s de penser de fa\u00e7on cr\u00e9ative et tu peux supposer que les autres sont trop limit\u00e9s pour adopter une nouvelle fa\u00e7on de penser. Tu es un visionnaire qui compte sur son ing\u00e9niosit\u00e9 pour faire face au monde qui l&#8217;entoure et trouve rarement n\u00e9cessaire de s&#8217;y pr\u00e9parer. Tu sauteras souvent dans une nouvelle situation et auras confiance en toi-m\u00eame pour t&#8217;adapter au fur et \u00e0 mesure.<\/p>\n<p>En tant qu&#8217;ENTP, tu es pass\u00e9 ma\u00eetre dans l&#8217;art de r\u00e9inventer la roue et refuses souvent de faire une t\u00e2che de la m\u00eame fa\u00e7on deux fois. Tu remets en question les normes et les ignores souvent compl\u00e8tement.<\/p>\n","protected":false},"excerpt":{"rendered":"<p>Les ENTP sont parfois appel\u00e9es personnalit\u00e9s visionnaires en raison de leur passion pour les id\u00e9es nouvelles et innovantes. Si tu es un ENTP, alors tu dois \u00eatre un innovateur inspir\u00e9, motiv\u00e9 \u00e0 trouver de nouvelles solutions \u00e0 des probl\u00e8mes intellectuellement difficiles. Tu es curieux et intelligent, et tu cherches toujours \u00e0 comprendre les gens, les [&hellip;]<\/p>\n","protected":false},"author":1,"featured_media":0,"parent":0,"menu_order":0,"comment_status":"closed","ping_status":"closed","template":"personality-page.php","meta":{"_acf_changed":false,"footnotes":""},"class_list":["post-2928","page","type-page","status-publish","hentry"],"acf":[],"yoast_head":"<!-- This site is optimized with the Yoast SEO plugin v26.7 - https:\/\/yoast.com\/wordpress\/plugins\/seo\/ -->\n<title>ENTP - Kezakoo SUP<\/title>\n<meta name=\"robots\" content=\"index, follow, max-snippet:-1, max-image-preview:large, max-video-preview:-1\" \/>\n<link rel=\"canonical\" href=\"https:\/\/www.kezakoo.com\/sup\/entp\/\" \/>\n<meta property=\"og:locale\" content=\"fr_FR\" \/>\n<meta property=\"og:type\" content=\"article\" \/>\n<meta property=\"og:title\" content=\"ENTP - Kezakoo SUP\" \/>\n<meta property=\"og:description\" content=\"Les ENTP sont parfois appel\u00e9es personnalit\u00e9s visionnaires en raison de leur passion pour les id\u00e9es nouvelles et innovantes. Si tu es un ENTP, alors tu dois \u00eatre un innovateur inspir\u00e9, motiv\u00e9 \u00e0 trouver de nouvelles solutions \u00e0 des probl\u00e8mes intellectuellement difficiles. Tu es curieux et intelligent, et tu cherches toujours \u00e0 comprendre les gens, les [&hellip;]\" \/>\n<meta property=\"og:url\" content=\"https:\/\/www.kezakoo.com\/sup\/entp\/\" \/>\n<meta property=\"og:site_name\" content=\"Kezakoo SUP\" \/>\n<meta property=\"article:publisher\" content=\"https:\/\/facebook.com\/kezakoo\" \/>\n<meta property=\"article:modified_time\" content=\"2019-07-12T22:56:31+00:00\" \/>\n<meta property=\"og:image\" content=\"https:\/\/www.kezakoo.com\/sup\/wp-content\/uploads\/2017\/04\/sup.jpg\" \/>\n\t<meta property=\"og:image:width\" content=\"1900\" \/>\n\t<meta property=\"og:image:height\" content=\"1268\" \/>\n\t<meta property=\"og:image:type\" content=\"image\/jpeg\" \/>\n<meta name=\"twitter:card\" content=\"summary_large_image\" \/>\n<meta name=\"twitter:label1\" content=\"Dur\u00e9e de lecture estim\u00e9e\" \/>\n\t<meta name=\"twitter:data1\" content=\"2 minutes\" \/>\n<script type=\"application\/ld+json\" class=\"yoast-schema-graph\">{\"@context\":\"https:\/\/schema.org\",\"@graph\":[{\"@type\":\"WebPage\",\"@id\":\"https:\/\/www.kezakoo.com\/sup\/entp\/\",\"url\":\"https:\/\/www.kezakoo.com\/sup\/entp\/\",\"name\":\"ENTP - Kezakoo SUP\",\"isPartOf\":{\"@id\":\"https:\/\/www.kezakoo.com\/sup\/ar\/#website\"},\"datePublished\":\"2019-06-24T14:42:27+00:00\",\"dateModified\":\"2019-07-12T22:56:31+00:00\",\"breadcrumb\":{\"@id\":\"https:\/\/www.kezakoo.com\/sup\/entp\/#breadcrumb\"},\"inLanguage\":\"fr-FR\",\"potentialAction\":[{\"@type\":\"ReadAction\",\"target\":[\"https:\/\/www.kezakoo.com\/sup\/entp\/\"]}]},{\"@type\":\"BreadcrumbList\",\"@id\":\"https:\/\/www.kezakoo.com\/sup\/entp\/#breadcrumb\",\"itemListElement\":[{\"@type\":\"ListItem\",\"position\":1,\"name\":\"Accueil\",\"item\":\"https:\/\/www.kezakoo.com\/sup\/\"},{\"@type\":\"ListItem\",\"position\":2,\"name\":\"ENTP\"}]},{\"@type\":\"WebSite\",\"@id\":\"https:\/\/www.kezakoo.com\/sup\/ar\/#website\",\"url\":\"https:\/\/www.kezakoo.com\/sup\/ar\/\",\"name\":\"Kezakoo SUP\",\"description\":\"La r\u00e9f\u00e9rence de l&#039;enseignement sup\u00e9rieur au Maroc\",\"publisher\":{\"@id\":\"https:\/\/www.kezakoo.com\/sup\/ar\/#organization\"},\"potentialAction\":[{\"@type\":\"SearchAction\",\"target\":{\"@type\":\"EntryPoint\",\"urlTemplate\":\"https:\/\/www.kezakoo.com\/sup\/ar\/?s={search_term_string}\"},\"query-input\":{\"@type\":\"PropertyValueSpecification\",\"valueRequired\":true,\"valueName\":\"search_term_string\"}}],\"inLanguage\":\"fr-FR\"},{\"@type\":\"Organization\",\"@id\":\"https:\/\/www.kezakoo.com\/sup\/ar\/#organization\",\"name\":\"Kezakoo\",\"url\":\"https:\/\/www.kezakoo.com\/sup\/ar\/\",\"logo\":{\"@type\":\"ImageObject\",\"inLanguage\":\"fr-FR\",\"@id\":\"https:\/\/www.kezakoo.com\/sup\/ar\/#\/schema\/logo\/image\/\",\"url\":\"https:\/\/kezakoo.com\/sup\/wp-content\/uploads\/2017\/04\/Logo_Kezakoo_black_orange.png\",\"contentUrl\":\"https:\/\/kezakoo.com\/sup\/wp-content\/uploads\/2017\/04\/Logo_Kezakoo_black_orange.png\",\"width\":1086,\"height\":308,\"caption\":\"Kezakoo\"},\"image\":{\"@id\":\"https:\/\/www.kezakoo.com\/sup\/ar\/#\/schema\/logo\/image\/\"},\"sameAs\":[\"https:\/\/facebook.com\/kezakoo\",\"https:\/\/www.linkedin.com\/company\/kezakoo\",\"https:\/\/www.youtube.com\/user\/kezakoo1\"]}]}<\/script>\n<!-- \/ Yoast SEO plugin. -->","yoast_head_json":{"title":"ENTP - Kezakoo SUP","robots":{"index":"index","follow":"follow","max-snippet":"max-snippet:-1","max-image-preview":"max-image-preview:large","max-video-preview":"max-video-preview:-1"},"canonical":"https:\/\/www.kezakoo.com\/sup\/entp\/","og_locale":"fr_FR","og_type":"article","og_title":"ENTP - Kezakoo SUP","og_description":"Les ENTP sont parfois appel\u00e9es personnalit\u00e9s visionnaires en raison de leur passion pour les id\u00e9es nouvelles et innovantes. Si tu es un ENTP, alors tu dois \u00eatre un innovateur inspir\u00e9, motiv\u00e9 \u00e0 trouver de nouvelles solutions \u00e0 des probl\u00e8mes intellectuellement difficiles. Tu es curieux et intelligent, et tu cherches toujours \u00e0 comprendre les gens, les [&hellip;]","og_url":"https:\/\/www.kezakoo.com\/sup\/entp\/","og_site_name":"Kezakoo SUP","article_publisher":"https:\/\/facebook.com\/kezakoo","article_modified_time":"2019-07-12T22:56:31+00:00","og_image":[{"width":1900,"height":1268,"url":"https:\/\/www.kezakoo.com\/sup\/wp-content\/uploads\/2017\/04\/sup.jpg","type":"image\/jpeg"}],"twitter_card":"summary_large_image","twitter_misc":{"Dur\u00e9e de lecture estim\u00e9e":"2 minutes"},"schema":{"@context":"https:\/\/schema.org","@graph":[{"@type":"WebPage","@id":"https:\/\/www.kezakoo.com\/sup\/entp\/","url":"https:\/\/www.kezakoo.com\/sup\/entp\/","name":"ENTP - Kezakoo SUP","isPartOf":{"@id":"https:\/\/www.kezakoo.com\/sup\/ar\/#website"},"datePublished":"2019-06-24T14:42:27+00:00","dateModified":"2019-07-12T22:56:31+00:00","breadcrumb":{"@id":"https:\/\/www.kezakoo.com\/sup\/entp\/#breadcrumb"},"inLanguage":"fr-FR","potentialAction":[{"@type":"ReadAction","target":["https:\/\/www.kezakoo.com\/sup\/entp\/"]}]},{"@type":"BreadcrumbList","@id":"https:\/\/www.kezakoo.com\/sup\/entp\/#breadcrumb","itemListElement":[{"@type":"ListItem","position":1,"name":"Accueil","item":"https:\/\/www.kezakoo.com\/sup\/"},{"@type":"ListItem","position":2,"name":"ENTP"}]},{"@type":"WebSite","@id":"https:\/\/www.kezakoo.com\/sup\/ar\/#website","url":"https:\/\/www.kezakoo.com\/sup\/ar\/","name":"Kezakoo SUP","description":"La r\u00e9f\u00e9rence de l&#039;enseignement sup\u00e9rieur au Maroc","publisher":{"@id":"https:\/\/www.kezakoo.com\/sup\/ar\/#organization"},"potentialAction":[{"@type":"SearchAction","target":{"@type":"EntryPoint","urlTemplate":"https:\/\/www.kezakoo.com\/sup\/ar\/?s={search_term_string}"},"query-input":{"@type":"PropertyValueSpecification","valueRequired":true,"valueName":"search_term_string"}}],"inLanguage":"fr-FR"},{"@type":"Organization","@id":"https:\/\/www.kezakoo.com\/sup\/ar\/#organization","name":"Kezakoo","url":"https:\/\/www.kezakoo.com\/sup\/ar\/","logo":{"@type":"ImageObject","inLanguage":"fr-FR","@id":"https:\/\/www.kezakoo.com\/sup\/ar\/#\/schema\/logo\/image\/","url":"https:\/\/kezakoo.com\/sup\/wp-content\/uploads\/2017\/04\/Logo_Kezakoo_black_orange.png","contentUrl":"https:\/\/kezakoo.com\/sup\/wp-content\/uploads\/2017\/04\/Logo_Kezakoo_black_orange.png","width":1086,"height":308,"caption":"Kezakoo"},"image":{"@id":"https:\/\/www.kezakoo.com\/sup\/ar\/#\/schema\/logo\/image\/"},"sameAs":["https:\/\/facebook.com\/kezakoo","https:\/\/www.linkedin.com\/company\/kezakoo","https:\/\/www.youtube.com\/user\/kezakoo1"]}]}},"lang":"fr","translations":{"ar":4672,"fr":2928},"pll_sync_post":[],"_links":{"self":[{"href":"https:\/\/www.kezakoo.com\/sup\/wp-json\/wp\/v2\/pages\/2928","targetHints":{"allow":["GET"]}}],"collection":[{"href":"https:\/\/www.kezakoo.com\/sup\/wp-json\/wp\/v2\/pages"}],"about":[{"href":"https:\/\/www.kezakoo.com\/sup\/wp-json\/wp\/v2\/types\/page"}],"author":[{"embeddable":true,"href":"https:\/\/www.kezakoo.com\/sup\/wp-json\/wp\/v2\/users\/1"}],"replies":[{"embeddable":true,"href":"https:\/\/www.kezakoo.com\/sup\/wp-json\/wp\/v2\/comments?post=2928"}],"version-history":[{"count":10,"href":"https:\/\/www.kezakoo.com\/sup\/wp-json\/wp\/v2\/pages\/2928\/revisions"}],"predecessor-version":[{"id":3347,"href":"https:\/\/www.kezakoo.com\/sup\/wp-json\/wp\/v2\/pages\/2928\/revisions\/3347"}],"wp:attachment":[{"href":"https:\/\/www.kezakoo.com\/sup\/wp-json\/wp\/v2\/media?parent=2928"}],"curies":[{"name":"wp","href":"https:\/\/api.w.org\/{rel}","templated":true}]}}