{"id":2932,"date":"2019-06-24T16:42:56","date_gmt":"2019-06-24T14:42:56","guid":{"rendered":"https:\/\/sup.kezakoo.com\/?page_id=2932"},"modified":"2019-07-13T01:26:58","modified_gmt":"2019-07-12T23:26:58","slug":"entj","status":"publish","type":"page","link":"https:\/\/www.kezakoo.com\/sup\/entj\/","title":{"rendered":"ENTJ"},"content":{"rendered":"<p><span style=\"font-weight: 400;\">Tu es un leader strat\u00e9gique, motiv\u00e9 \u00e0 organiser le changement. Tu es prompt \u00e0 constater l&#8217;inefficacit\u00e9 et \u00e0 conceptualiser de nouvelles solutions, et aimes \u00e9laborer des plans pour r\u00e9aliser une vision long-terme. Tu excelles dans le raisonnement logique et es g\u00e9n\u00e9ralement articul\u00e9 et rapide d&#8217;esprit.<\/span><\/p>\n<p><span style=\"font-weight: 400;\">Analytique et objectif, tu aimes mettre de l&#8217;ordre dans le monde qui t\u2019entoure. Quand il y a des failles dans un syst\u00e8me, tu les vois et appr\u00e9cies le processus de d\u00e9couverte et de mise en \u0153uvre d&#8217;une fa\u00e7on plus optimale de faire les choses. Tu es assertif et tu aimes prendre les choses en main ; tu vois ton r\u00f4le comme celui d&#8217;un leader et d&#8217;un gestionnaire, organisant les personnes et les processus pour atteindre leurs objectifs.<\/span><\/p>\n<p>&nbsp;<\/p>\n<h3><b>Qu\u2019est ce qui te motive ?\u00a0<\/b><\/h3>\n<p><span style=\"font-weight: 400;\">Tu es souvent tr\u00e8s motiv\u00e9 par le succ\u00e8s dans ta carri\u00e8re et tu appr\u00e9cies le travail acharn\u00e9. Tu es ambitieux et d\u00e9sireux d&#8217;acqu\u00e9rir du pouvoir et de l&#8217;influence. Pour toi, la prise de d\u00e9cision est une v\u00e9ritable vocation. Tu veux \u00eatre en mesure de faire la demande et de mettre les plans en oeuvre.<\/span><\/p>\n<p><span style=\"font-weight: 400;\">Tu as tendance \u00e0 \u00eatre direct et d\u00e9cisif. Pouss\u00e9 \u00e0 faire avancer les choses, tu peux parfois \u00eatre critique ou brusque dans la poursuite d&#8217;un objectif. Tu es typiquement amical et extraverti, bien que tu ne t&#8217;int\u00e9resses pas toujours aux sentiments des autres personnes. Tu aimes souvent travailler avec d&#8217;autres personnes pour atteindre un but commun, mais tu peux ne pas trouver le temps de t&#8217;occuper de leurs sentiments. Tu es ax\u00e9 sur les r\u00e9sultats et souhaites \u00eatre productif, comp\u00e9tent et influent.<\/span><\/p>\n<p>&nbsp;<\/p>\n<h3><strong>Personnalit\u00e9s ENTJ c\u00e9l\u00e8bres :<\/strong><\/h3>\n<p>Steve Jobs, Harrison Ford, Margaret Thatcher, Franklin Roosevelt, Jim Carrey<\/p>\n","protected":false},"excerpt":{"rendered":"<p>Tu es un leader strat\u00e9gique, motiv\u00e9 \u00e0 organiser le changement. Tu es prompt \u00e0 constater l&#8217;inefficacit\u00e9 et \u00e0 conceptualiser de nouvelles solutions, et aimes \u00e9laborer des plans pour r\u00e9aliser une vision long-terme. Tu excelles dans le raisonnement logique et es g\u00e9n\u00e9ralement articul\u00e9 et rapide d&#8217;esprit. Analytique et objectif, tu aimes mettre de l&#8217;ordre dans le [&hellip;]<\/p>\n","protected":false},"author":1,"featured_media":0,"parent":0,"menu_order":0,"comment_status":"closed","ping_status":"closed","template":"personality-page.php","meta":{"_acf_changed":false,"footnotes":""},"class_list":["post-2932","page","type-page","status-publish","hentry"],"acf":[],"yoast_head":"<!-- This site is optimized with the Yoast SEO plugin v26.7 - https:\/\/yoast.com\/wordpress\/plugins\/seo\/ -->\n<title>ENTJ - Kezakoo SUP<\/title>\n<meta name=\"robots\" content=\"index, follow, max-snippet:-1, max-image-preview:large, max-video-preview:-1\" \/>\n<link rel=\"canonical\" href=\"https:\/\/www.kezakoo.com\/sup\/entj\/\" \/>\n<meta property=\"og:locale\" content=\"fr_FR\" \/>\n<meta property=\"og:type\" content=\"article\" \/>\n<meta property=\"og:title\" content=\"ENTJ - Kezakoo SUP\" \/>\n<meta property=\"og:description\" content=\"Tu es un leader strat\u00e9gique, motiv\u00e9 \u00e0 organiser le changement. Tu es prompt \u00e0 constater l&#8217;inefficacit\u00e9 et \u00e0 conceptualiser de nouvelles solutions, et aimes \u00e9laborer des plans pour r\u00e9aliser une vision long-terme. Tu excelles dans le raisonnement logique et es g\u00e9n\u00e9ralement articul\u00e9 et rapide d&#8217;esprit. Analytique et objectif, tu aimes mettre de l&#8217;ordre dans le [&hellip;]\" \/>\n<meta property=\"og:url\" content=\"https:\/\/www.kezakoo.com\/sup\/entj\/\" \/>\n<meta property=\"og:site_name\" content=\"Kezakoo SUP\" \/>\n<meta property=\"article:publisher\" content=\"https:\/\/facebook.com\/kezakoo\" \/>\n<meta property=\"article:modified_time\" content=\"2019-07-12T23:26:58+00:00\" \/>\n<meta property=\"og:image\" content=\"https:\/\/www.kezakoo.com\/sup\/wp-content\/uploads\/2017\/04\/sup.jpg\" \/>\n\t<meta property=\"og:image:width\" content=\"1900\" \/>\n\t<meta property=\"og:image:height\" content=\"1268\" \/>\n\t<meta property=\"og:image:type\" content=\"image\/jpeg\" \/>\n<meta name=\"twitter:card\" content=\"summary_large_image\" \/>\n<meta name=\"twitter:label1\" content=\"Dur\u00e9e de lecture estim\u00e9e\" \/>\n\t<meta name=\"twitter:data1\" content=\"1 minute\" \/>\n<script type=\"application\/ld+json\" class=\"yoast-schema-graph\">{\"@context\":\"https:\/\/schema.org\",\"@graph\":[{\"@type\":\"WebPage\",\"@id\":\"https:\/\/www.kezakoo.com\/sup\/entj\/\",\"url\":\"https:\/\/www.kezakoo.com\/sup\/entj\/\",\"name\":\"ENTJ - Kezakoo SUP\",\"isPartOf\":{\"@id\":\"https:\/\/www.kezakoo.com\/sup\/ar\/#website\"},\"datePublished\":\"2019-06-24T14:42:56+00:00\",\"dateModified\":\"2019-07-12T23:26:58+00:00\",\"breadcrumb\":{\"@id\":\"https:\/\/www.kezakoo.com\/sup\/entj\/#breadcrumb\"},\"inLanguage\":\"fr-FR\",\"potentialAction\":[{\"@type\":\"ReadAction\",\"target\":[\"https:\/\/www.kezakoo.com\/sup\/entj\/\"]}]},{\"@type\":\"BreadcrumbList\",\"@id\":\"https:\/\/www.kezakoo.com\/sup\/entj\/#breadcrumb\",\"itemListElement\":[{\"@type\":\"ListItem\",\"position\":1,\"name\":\"Accueil\",\"item\":\"https:\/\/www.kezakoo.com\/sup\/\"},{\"@type\":\"ListItem\",\"position\":2,\"name\":\"ENTJ\"}]},{\"@type\":\"WebSite\",\"@id\":\"https:\/\/www.kezakoo.com\/sup\/ar\/#website\",\"url\":\"https:\/\/www.kezakoo.com\/sup\/ar\/\",\"name\":\"Kezakoo SUP\",\"description\":\"La r\u00e9f\u00e9rence de l&#039;enseignement sup\u00e9rieur au Maroc\",\"publisher\":{\"@id\":\"https:\/\/www.kezakoo.com\/sup\/ar\/#organization\"},\"potentialAction\":[{\"@type\":\"SearchAction\",\"target\":{\"@type\":\"EntryPoint\",\"urlTemplate\":\"https:\/\/www.kezakoo.com\/sup\/ar\/?s={search_term_string}\"},\"query-input\":{\"@type\":\"PropertyValueSpecification\",\"valueRequired\":true,\"valueName\":\"search_term_string\"}}],\"inLanguage\":\"fr-FR\"},{\"@type\":\"Organization\",\"@id\":\"https:\/\/www.kezakoo.com\/sup\/ar\/#organization\",\"name\":\"Kezakoo\",\"url\":\"https:\/\/www.kezakoo.com\/sup\/ar\/\",\"logo\":{\"@type\":\"ImageObject\",\"inLanguage\":\"fr-FR\",\"@id\":\"https:\/\/www.kezakoo.com\/sup\/ar\/#\/schema\/logo\/image\/\",\"url\":\"https:\/\/kezakoo.com\/sup\/wp-content\/uploads\/2017\/04\/Logo_Kezakoo_black_orange.png\",\"contentUrl\":\"https:\/\/kezakoo.com\/sup\/wp-content\/uploads\/2017\/04\/Logo_Kezakoo_black_orange.png\",\"width\":1086,\"height\":308,\"caption\":\"Kezakoo\"},\"image\":{\"@id\":\"https:\/\/www.kezakoo.com\/sup\/ar\/#\/schema\/logo\/image\/\"},\"sameAs\":[\"https:\/\/facebook.com\/kezakoo\",\"https:\/\/www.linkedin.com\/company\/kezakoo\",\"https:\/\/www.youtube.com\/user\/kezakoo1\"]}]}<\/script>\n<!-- \/ Yoast SEO plugin. -->","yoast_head_json":{"title":"ENTJ - Kezakoo SUP","robots":{"index":"index","follow":"follow","max-snippet":"max-snippet:-1","max-image-preview":"max-image-preview:large","max-video-preview":"max-video-preview:-1"},"canonical":"https:\/\/www.kezakoo.com\/sup\/entj\/","og_locale":"fr_FR","og_type":"article","og_title":"ENTJ - Kezakoo SUP","og_description":"Tu es un leader strat\u00e9gique, motiv\u00e9 \u00e0 organiser le changement. Tu es prompt \u00e0 constater l&#8217;inefficacit\u00e9 et \u00e0 conceptualiser de nouvelles solutions, et aimes \u00e9laborer des plans pour r\u00e9aliser une vision long-terme. Tu excelles dans le raisonnement logique et es g\u00e9n\u00e9ralement articul\u00e9 et rapide d&#8217;esprit. Analytique et objectif, tu aimes mettre de l&#8217;ordre dans le [&hellip;]","og_url":"https:\/\/www.kezakoo.com\/sup\/entj\/","og_site_name":"Kezakoo SUP","article_publisher":"https:\/\/facebook.com\/kezakoo","article_modified_time":"2019-07-12T23:26:58+00:00","og_image":[{"width":1900,"height":1268,"url":"https:\/\/www.kezakoo.com\/sup\/wp-content\/uploads\/2017\/04\/sup.jpg","type":"image\/jpeg"}],"twitter_card":"summary_large_image","twitter_misc":{"Dur\u00e9e de lecture estim\u00e9e":"1 minute"},"schema":{"@context":"https:\/\/schema.org","@graph":[{"@type":"WebPage","@id":"https:\/\/www.kezakoo.com\/sup\/entj\/","url":"https:\/\/www.kezakoo.com\/sup\/entj\/","name":"ENTJ - Kezakoo SUP","isPartOf":{"@id":"https:\/\/www.kezakoo.com\/sup\/ar\/#website"},"datePublished":"2019-06-24T14:42:56+00:00","dateModified":"2019-07-12T23:26:58+00:00","breadcrumb":{"@id":"https:\/\/www.kezakoo.com\/sup\/entj\/#breadcrumb"},"inLanguage":"fr-FR","potentialAction":[{"@type":"ReadAction","target":["https:\/\/www.kezakoo.com\/sup\/entj\/"]}]},{"@type":"BreadcrumbList","@id":"https:\/\/www.kezakoo.com\/sup\/entj\/#breadcrumb","itemListElement":[{"@type":"ListItem","position":1,"name":"Accueil","item":"https:\/\/www.kezakoo.com\/sup\/"},{"@type":"ListItem","position":2,"name":"ENTJ"}]},{"@type":"WebSite","@id":"https:\/\/www.kezakoo.com\/sup\/ar\/#website","url":"https:\/\/www.kezakoo.com\/sup\/ar\/","name":"Kezakoo SUP","description":"La r\u00e9f\u00e9rence de l&#039;enseignement sup\u00e9rieur au Maroc","publisher":{"@id":"https:\/\/www.kezakoo.com\/sup\/ar\/#organization"},"potentialAction":[{"@type":"SearchAction","target":{"@type":"EntryPoint","urlTemplate":"https:\/\/www.kezakoo.com\/sup\/ar\/?s={search_term_string}"},"query-input":{"@type":"PropertyValueSpecification","valueRequired":true,"valueName":"search_term_string"}}],"inLanguage":"fr-FR"},{"@type":"Organization","@id":"https:\/\/www.kezakoo.com\/sup\/ar\/#organization","name":"Kezakoo","url":"https:\/\/www.kezakoo.com\/sup\/ar\/","logo":{"@type":"ImageObject","inLanguage":"fr-FR","@id":"https:\/\/www.kezakoo.com\/sup\/ar\/#\/schema\/logo\/image\/","url":"https:\/\/kezakoo.com\/sup\/wp-content\/uploads\/2017\/04\/Logo_Kezakoo_black_orange.png","contentUrl":"https:\/\/kezakoo.com\/sup\/wp-content\/uploads\/2017\/04\/Logo_Kezakoo_black_orange.png","width":1086,"height":308,"caption":"Kezakoo"},"image":{"@id":"https:\/\/www.kezakoo.com\/sup\/ar\/#\/schema\/logo\/image\/"},"sameAs":["https:\/\/facebook.com\/kezakoo","https:\/\/www.linkedin.com\/company\/kezakoo","https:\/\/www.youtube.com\/user\/kezakoo1"]}]}},"lang":"fr","translations":{"ar":4593,"fr":2932},"pll_sync_post":[],"_links":{"self":[{"href":"https:\/\/www.kezakoo.com\/sup\/wp-json\/wp\/v2\/pages\/2932","targetHints":{"allow":["GET"]}}],"collection":[{"href":"https:\/\/www.kezakoo.com\/sup\/wp-json\/wp\/v2\/pages"}],"about":[{"href":"https:\/\/www.kezakoo.com\/sup\/wp-json\/wp\/v2\/types\/page"}],"author":[{"embeddable":true,"href":"https:\/\/www.kezakoo.com\/sup\/wp-json\/wp\/v2\/users\/1"}],"replies":[{"embeddable":true,"href":"https:\/\/www.kezakoo.com\/sup\/wp-json\/wp\/v2\/comments?post=2932"}],"version-history":[{"count":5,"href":"https:\/\/www.kezakoo.com\/sup\/wp-json\/wp\/v2\/pages\/2932\/revisions"}],"predecessor-version":[{"id":3349,"href":"https:\/\/www.kezakoo.com\/sup\/wp-json\/wp\/v2\/pages\/2932\/revisions\/3349"}],"wp:attachment":[{"href":"https:\/\/www.kezakoo.com\/sup\/wp-json\/wp\/v2\/media?parent=2932"}],"curies":[{"name":"wp","href":"https:\/\/api.w.org\/{rel}","templated":true}]}}