{"id":2936,"date":"2019-06-24T16:43:30","date_gmt":"2019-06-24T14:43:30","guid":{"rendered":"https:\/\/sup.kezakoo.com\/?page_id=2936"},"modified":"2019-07-09T20:09:46","modified_gmt":"2019-07-09T18:09:46","slug":"enfj","status":"publish","type":"page","link":"https:\/\/www.kezakoo.com\/sup\/enfj\/","title":{"rendered":"ENFJ"},"content":{"rendered":"<p>Les ENFJs sont des leaders naturels, pleins de passion et de charisme. Constituant environ deux pour cent de la population, ils sont souvent nos politiciens, nos entra\u00eeneurs et nos enseignants, tendant la main et inspirant les autres \u00e0 r\u00e9ussir et \u00e0 faire le bien dans le monde. Avec une confiance naturelle qui engendre de l&#8217;influence, les ENFJs tirent une grande fiert\u00e9 et une grande joie en guidant les autres \u00e0 travailler ensemble pour s&#8217;am\u00e9liorer et am\u00e9liorer leur communaut\u00e9.<\/p>\n<p>Tout d&#8217;abord, expliquons chacune des lettres qui constituent un ENFJ:<\/p>\n<p><strong>E : Extraverti<\/strong>, \u00a0les ENFJ aiment interagir avec les autres. Ils \u00ab gagnent \u00bb de l&#8217;\u00e9nergie par le contact avec autrui, \u00e0 la diff\u00e9rence des introvertis qui ont besoin de solitude pour r\u00e9cup\u00e9rer, et aiment poss\u00e9der un large cercle de connaissances.<\/p>\n<p><strong>N : Intuitif<\/strong>, les ENFJ sont davantage abstraits que concrets. Ils concentrent leur attention sur l&#8217;image globale d&#8217;une chose ou d&#8217;une situation plut\u00f4t que sur ses d\u00e9tails, sur le contexte plut\u00f4t que sur la chose en elle-m\u00eame, sur les possibilit\u00e9s futures plut\u00f4t que sur les r\u00e9alit\u00e9s imm\u00e9diates.<\/p>\n<p><strong>F : Sentiment ( Feeling )<\/strong>, pr\u00e9f\u00e9r\u00e9 \u00e0 la pens\u00e9e : les ENFJ valorisent davantage les consid\u00e9rations subjectives ou personnelles que les crit\u00e8res impersonnels et objectifs. Lorsqu&#8217;ils prennent des d\u00e9cisions, ils accordent un poids plus grand aux consid\u00e9rations sociales qu&#8217;\u00e0 la logique.<\/p>\n<p><strong>J : Jugement<\/strong>, pr\u00e9f\u00e9r\u00e9 \u00e0 la perception\u00a0: les ENFJ planifient leurs activit\u00e9s et prennent des d\u00e9cisions rapidement. Leur tendance \u00e0 pr\u00e9dire les probabilit\u00e9s d&#8217;une situation future suscite chez eux un certain\u00a0<i>self-control<\/i>, qui peut sembler limitatif aux yeux des types pr\u00e9f\u00e9rant la perception.<\/p>\n<h3>De fermes croyants en l&#8217;humanit\u00e9<\/h3>\n<p>Les gens sont attir\u00e9s par de fortes personnalit\u00e9s et les ENFJs rayonnent d&#8217;authenticit\u00e9 et d&#8217;altruisme. Ils n&#8217;ont pas peur de se lever et de parler lorsqu&#8217;ils sentent qu&#8217;il faut dire quelque chose.<\/p>\n<p>Ils trouvent naturel et facile de communiquer avec les autres, surtout en personne, et leur trait Intuitif (N) les aide \u00e0 atteindre tous les esprits, que ce soit par le biais de faits et de logique ou par de vives \u00e9motions.<\/p>\n<p>Les ENFJs voient facilement les motivations des gens et des \u00e9v\u00e9nements en apparence d\u00e9connect\u00e9s, et sont capables de rassembler ces id\u00e9es et de les communiquer avec une \u00e9loquence hypnotique.<\/p>\n<p>L\u2019int\u00e9r\u00eat que les ENFJs ont pour les autres est bien r\u00e9el, tellement qu&#8217;ils peuvent trop s\u2019impliquer dans les probl\u00e8mes de l\u2019autre, et leur faire trop confiance. Heureusement, cette confiance tend \u00e0 devenir une proph\u00e9tie auto-r\u00e9alisatrice, car l\u2019altruisme et l\u2019authenticit\u00e9 des ENFJ inspirent ceux qui leur tiennent \u00e0 c\u0153ur \u00e0 s\u2019am\u00e9liorer. Mais s\u2019ils ne font pas attention, ils peuvent d\u00e9passer leur optimisme, poussant parfois les autres plus loin qu\u2019ils ne sont pr\u00eats \u00e0 partir.<\/p>\n<p>Les ENFJs sont \u00e9galement vuln\u00e9rables \u00e0 un autre pi\u00e8ge: ils ont une tr\u00e8s grande capacit\u00e9 de r\u00e9flexion et d&#8217;analyse sur leurs propres sentiments, mais s&#8217;ils sont trop pris dans le fardeau d&#8217;une autre personne, ils peuvent d\u00e9velopper une sorte d&#8217;hypocondrie \u00e9motionnelle, voir les probl\u00e8mes des autres en eux-m\u00eames, essayant de r\u00e9parer quelque chose en soi qui ne n\u00e9cessite pas l&#8217;effort. S&#8217;ils parviennent \u00e0 un point o\u00f9 ils sont frein\u00e9s par les limitations rencontr\u00e9es par une autre personne, cela peut entraver leur capacit\u00e9 de voir au-del\u00e0 du dilemme et de ne leur apporter aucune aide. Lorsque cela se produit, il est important que les ENFJs se retirent et utilisent leur propre r\u00e9flexion pour faire la distinction entre ce qu\u2019ils ressentent r\u00e9ellement et ce qui constitue une question distincte qui doit \u00eatre examin\u00e9e sous un autre angle.<\/p>\n<h3>Quelques ENFJ c\u00e9l\u00e8bres<\/h3>\n<ul>\n<li>Johnny Depp<\/li>\n<li>Neil de Grasse Tyson<\/li>\n<li>Tony Blair<\/li>\n<li>Nelson Mandela<\/li>\n<li>Barack Obama<\/li>\n<\/ul>\n<p>&nbsp;<\/p>\n","protected":false},"excerpt":{"rendered":"<p>Les ENFJs sont des leaders naturels, pleins de passion et de charisme. Constituant environ deux pour cent de la population, ils sont souvent nos politiciens, nos entra\u00eeneurs et nos enseignants, tendant la main et inspirant les autres \u00e0 r\u00e9ussir et \u00e0 faire le bien dans le monde. Avec une confiance naturelle qui engendre de l&#8217;influence, [&hellip;]<\/p>\n","protected":false},"author":1,"featured_media":0,"parent":0,"menu_order":0,"comment_status":"closed","ping_status":"closed","template":"personality-page.php","meta":{"_acf_changed":false,"footnotes":""},"class_list":["post-2936","page","type-page","status-publish","hentry"],"acf":[],"yoast_head":"<!-- This site is optimized with the Yoast SEO plugin v26.7 - https:\/\/yoast.com\/wordpress\/plugins\/seo\/ -->\n<title>ENFJ - Kezakoo SUP<\/title>\n<meta name=\"robots\" content=\"index, follow, max-snippet:-1, max-image-preview:large, max-video-preview:-1\" \/>\n<link rel=\"canonical\" href=\"https:\/\/www.kezakoo.com\/sup\/enfj\/\" \/>\n<meta property=\"og:locale\" content=\"fr_FR\" \/>\n<meta property=\"og:type\" content=\"article\" \/>\n<meta property=\"og:title\" content=\"ENFJ - Kezakoo SUP\" \/>\n<meta property=\"og:description\" content=\"Les ENFJs sont des leaders naturels, pleins de passion et de charisme. Constituant environ deux pour cent de la population, ils sont souvent nos politiciens, nos entra\u00eeneurs et nos enseignants, tendant la main et inspirant les autres \u00e0 r\u00e9ussir et \u00e0 faire le bien dans le monde. Avec une confiance naturelle qui engendre de l&#8217;influence, [&hellip;]\" \/>\n<meta property=\"og:url\" content=\"https:\/\/www.kezakoo.com\/sup\/enfj\/\" \/>\n<meta property=\"og:site_name\" content=\"Kezakoo SUP\" \/>\n<meta property=\"article:publisher\" content=\"https:\/\/facebook.com\/kezakoo\" \/>\n<meta property=\"article:modified_time\" content=\"2019-07-09T18:09:46+00:00\" \/>\n<meta property=\"og:image\" content=\"https:\/\/www.kezakoo.com\/sup\/wp-content\/uploads\/2017\/04\/sup.jpg\" \/>\n\t<meta property=\"og:image:width\" content=\"1900\" \/>\n\t<meta property=\"og:image:height\" content=\"1268\" \/>\n\t<meta property=\"og:image:type\" content=\"image\/jpeg\" \/>\n<meta name=\"twitter:card\" content=\"summary_large_image\" \/>\n<meta name=\"twitter:label1\" content=\"Dur\u00e9e de lecture estim\u00e9e\" \/>\n\t<meta name=\"twitter:data1\" content=\"3 minutes\" \/>\n<script type=\"application\/ld+json\" class=\"yoast-schema-graph\">{\"@context\":\"https:\/\/schema.org\",\"@graph\":[{\"@type\":\"WebPage\",\"@id\":\"https:\/\/www.kezakoo.com\/sup\/enfj\/\",\"url\":\"https:\/\/www.kezakoo.com\/sup\/enfj\/\",\"name\":\"ENFJ - Kezakoo SUP\",\"isPartOf\":{\"@id\":\"https:\/\/www.kezakoo.com\/sup\/ar\/#website\"},\"datePublished\":\"2019-06-24T14:43:30+00:00\",\"dateModified\":\"2019-07-09T18:09:46+00:00\",\"breadcrumb\":{\"@id\":\"https:\/\/www.kezakoo.com\/sup\/enfj\/#breadcrumb\"},\"inLanguage\":\"fr-FR\",\"potentialAction\":[{\"@type\":\"ReadAction\",\"target\":[\"https:\/\/www.kezakoo.com\/sup\/enfj\/\"]}]},{\"@type\":\"BreadcrumbList\",\"@id\":\"https:\/\/www.kezakoo.com\/sup\/enfj\/#breadcrumb\",\"itemListElement\":[{\"@type\":\"ListItem\",\"position\":1,\"name\":\"Accueil\",\"item\":\"https:\/\/www.kezakoo.com\/sup\/\"},{\"@type\":\"ListItem\",\"position\":2,\"name\":\"ENFJ\"}]},{\"@type\":\"WebSite\",\"@id\":\"https:\/\/www.kezakoo.com\/sup\/ar\/#website\",\"url\":\"https:\/\/www.kezakoo.com\/sup\/ar\/\",\"name\":\"Kezakoo SUP\",\"description\":\"La r\u00e9f\u00e9rence de l&#039;enseignement sup\u00e9rieur au Maroc\",\"publisher\":{\"@id\":\"https:\/\/www.kezakoo.com\/sup\/ar\/#organization\"},\"potentialAction\":[{\"@type\":\"SearchAction\",\"target\":{\"@type\":\"EntryPoint\",\"urlTemplate\":\"https:\/\/www.kezakoo.com\/sup\/ar\/?s={search_term_string}\"},\"query-input\":{\"@type\":\"PropertyValueSpecification\",\"valueRequired\":true,\"valueName\":\"search_term_string\"}}],\"inLanguage\":\"fr-FR\"},{\"@type\":\"Organization\",\"@id\":\"https:\/\/www.kezakoo.com\/sup\/ar\/#organization\",\"name\":\"Kezakoo\",\"url\":\"https:\/\/www.kezakoo.com\/sup\/ar\/\",\"logo\":{\"@type\":\"ImageObject\",\"inLanguage\":\"fr-FR\",\"@id\":\"https:\/\/www.kezakoo.com\/sup\/ar\/#\/schema\/logo\/image\/\",\"url\":\"https:\/\/kezakoo.com\/sup\/wp-content\/uploads\/2017\/04\/Logo_Kezakoo_black_orange.png\",\"contentUrl\":\"https:\/\/kezakoo.com\/sup\/wp-content\/uploads\/2017\/04\/Logo_Kezakoo_black_orange.png\",\"width\":1086,\"height\":308,\"caption\":\"Kezakoo\"},\"image\":{\"@id\":\"https:\/\/www.kezakoo.com\/sup\/ar\/#\/schema\/logo\/image\/\"},\"sameAs\":[\"https:\/\/facebook.com\/kezakoo\",\"https:\/\/www.linkedin.com\/company\/kezakoo\",\"https:\/\/www.youtube.com\/user\/kezakoo1\"]}]}<\/script>\n<!-- \/ Yoast SEO plugin. -->","yoast_head_json":{"title":"ENFJ - Kezakoo SUP","robots":{"index":"index","follow":"follow","max-snippet":"max-snippet:-1","max-image-preview":"max-image-preview:large","max-video-preview":"max-video-preview:-1"},"canonical":"https:\/\/www.kezakoo.com\/sup\/enfj\/","og_locale":"fr_FR","og_type":"article","og_title":"ENFJ - Kezakoo SUP","og_description":"Les ENFJs sont des leaders naturels, pleins de passion et de charisme. Constituant environ deux pour cent de la population, ils sont souvent nos politiciens, nos entra\u00eeneurs et nos enseignants, tendant la main et inspirant les autres \u00e0 r\u00e9ussir et \u00e0 faire le bien dans le monde. Avec une confiance naturelle qui engendre de l&#8217;influence, [&hellip;]","og_url":"https:\/\/www.kezakoo.com\/sup\/enfj\/","og_site_name":"Kezakoo SUP","article_publisher":"https:\/\/facebook.com\/kezakoo","article_modified_time":"2019-07-09T18:09:46+00:00","og_image":[{"width":1900,"height":1268,"url":"https:\/\/www.kezakoo.com\/sup\/wp-content\/uploads\/2017\/04\/sup.jpg","type":"image\/jpeg"}],"twitter_card":"summary_large_image","twitter_misc":{"Dur\u00e9e de lecture estim\u00e9e":"3 minutes"},"schema":{"@context":"https:\/\/schema.org","@graph":[{"@type":"WebPage","@id":"https:\/\/www.kezakoo.com\/sup\/enfj\/","url":"https:\/\/www.kezakoo.com\/sup\/enfj\/","name":"ENFJ - Kezakoo SUP","isPartOf":{"@id":"https:\/\/www.kezakoo.com\/sup\/ar\/#website"},"datePublished":"2019-06-24T14:43:30+00:00","dateModified":"2019-07-09T18:09:46+00:00","breadcrumb":{"@id":"https:\/\/www.kezakoo.com\/sup\/enfj\/#breadcrumb"},"inLanguage":"fr-FR","potentialAction":[{"@type":"ReadAction","target":["https:\/\/www.kezakoo.com\/sup\/enfj\/"]}]},{"@type":"BreadcrumbList","@id":"https:\/\/www.kezakoo.com\/sup\/enfj\/#breadcrumb","itemListElement":[{"@type":"ListItem","position":1,"name":"Accueil","item":"https:\/\/www.kezakoo.com\/sup\/"},{"@type":"ListItem","position":2,"name":"ENFJ"}]},{"@type":"WebSite","@id":"https:\/\/www.kezakoo.com\/sup\/ar\/#website","url":"https:\/\/www.kezakoo.com\/sup\/ar\/","name":"Kezakoo SUP","description":"La r\u00e9f\u00e9rence de l&#039;enseignement sup\u00e9rieur au Maroc","publisher":{"@id":"https:\/\/www.kezakoo.com\/sup\/ar\/#organization"},"potentialAction":[{"@type":"SearchAction","target":{"@type":"EntryPoint","urlTemplate":"https:\/\/www.kezakoo.com\/sup\/ar\/?s={search_term_string}"},"query-input":{"@type":"PropertyValueSpecification","valueRequired":true,"valueName":"search_term_string"}}],"inLanguage":"fr-FR"},{"@type":"Organization","@id":"https:\/\/www.kezakoo.com\/sup\/ar\/#organization","name":"Kezakoo","url":"https:\/\/www.kezakoo.com\/sup\/ar\/","logo":{"@type":"ImageObject","inLanguage":"fr-FR","@id":"https:\/\/www.kezakoo.com\/sup\/ar\/#\/schema\/logo\/image\/","url":"https:\/\/kezakoo.com\/sup\/wp-content\/uploads\/2017\/04\/Logo_Kezakoo_black_orange.png","contentUrl":"https:\/\/kezakoo.com\/sup\/wp-content\/uploads\/2017\/04\/Logo_Kezakoo_black_orange.png","width":1086,"height":308,"caption":"Kezakoo"},"image":{"@id":"https:\/\/www.kezakoo.com\/sup\/ar\/#\/schema\/logo\/image\/"},"sameAs":["https:\/\/facebook.com\/kezakoo","https:\/\/www.linkedin.com\/company\/kezakoo","https:\/\/www.youtube.com\/user\/kezakoo1"]}]}},"lang":"fr","translations":{"ar":4833,"fr":2936},"pll_sync_post":[],"_links":{"self":[{"href":"https:\/\/www.kezakoo.com\/sup\/wp-json\/wp\/v2\/pages\/2936","targetHints":{"allow":["GET"]}}],"collection":[{"href":"https:\/\/www.kezakoo.com\/sup\/wp-json\/wp\/v2\/pages"}],"about":[{"href":"https:\/\/www.kezakoo.com\/sup\/wp-json\/wp\/v2\/types\/page"}],"author":[{"embeddable":true,"href":"https:\/\/www.kezakoo.com\/sup\/wp-json\/wp\/v2\/users\/1"}],"replies":[{"embeddable":true,"href":"https:\/\/www.kezakoo.com\/sup\/wp-json\/wp\/v2\/comments?post=2936"}],"version-history":[{"count":35,"href":"https:\/\/www.kezakoo.com\/sup\/wp-json\/wp\/v2\/pages\/2936\/revisions"}],"predecessor-version":[{"id":3256,"href":"https:\/\/www.kezakoo.com\/sup\/wp-json\/wp\/v2\/pages\/2936\/revisions\/3256"}],"wp:attachment":[{"href":"https:\/\/www.kezakoo.com\/sup\/wp-json\/wp\/v2\/media?parent=2936"}],"curies":[{"name":"wp","href":"https:\/\/api.w.org\/{rel}","templated":true}]}}