{"id":2938,"date":"2019-06-24T16:43:44","date_gmt":"2019-06-24T14:43:44","guid":{"rendered":"https:\/\/sup.kezakoo.com\/?page_id=2938"},"modified":"2019-07-08T16:17:04","modified_gmt":"2019-07-08T14:17:04","slug":"estp","status":"publish","type":"page","link":"https:\/\/www.kezakoo.com\/sup\/estp\/","title":{"rendered":"ESTP"},"content":{"rendered":"<p>Tu es un chercheur de sensations fortes qui donne son meilleur lorsqu&#8217;il s&#8217;agit d&#8217;atteindre les \u00e9toiles. Tu apportes une grosse \u00e9nergie \u00e0 tes interactions avec les autres et le monde qui t&#8217;entoure. Tu \u00e9values rapidement les situations et te d\u00e9place avec habilet\u00e9 pour r\u00e9pondre aux probl\u00e8mes imm\u00e9diats en employant des solutions pratiques.<\/p>\n<p>En tant qu&#8217;ESTP, tu te concentres sur l&#8217;action au moment pr\u00e9sent. Tu t&#8217;impliques dans ton environnement et r\u00e9sous rapidement les probl\u00e8mes pratiques. Tu es excellent dans les situations d&#8217;urgence, lorsque tu peux appliquer ton raisonnement logique \u00e0 des situations o\u00f9 une action imm\u00e9diate est n\u00e9cessaire. Les objectifs \u00e0 long terme sont moins int\u00e9ressants pour toi car tu pr\u00e9f\u00e8res voir des r\u00e9sultats tangibles dans l&#8217;imm\u00e9diat.<\/p>\n<p>Les ESTP sont des gens spontan\u00e9s et actifs, obtenant une grande satisfaction en agissant selon leurs impulsions. Les activit\u00e9s impliquant beaucoup de puissance, de vitesse, de sensations fortes et de risques sont attrayantes pour l&#8217;ESTP. L&#8217;\u00e9touffement chronique de ces impulsions fait que l&#8217;ESTP se sent &#8220;mort \u00e0 l&#8217;int\u00e9rieur&#8221;.<\/p>\n<p>Les personnes de ce type ont une volont\u00e9 naturelle de s&#8217;imposer face \u00e0 la concurrence. Certains des meilleurs commerciaux de tous les temps sont des ESTPs.<\/p>\n<p>Presque inconsciemment, les ESTP recherchent des indices non verbaux, presque subliminaux, sur ce qui fait &#8220;marcher&#8221; leur proie. Une fois qu&#8217;ils le savent, ils attendent le bon moment pour \u00e9clipser l&#8217;as et la gloire de la victime sans m\u00e9fiance dans leur conqu\u00eate. Curieusement, les ESTP semblent admirer et respecter tous ceux qui peuvent les battre \u00e0 leur propre jeu.<\/p>\n","protected":false},"excerpt":{"rendered":"<p>Tu es un chercheur de sensations fortes qui donne son meilleur lorsqu&#8217;il s&#8217;agit d&#8217;atteindre les \u00e9toiles. Tu apportes une grosse \u00e9nergie \u00e0 tes interactions avec les autres et le monde qui t&#8217;entoure. Tu \u00e9values rapidement les situations et te d\u00e9place avec habilet\u00e9 pour r\u00e9pondre aux probl\u00e8mes imm\u00e9diats en employant des solutions pratiques. En tant qu&#8217;ESTP, [&hellip;]<\/p>\n","protected":false},"author":1,"featured_media":0,"parent":0,"menu_order":0,"comment_status":"closed","ping_status":"closed","template":"personality-page.php","meta":{"_acf_changed":false,"footnotes":""},"class_list":["post-2938","page","type-page","status-publish","hentry"],"acf":[],"yoast_head":"<!-- This site is optimized with the Yoast SEO plugin v26.7 - https:\/\/yoast.com\/wordpress\/plugins\/seo\/ -->\n<title>ESTP - Kezakoo SUP<\/title>\n<meta name=\"robots\" content=\"index, follow, max-snippet:-1, max-image-preview:large, max-video-preview:-1\" \/>\n<link rel=\"canonical\" href=\"https:\/\/www.kezakoo.com\/sup\/estp\/\" \/>\n<meta property=\"og:locale\" content=\"fr_FR\" \/>\n<meta property=\"og:type\" content=\"article\" \/>\n<meta property=\"og:title\" content=\"ESTP - Kezakoo SUP\" \/>\n<meta property=\"og:description\" content=\"Tu es un chercheur de sensations fortes qui donne son meilleur lorsqu&#8217;il s&#8217;agit d&#8217;atteindre les \u00e9toiles. Tu apportes une grosse \u00e9nergie \u00e0 tes interactions avec les autres et le monde qui t&#8217;entoure. Tu \u00e9values rapidement les situations et te d\u00e9place avec habilet\u00e9 pour r\u00e9pondre aux probl\u00e8mes imm\u00e9diats en employant des solutions pratiques. En tant qu&#8217;ESTP, [&hellip;]\" \/>\n<meta property=\"og:url\" content=\"https:\/\/www.kezakoo.com\/sup\/estp\/\" \/>\n<meta property=\"og:site_name\" content=\"Kezakoo SUP\" \/>\n<meta property=\"article:publisher\" content=\"https:\/\/facebook.com\/kezakoo\" \/>\n<meta property=\"article:modified_time\" content=\"2019-07-08T14:17:04+00:00\" \/>\n<meta property=\"og:image\" content=\"https:\/\/www.kezakoo.com\/sup\/wp-content\/uploads\/2017\/04\/sup.jpg\" \/>\n\t<meta property=\"og:image:width\" content=\"1900\" \/>\n\t<meta property=\"og:image:height\" content=\"1268\" \/>\n\t<meta property=\"og:image:type\" content=\"image\/jpeg\" \/>\n<meta name=\"twitter:card\" content=\"summary_large_image\" \/>\n<meta name=\"twitter:label1\" content=\"Dur\u00e9e de lecture estim\u00e9e\" \/>\n\t<meta name=\"twitter:data1\" content=\"1 minute\" \/>\n<script type=\"application\/ld+json\" class=\"yoast-schema-graph\">{\"@context\":\"https:\/\/schema.org\",\"@graph\":[{\"@type\":\"WebPage\",\"@id\":\"https:\/\/www.kezakoo.com\/sup\/estp\/\",\"url\":\"https:\/\/www.kezakoo.com\/sup\/estp\/\",\"name\":\"ESTP - Kezakoo SUP\",\"isPartOf\":{\"@id\":\"https:\/\/www.kezakoo.com\/sup\/ar\/#website\"},\"datePublished\":\"2019-06-24T14:43:44+00:00\",\"dateModified\":\"2019-07-08T14:17:04+00:00\",\"breadcrumb\":{\"@id\":\"https:\/\/www.kezakoo.com\/sup\/estp\/#breadcrumb\"},\"inLanguage\":\"fr-FR\",\"potentialAction\":[{\"@type\":\"ReadAction\",\"target\":[\"https:\/\/www.kezakoo.com\/sup\/estp\/\"]}]},{\"@type\":\"BreadcrumbList\",\"@id\":\"https:\/\/www.kezakoo.com\/sup\/estp\/#breadcrumb\",\"itemListElement\":[{\"@type\":\"ListItem\",\"position\":1,\"name\":\"Accueil\",\"item\":\"https:\/\/www.kezakoo.com\/sup\/\"},{\"@type\":\"ListItem\",\"position\":2,\"name\":\"ESTP\"}]},{\"@type\":\"WebSite\",\"@id\":\"https:\/\/www.kezakoo.com\/sup\/ar\/#website\",\"url\":\"https:\/\/www.kezakoo.com\/sup\/ar\/\",\"name\":\"Kezakoo SUP\",\"description\":\"La r\u00e9f\u00e9rence de l&#039;enseignement sup\u00e9rieur au Maroc\",\"publisher\":{\"@id\":\"https:\/\/www.kezakoo.com\/sup\/ar\/#organization\"},\"potentialAction\":[{\"@type\":\"SearchAction\",\"target\":{\"@type\":\"EntryPoint\",\"urlTemplate\":\"https:\/\/www.kezakoo.com\/sup\/ar\/?s={search_term_string}\"},\"query-input\":{\"@type\":\"PropertyValueSpecification\",\"valueRequired\":true,\"valueName\":\"search_term_string\"}}],\"inLanguage\":\"fr-FR\"},{\"@type\":\"Organization\",\"@id\":\"https:\/\/www.kezakoo.com\/sup\/ar\/#organization\",\"name\":\"Kezakoo\",\"url\":\"https:\/\/www.kezakoo.com\/sup\/ar\/\",\"logo\":{\"@type\":\"ImageObject\",\"inLanguage\":\"fr-FR\",\"@id\":\"https:\/\/www.kezakoo.com\/sup\/ar\/#\/schema\/logo\/image\/\",\"url\":\"https:\/\/kezakoo.com\/sup\/wp-content\/uploads\/2017\/04\/Logo_Kezakoo_black_orange.png\",\"contentUrl\":\"https:\/\/kezakoo.com\/sup\/wp-content\/uploads\/2017\/04\/Logo_Kezakoo_black_orange.png\",\"width\":1086,\"height\":308,\"caption\":\"Kezakoo\"},\"image\":{\"@id\":\"https:\/\/www.kezakoo.com\/sup\/ar\/#\/schema\/logo\/image\/\"},\"sameAs\":[\"https:\/\/facebook.com\/kezakoo\",\"https:\/\/www.linkedin.com\/company\/kezakoo\",\"https:\/\/www.youtube.com\/user\/kezakoo1\"]}]}<\/script>\n<!-- \/ Yoast SEO plugin. -->","yoast_head_json":{"title":"ESTP - Kezakoo SUP","robots":{"index":"index","follow":"follow","max-snippet":"max-snippet:-1","max-image-preview":"max-image-preview:large","max-video-preview":"max-video-preview:-1"},"canonical":"https:\/\/www.kezakoo.com\/sup\/estp\/","og_locale":"fr_FR","og_type":"article","og_title":"ESTP - Kezakoo SUP","og_description":"Tu es un chercheur de sensations fortes qui donne son meilleur lorsqu&#8217;il s&#8217;agit d&#8217;atteindre les \u00e9toiles. Tu apportes une grosse \u00e9nergie \u00e0 tes interactions avec les autres et le monde qui t&#8217;entoure. Tu \u00e9values rapidement les situations et te d\u00e9place avec habilet\u00e9 pour r\u00e9pondre aux probl\u00e8mes imm\u00e9diats en employant des solutions pratiques. En tant qu&#8217;ESTP, [&hellip;]","og_url":"https:\/\/www.kezakoo.com\/sup\/estp\/","og_site_name":"Kezakoo SUP","article_publisher":"https:\/\/facebook.com\/kezakoo","article_modified_time":"2019-07-08T14:17:04+00:00","og_image":[{"width":1900,"height":1268,"url":"https:\/\/www.kezakoo.com\/sup\/wp-content\/uploads\/2017\/04\/sup.jpg","type":"image\/jpeg"}],"twitter_card":"summary_large_image","twitter_misc":{"Dur\u00e9e de lecture estim\u00e9e":"1 minute"},"schema":{"@context":"https:\/\/schema.org","@graph":[{"@type":"WebPage","@id":"https:\/\/www.kezakoo.com\/sup\/estp\/","url":"https:\/\/www.kezakoo.com\/sup\/estp\/","name":"ESTP - Kezakoo SUP","isPartOf":{"@id":"https:\/\/www.kezakoo.com\/sup\/ar\/#website"},"datePublished":"2019-06-24T14:43:44+00:00","dateModified":"2019-07-08T14:17:04+00:00","breadcrumb":{"@id":"https:\/\/www.kezakoo.com\/sup\/estp\/#breadcrumb"},"inLanguage":"fr-FR","potentialAction":[{"@type":"ReadAction","target":["https:\/\/www.kezakoo.com\/sup\/estp\/"]}]},{"@type":"BreadcrumbList","@id":"https:\/\/www.kezakoo.com\/sup\/estp\/#breadcrumb","itemListElement":[{"@type":"ListItem","position":1,"name":"Accueil","item":"https:\/\/www.kezakoo.com\/sup\/"},{"@type":"ListItem","position":2,"name":"ESTP"}]},{"@type":"WebSite","@id":"https:\/\/www.kezakoo.com\/sup\/ar\/#website","url":"https:\/\/www.kezakoo.com\/sup\/ar\/","name":"Kezakoo SUP","description":"La r\u00e9f\u00e9rence de l&#039;enseignement sup\u00e9rieur au Maroc","publisher":{"@id":"https:\/\/www.kezakoo.com\/sup\/ar\/#organization"},"potentialAction":[{"@type":"SearchAction","target":{"@type":"EntryPoint","urlTemplate":"https:\/\/www.kezakoo.com\/sup\/ar\/?s={search_term_string}"},"query-input":{"@type":"PropertyValueSpecification","valueRequired":true,"valueName":"search_term_string"}}],"inLanguage":"fr-FR"},{"@type":"Organization","@id":"https:\/\/www.kezakoo.com\/sup\/ar\/#organization","name":"Kezakoo","url":"https:\/\/www.kezakoo.com\/sup\/ar\/","logo":{"@type":"ImageObject","inLanguage":"fr-FR","@id":"https:\/\/www.kezakoo.com\/sup\/ar\/#\/schema\/logo\/image\/","url":"https:\/\/kezakoo.com\/sup\/wp-content\/uploads\/2017\/04\/Logo_Kezakoo_black_orange.png","contentUrl":"https:\/\/kezakoo.com\/sup\/wp-content\/uploads\/2017\/04\/Logo_Kezakoo_black_orange.png","width":1086,"height":308,"caption":"Kezakoo"},"image":{"@id":"https:\/\/www.kezakoo.com\/sup\/ar\/#\/schema\/logo\/image\/"},"sameAs":["https:\/\/facebook.com\/kezakoo","https:\/\/www.linkedin.com\/company\/kezakoo","https:\/\/www.youtube.com\/user\/kezakoo1"]}]}},"lang":"fr","translations":{"fr":2938},"pll_sync_post":[],"_links":{"self":[{"href":"https:\/\/www.kezakoo.com\/sup\/wp-json\/wp\/v2\/pages\/2938","targetHints":{"allow":["GET"]}}],"collection":[{"href":"https:\/\/www.kezakoo.com\/sup\/wp-json\/wp\/v2\/pages"}],"about":[{"href":"https:\/\/www.kezakoo.com\/sup\/wp-json\/wp\/v2\/types\/page"}],"author":[{"embeddable":true,"href":"https:\/\/www.kezakoo.com\/sup\/wp-json\/wp\/v2\/users\/1"}],"replies":[{"embeddable":true,"href":"https:\/\/www.kezakoo.com\/sup\/wp-json\/wp\/v2\/comments?post=2938"}],"version-history":[{"count":18,"href":"https:\/\/www.kezakoo.com\/sup\/wp-json\/wp\/v2\/pages\/2938\/revisions"}],"predecessor-version":[{"id":3215,"href":"https:\/\/www.kezakoo.com\/sup\/wp-json\/wp\/v2\/pages\/2938\/revisions\/3215"}],"wp:attachment":[{"href":"https:\/\/www.kezakoo.com\/sup\/wp-json\/wp\/v2\/media?parent=2938"}],"curies":[{"name":"wp","href":"https:\/\/api.w.org\/{rel}","templated":true}]}}