{"id":2942,"date":"2019-06-24T16:44:03","date_gmt":"2019-06-24T14:44:03","guid":{"rendered":"https:\/\/sup.kezakoo.com\/?page_id=2942"},"modified":"2020-05-13T18:17:24","modified_gmt":"2020-05-13T16:17:24","slug":"esfj","status":"publish","type":"page","link":"https:\/\/www.kezakoo.com\/sup\/esfj\/","title":{"rendered":"ESFJ"},"content":{"rendered":"<p>Les ESFJ sont des assistants consciencieux, sensibles aux besoins des autres et d\u00e9vou\u00e9s avec \u00e9nergie \u00e0 leurs responsabilit\u00e9s. Ils sont tr\u00e8s \u00e0 l&#8217;\u00e9coute de leur environnement \u00e9motionnel et attentifs aux sentiments d&#8217;autrui. Les personnes de type de personnalit\u00e9 ESFJ aiment le sentiment d&#8217;harmonie et de coop\u00e9ration et aiment plaire et venir en aide.<\/p>\n<p>Les ESFJ valorisent la loyaut\u00e9 et la tradition, et font g\u00e9n\u00e9ralement de leur famille et de leurs amis leur priorit\u00e9 absolue. Ils sont g\u00e9n\u00e9reux de leur temps, de leurs efforts et de leurs \u00e9motions. Ils assument souvent les pr\u00e9occupations des autres comme s&#8217;ils \u00e9taient les leurs et tentent de mettre \u00e0 profit leurs talents organisationnels pour mettre de l&#8217;ordre dans la vie des autres.<\/p>\n<h3>Quelles sont les motivations d&#8217;un ESFJ ?<\/h3>\n<p>L&#8217;ESFJ agit selon un code moral strict et attends des autres qu&#8217;ils fassent de m\u00eame. Il voit souvent les choses en noir et blanc, en bien et en mal, et n&#8217;h\u00e9site g\u00e9n\u00e9ralement pas \u00e0 partager ses \u00e9valuations du comportement des autres.<\/p>\n<p>Les ESFJ recherchent l&#8217;harmonie et la coop\u00e9ration, et estiment que la meilleure fa\u00e7on d&#8217;y parvenir est de faire respecter les m\u00eames r\u00e8gles par tous. Ils ont un sens de l&#8217;ordre dans la fa\u00e7on dont les gens interagissent entre eux et assument souvent des r\u00f4les qui leur permettent d&#8217;aider \u00e0 faire respecter cet ordre social.<\/p>\n<p>Les ESFJ se sentent personnellement responsables des besoins des autres et sont g\u00e9n\u00e9ralement d\u00e9sireux de s&#8217;impliquer et d&#8217;aider. Ils sont tendance \u00e0 \u00eatre s\u00e9rieux et pratiques, faisant passer les affaires avant le plaisir, en particulier quand il s&#8217;agit de s&#8217;occuper des autres. Ils aiment g\u00e9n\u00e9ralement la routine et ont souvent un horaire r\u00e9gulier qui leur permet d&#8217;\u00eatre organis\u00e9s et productifs.<\/p>\n","protected":false},"excerpt":{"rendered":"<p>Les ESFJ sont des assistants consciencieux, sensibles aux besoins des autres et d\u00e9vou\u00e9s avec \u00e9nergie \u00e0 leurs responsabilit\u00e9s. Ils sont tr\u00e8s \u00e0 l&#8217;\u00e9coute de leur environnement \u00e9motionnel et attentifs aux sentiments d&#8217;autrui. Les personnes de type de personnalit\u00e9 ESFJ aiment le sentiment d&#8217;harmonie et de coop\u00e9ration et aiment plaire et venir en aide. Les ESFJ [&hellip;]<\/p>\n","protected":false},"author":1,"featured_media":0,"parent":0,"menu_order":0,"comment_status":"closed","ping_status":"closed","template":"personality-page.php","meta":{"_acf_changed":false,"footnotes":""},"class_list":["post-2942","page","type-page","status-publish","hentry"],"acf":[],"yoast_head":"<!-- This site is optimized with the Yoast SEO plugin v26.7 - https:\/\/yoast.com\/wordpress\/plugins\/seo\/ -->\n<title>ESFJ - Kezakoo SUP<\/title>\n<meta name=\"robots\" content=\"index, follow, max-snippet:-1, max-image-preview:large, max-video-preview:-1\" \/>\n<link rel=\"canonical\" href=\"https:\/\/www.kezakoo.com\/sup\/esfj\/\" \/>\n<meta property=\"og:locale\" content=\"fr_FR\" \/>\n<meta property=\"og:type\" content=\"article\" \/>\n<meta property=\"og:title\" content=\"ESFJ - Kezakoo SUP\" \/>\n<meta property=\"og:description\" content=\"Les ESFJ sont des assistants consciencieux, sensibles aux besoins des autres et d\u00e9vou\u00e9s avec \u00e9nergie \u00e0 leurs responsabilit\u00e9s. Ils sont tr\u00e8s \u00e0 l&#8217;\u00e9coute de leur environnement \u00e9motionnel et attentifs aux sentiments d&#8217;autrui. Les personnes de type de personnalit\u00e9 ESFJ aiment le sentiment d&#8217;harmonie et de coop\u00e9ration et aiment plaire et venir en aide. Les ESFJ [&hellip;]\" \/>\n<meta property=\"og:url\" content=\"https:\/\/www.kezakoo.com\/sup\/esfj\/\" \/>\n<meta property=\"og:site_name\" content=\"Kezakoo SUP\" \/>\n<meta property=\"article:publisher\" content=\"https:\/\/facebook.com\/kezakoo\" \/>\n<meta property=\"article:modified_time\" content=\"2020-05-13T16:17:24+00:00\" \/>\n<meta property=\"og:image\" content=\"https:\/\/www.kezakoo.com\/sup\/wp-content\/uploads\/2017\/04\/sup.jpg\" \/>\n\t<meta property=\"og:image:width\" content=\"1900\" \/>\n\t<meta property=\"og:image:height\" content=\"1268\" \/>\n\t<meta property=\"og:image:type\" content=\"image\/jpeg\" \/>\n<meta name=\"twitter:card\" content=\"summary_large_image\" \/>\n<meta name=\"twitter:label1\" content=\"Dur\u00e9e de lecture estim\u00e9e\" \/>\n\t<meta name=\"twitter:data1\" content=\"2 minutes\" \/>\n<script type=\"application\/ld+json\" class=\"yoast-schema-graph\">{\"@context\":\"https:\/\/schema.org\",\"@graph\":[{\"@type\":\"WebPage\",\"@id\":\"https:\/\/www.kezakoo.com\/sup\/esfj\/\",\"url\":\"https:\/\/www.kezakoo.com\/sup\/esfj\/\",\"name\":\"ESFJ - Kezakoo SUP\",\"isPartOf\":{\"@id\":\"https:\/\/www.kezakoo.com\/sup\/ar\/#website\"},\"datePublished\":\"2019-06-24T14:44:03+00:00\",\"dateModified\":\"2020-05-13T16:17:24+00:00\",\"breadcrumb\":{\"@id\":\"https:\/\/www.kezakoo.com\/sup\/esfj\/#breadcrumb\"},\"inLanguage\":\"fr-FR\",\"potentialAction\":[{\"@type\":\"ReadAction\",\"target\":[\"https:\/\/www.kezakoo.com\/sup\/esfj\/\"]}]},{\"@type\":\"BreadcrumbList\",\"@id\":\"https:\/\/www.kezakoo.com\/sup\/esfj\/#breadcrumb\",\"itemListElement\":[{\"@type\":\"ListItem\",\"position\":1,\"name\":\"Accueil\",\"item\":\"https:\/\/www.kezakoo.com\/sup\/\"},{\"@type\":\"ListItem\",\"position\":2,\"name\":\"ESFJ\"}]},{\"@type\":\"WebSite\",\"@id\":\"https:\/\/www.kezakoo.com\/sup\/ar\/#website\",\"url\":\"https:\/\/www.kezakoo.com\/sup\/ar\/\",\"name\":\"Kezakoo SUP\",\"description\":\"La r\u00e9f\u00e9rence de l&#039;enseignement sup\u00e9rieur au Maroc\",\"publisher\":{\"@id\":\"https:\/\/www.kezakoo.com\/sup\/ar\/#organization\"},\"potentialAction\":[{\"@type\":\"SearchAction\",\"target\":{\"@type\":\"EntryPoint\",\"urlTemplate\":\"https:\/\/www.kezakoo.com\/sup\/ar\/?s={search_term_string}\"},\"query-input\":{\"@type\":\"PropertyValueSpecification\",\"valueRequired\":true,\"valueName\":\"search_term_string\"}}],\"inLanguage\":\"fr-FR\"},{\"@type\":\"Organization\",\"@id\":\"https:\/\/www.kezakoo.com\/sup\/ar\/#organization\",\"name\":\"Kezakoo\",\"url\":\"https:\/\/www.kezakoo.com\/sup\/ar\/\",\"logo\":{\"@type\":\"ImageObject\",\"inLanguage\":\"fr-FR\",\"@id\":\"https:\/\/www.kezakoo.com\/sup\/ar\/#\/schema\/logo\/image\/\",\"url\":\"https:\/\/kezakoo.com\/sup\/wp-content\/uploads\/2017\/04\/Logo_Kezakoo_black_orange.png\",\"contentUrl\":\"https:\/\/kezakoo.com\/sup\/wp-content\/uploads\/2017\/04\/Logo_Kezakoo_black_orange.png\",\"width\":1086,\"height\":308,\"caption\":\"Kezakoo\"},\"image\":{\"@id\":\"https:\/\/www.kezakoo.com\/sup\/ar\/#\/schema\/logo\/image\/\"},\"sameAs\":[\"https:\/\/facebook.com\/kezakoo\",\"https:\/\/www.linkedin.com\/company\/kezakoo\",\"https:\/\/www.youtube.com\/user\/kezakoo1\"]}]}<\/script>\n<!-- \/ Yoast SEO plugin. -->","yoast_head_json":{"title":"ESFJ - Kezakoo SUP","robots":{"index":"index","follow":"follow","max-snippet":"max-snippet:-1","max-image-preview":"max-image-preview:large","max-video-preview":"max-video-preview:-1"},"canonical":"https:\/\/www.kezakoo.com\/sup\/esfj\/","og_locale":"fr_FR","og_type":"article","og_title":"ESFJ - Kezakoo SUP","og_description":"Les ESFJ sont des assistants consciencieux, sensibles aux besoins des autres et d\u00e9vou\u00e9s avec \u00e9nergie \u00e0 leurs responsabilit\u00e9s. Ils sont tr\u00e8s \u00e0 l&#8217;\u00e9coute de leur environnement \u00e9motionnel et attentifs aux sentiments d&#8217;autrui. Les personnes de type de personnalit\u00e9 ESFJ aiment le sentiment d&#8217;harmonie et de coop\u00e9ration et aiment plaire et venir en aide. Les ESFJ [&hellip;]","og_url":"https:\/\/www.kezakoo.com\/sup\/esfj\/","og_site_name":"Kezakoo SUP","article_publisher":"https:\/\/facebook.com\/kezakoo","article_modified_time":"2020-05-13T16:17:24+00:00","og_image":[{"width":1900,"height":1268,"url":"https:\/\/www.kezakoo.com\/sup\/wp-content\/uploads\/2017\/04\/sup.jpg","type":"image\/jpeg"}],"twitter_card":"summary_large_image","twitter_misc":{"Dur\u00e9e de lecture estim\u00e9e":"2 minutes"},"schema":{"@context":"https:\/\/schema.org","@graph":[{"@type":"WebPage","@id":"https:\/\/www.kezakoo.com\/sup\/esfj\/","url":"https:\/\/www.kezakoo.com\/sup\/esfj\/","name":"ESFJ - Kezakoo SUP","isPartOf":{"@id":"https:\/\/www.kezakoo.com\/sup\/ar\/#website"},"datePublished":"2019-06-24T14:44:03+00:00","dateModified":"2020-05-13T16:17:24+00:00","breadcrumb":{"@id":"https:\/\/www.kezakoo.com\/sup\/esfj\/#breadcrumb"},"inLanguage":"fr-FR","potentialAction":[{"@type":"ReadAction","target":["https:\/\/www.kezakoo.com\/sup\/esfj\/"]}]},{"@type":"BreadcrumbList","@id":"https:\/\/www.kezakoo.com\/sup\/esfj\/#breadcrumb","itemListElement":[{"@type":"ListItem","position":1,"name":"Accueil","item":"https:\/\/www.kezakoo.com\/sup\/"},{"@type":"ListItem","position":2,"name":"ESFJ"}]},{"@type":"WebSite","@id":"https:\/\/www.kezakoo.com\/sup\/ar\/#website","url":"https:\/\/www.kezakoo.com\/sup\/ar\/","name":"Kezakoo SUP","description":"La r\u00e9f\u00e9rence de l&#039;enseignement sup\u00e9rieur au Maroc","publisher":{"@id":"https:\/\/www.kezakoo.com\/sup\/ar\/#organization"},"potentialAction":[{"@type":"SearchAction","target":{"@type":"EntryPoint","urlTemplate":"https:\/\/www.kezakoo.com\/sup\/ar\/?s={search_term_string}"},"query-input":{"@type":"PropertyValueSpecification","valueRequired":true,"valueName":"search_term_string"}}],"inLanguage":"fr-FR"},{"@type":"Organization","@id":"https:\/\/www.kezakoo.com\/sup\/ar\/#organization","name":"Kezakoo","url":"https:\/\/www.kezakoo.com\/sup\/ar\/","logo":{"@type":"ImageObject","inLanguage":"fr-FR","@id":"https:\/\/www.kezakoo.com\/sup\/ar\/#\/schema\/logo\/image\/","url":"https:\/\/kezakoo.com\/sup\/wp-content\/uploads\/2017\/04\/Logo_Kezakoo_black_orange.png","contentUrl":"https:\/\/kezakoo.com\/sup\/wp-content\/uploads\/2017\/04\/Logo_Kezakoo_black_orange.png","width":1086,"height":308,"caption":"Kezakoo"},"image":{"@id":"https:\/\/www.kezakoo.com\/sup\/ar\/#\/schema\/logo\/image\/"},"sameAs":["https:\/\/facebook.com\/kezakoo","https:\/\/www.linkedin.com\/company\/kezakoo","https:\/\/www.youtube.com\/user\/kezakoo1"]}]}},"lang":"fr","translations":{"ar":6096,"fr":2942},"pll_sync_post":[],"_links":{"self":[{"href":"https:\/\/www.kezakoo.com\/sup\/wp-json\/wp\/v2\/pages\/2942","targetHints":{"allow":["GET"]}}],"collection":[{"href":"https:\/\/www.kezakoo.com\/sup\/wp-json\/wp\/v2\/pages"}],"about":[{"href":"https:\/\/www.kezakoo.com\/sup\/wp-json\/wp\/v2\/types\/page"}],"author":[{"embeddable":true,"href":"https:\/\/www.kezakoo.com\/sup\/wp-json\/wp\/v2\/users\/1"}],"replies":[{"embeddable":true,"href":"https:\/\/www.kezakoo.com\/sup\/wp-json\/wp\/v2\/comments?post=2942"}],"version-history":[{"count":16,"href":"https:\/\/www.kezakoo.com\/sup\/wp-json\/wp\/v2\/pages\/2942\/revisions"}],"predecessor-version":[{"id":3739,"href":"https:\/\/www.kezakoo.com\/sup\/wp-json\/wp\/v2\/pages\/2942\/revisions\/3739"}],"wp:attachment":[{"href":"https:\/\/www.kezakoo.com\/sup\/wp-json\/wp\/v2\/media?parent=2942"}],"curies":[{"name":"wp","href":"https:\/\/api.w.org\/{rel}","templated":true}]}}