{"id":2944,"date":"2019-06-24T16:44:16","date_gmt":"2019-06-24T14:44:16","guid":{"rendered":"https:\/\/sup.kezakoo.com\/?page_id=2944"},"modified":"2020-05-14T11:52:55","modified_gmt":"2020-05-14T09:52:55","slug":"esfp","status":"publish","type":"page","link":"https:\/\/www.kezakoo.com\/sup\/esfp\/","title":{"rendered":"ESFP"},"content":{"rendered":"<p><span style=\"font-size: 16px;\">Les ESFP sont des showmen et des showwomen vifs qui charment et s\u00e9duisent les gens qui les entourent. Ils sont spontan\u00e9s, \u00e9nergiques et amusants, et aiment les plaisirs de la vie: la nourriture, les v\u00eatements, la nature, les animaux et surtout les autres personnes.<\/span><\/p>\n<p>Les ESFP comme toi sont typiquement chaleureux et bavards et ont un enthousiasme contagieux. Ils aiment \u00eatre au c\u0153ur de l&#8217;action et au centre de l&#8217;attention. Ils ont un sens de l&#8217;humour ludique et ouvert, et aiment attirer les autres et les aider \u00e0 passer un tr\u00e8s bon moment.<\/p>\n<h3>Qu&#8217;est ce qui motive un ESFP ?<\/h3>\n<p>Les personnalit\u00e9s ESFP vivent l&#8217;instant pr\u00e9sent et profitent pleinement de la vie. Ils sont particuli\u00e8rement \u00e0 l&#8217;\u00e9coute de leurs sens et prennent plaisir \u00e0 regarder, \u00e9couter, sentir et toucher les textures qui les entourent. Ils aiment s&#8217;occuper, remplir leur vie de passe-temps, de sports, d&#8217;activit\u00e9s et d&#8217;amis. Parce qu&#8217;ils pr\u00e9f\u00e8rent vivre spontan\u00e9ment plut\u00f4t que de planifier \u00e0 l&#8217;avance, ils peuvent devenir d\u00e9bord\u00e9s lorsqu&#8217;il y a trop de choses excitantes \u00e0 faire.<\/p>\n<p>Bien qu&#8217;ils soient typiquement dr\u00f4les, les ESFP sont aussi typiquement pratiques et terre-\u00e0-terre. Ils ont les pieds sur terre et sont g\u00e9n\u00e9ralement tr\u00e8s conscients des faits et des d\u00e9tails de leur environnement, surtout en ce qui concerne les gens. Ils sont \u00e0 l&#8217;\u00e9coute des autres et de leurs besoins, et ils sont r\u00e9ceptifs lorsqu&#8217;on demande leur aide.<\/p>\n<h3>Quelques ESFP c\u00e9l\u00e8bres<\/h3>\n<p>Adele, Marilyn Monroe, Jamie Foxx, Serena Williams, Adam Levine<\/p>\n","protected":false},"excerpt":{"rendered":"<p>Les ESFP sont des showmen et des showwomen vifs qui charment et s\u00e9duisent les gens qui les entourent. Ils sont spontan\u00e9s, \u00e9nergiques et amusants, et aiment les plaisirs de la vie: la nourriture, les v\u00eatements, la nature, les animaux et surtout les autres personnes. Les ESFP comme toi sont typiquement chaleureux et bavards et ont [&hellip;]<\/p>\n","protected":false},"author":1,"featured_media":0,"parent":0,"menu_order":0,"comment_status":"closed","ping_status":"closed","template":"personality-page.php","meta":{"_acf_changed":false,"footnotes":""},"class_list":["post-2944","page","type-page","status-publish","hentry"],"acf":[],"yoast_head":"<!-- This site is optimized with the Yoast SEO plugin v26.7 - https:\/\/yoast.com\/wordpress\/plugins\/seo\/ -->\n<title>ESFP - Kezakoo SUP<\/title>\n<meta name=\"robots\" content=\"index, follow, max-snippet:-1, max-image-preview:large, max-video-preview:-1\" \/>\n<link rel=\"canonical\" href=\"https:\/\/www.kezakoo.com\/sup\/esfp\/\" \/>\n<meta property=\"og:locale\" content=\"fr_FR\" \/>\n<meta property=\"og:type\" content=\"article\" \/>\n<meta property=\"og:title\" content=\"ESFP - Kezakoo SUP\" \/>\n<meta property=\"og:description\" content=\"Les ESFP sont des showmen et des showwomen vifs qui charment et s\u00e9duisent les gens qui les entourent. Ils sont spontan\u00e9s, \u00e9nergiques et amusants, et aiment les plaisirs de la vie: la nourriture, les v\u00eatements, la nature, les animaux et surtout les autres personnes. Les ESFP comme toi sont typiquement chaleureux et bavards et ont [&hellip;]\" \/>\n<meta property=\"og:url\" content=\"https:\/\/www.kezakoo.com\/sup\/esfp\/\" \/>\n<meta property=\"og:site_name\" content=\"Kezakoo SUP\" \/>\n<meta property=\"article:publisher\" content=\"https:\/\/facebook.com\/kezakoo\" \/>\n<meta property=\"article:modified_time\" content=\"2020-05-14T09:52:55+00:00\" \/>\n<meta property=\"og:image\" content=\"https:\/\/www.kezakoo.com\/sup\/wp-content\/uploads\/2017\/04\/sup.jpg\" \/>\n\t<meta property=\"og:image:width\" content=\"1900\" \/>\n\t<meta property=\"og:image:height\" content=\"1268\" \/>\n\t<meta property=\"og:image:type\" content=\"image\/jpeg\" \/>\n<meta name=\"twitter:card\" content=\"summary_large_image\" \/>\n<meta name=\"twitter:label1\" content=\"Dur\u00e9e de lecture estim\u00e9e\" \/>\n\t<meta name=\"twitter:data1\" content=\"1 minute\" \/>\n<script type=\"application\/ld+json\" class=\"yoast-schema-graph\">{\"@context\":\"https:\/\/schema.org\",\"@graph\":[{\"@type\":\"WebPage\",\"@id\":\"https:\/\/www.kezakoo.com\/sup\/esfp\/\",\"url\":\"https:\/\/www.kezakoo.com\/sup\/esfp\/\",\"name\":\"ESFP - Kezakoo SUP\",\"isPartOf\":{\"@id\":\"https:\/\/www.kezakoo.com\/sup\/ar\/#website\"},\"datePublished\":\"2019-06-24T14:44:16+00:00\",\"dateModified\":\"2020-05-14T09:52:55+00:00\",\"breadcrumb\":{\"@id\":\"https:\/\/www.kezakoo.com\/sup\/esfp\/#breadcrumb\"},\"inLanguage\":\"fr-FR\",\"potentialAction\":[{\"@type\":\"ReadAction\",\"target\":[\"https:\/\/www.kezakoo.com\/sup\/esfp\/\"]}]},{\"@type\":\"BreadcrumbList\",\"@id\":\"https:\/\/www.kezakoo.com\/sup\/esfp\/#breadcrumb\",\"itemListElement\":[{\"@type\":\"ListItem\",\"position\":1,\"name\":\"Accueil\",\"item\":\"https:\/\/www.kezakoo.com\/sup\/\"},{\"@type\":\"ListItem\",\"position\":2,\"name\":\"ESFP\"}]},{\"@type\":\"WebSite\",\"@id\":\"https:\/\/www.kezakoo.com\/sup\/ar\/#website\",\"url\":\"https:\/\/www.kezakoo.com\/sup\/ar\/\",\"name\":\"Kezakoo SUP\",\"description\":\"La r\u00e9f\u00e9rence de l&#039;enseignement sup\u00e9rieur au Maroc\",\"publisher\":{\"@id\":\"https:\/\/www.kezakoo.com\/sup\/ar\/#organization\"},\"potentialAction\":[{\"@type\":\"SearchAction\",\"target\":{\"@type\":\"EntryPoint\",\"urlTemplate\":\"https:\/\/www.kezakoo.com\/sup\/ar\/?s={search_term_string}\"},\"query-input\":{\"@type\":\"PropertyValueSpecification\",\"valueRequired\":true,\"valueName\":\"search_term_string\"}}],\"inLanguage\":\"fr-FR\"},{\"@type\":\"Organization\",\"@id\":\"https:\/\/www.kezakoo.com\/sup\/ar\/#organization\",\"name\":\"Kezakoo\",\"url\":\"https:\/\/www.kezakoo.com\/sup\/ar\/\",\"logo\":{\"@type\":\"ImageObject\",\"inLanguage\":\"fr-FR\",\"@id\":\"https:\/\/www.kezakoo.com\/sup\/ar\/#\/schema\/logo\/image\/\",\"url\":\"https:\/\/kezakoo.com\/sup\/wp-content\/uploads\/2017\/04\/Logo_Kezakoo_black_orange.png\",\"contentUrl\":\"https:\/\/kezakoo.com\/sup\/wp-content\/uploads\/2017\/04\/Logo_Kezakoo_black_orange.png\",\"width\":1086,\"height\":308,\"caption\":\"Kezakoo\"},\"image\":{\"@id\":\"https:\/\/www.kezakoo.com\/sup\/ar\/#\/schema\/logo\/image\/\"},\"sameAs\":[\"https:\/\/facebook.com\/kezakoo\",\"https:\/\/www.linkedin.com\/company\/kezakoo\",\"https:\/\/www.youtube.com\/user\/kezakoo1\"]}]}<\/script>\n<!-- \/ Yoast SEO plugin. -->","yoast_head_json":{"title":"ESFP - Kezakoo SUP","robots":{"index":"index","follow":"follow","max-snippet":"max-snippet:-1","max-image-preview":"max-image-preview:large","max-video-preview":"max-video-preview:-1"},"canonical":"https:\/\/www.kezakoo.com\/sup\/esfp\/","og_locale":"fr_FR","og_type":"article","og_title":"ESFP - Kezakoo SUP","og_description":"Les ESFP sont des showmen et des showwomen vifs qui charment et s\u00e9duisent les gens qui les entourent. Ils sont spontan\u00e9s, \u00e9nergiques et amusants, et aiment les plaisirs de la vie: la nourriture, les v\u00eatements, la nature, les animaux et surtout les autres personnes. Les ESFP comme toi sont typiquement chaleureux et bavards et ont [&hellip;]","og_url":"https:\/\/www.kezakoo.com\/sup\/esfp\/","og_site_name":"Kezakoo SUP","article_publisher":"https:\/\/facebook.com\/kezakoo","article_modified_time":"2020-05-14T09:52:55+00:00","og_image":[{"width":1900,"height":1268,"url":"https:\/\/www.kezakoo.com\/sup\/wp-content\/uploads\/2017\/04\/sup.jpg","type":"image\/jpeg"}],"twitter_card":"summary_large_image","twitter_misc":{"Dur\u00e9e de lecture estim\u00e9e":"1 minute"},"schema":{"@context":"https:\/\/schema.org","@graph":[{"@type":"WebPage","@id":"https:\/\/www.kezakoo.com\/sup\/esfp\/","url":"https:\/\/www.kezakoo.com\/sup\/esfp\/","name":"ESFP - Kezakoo SUP","isPartOf":{"@id":"https:\/\/www.kezakoo.com\/sup\/ar\/#website"},"datePublished":"2019-06-24T14:44:16+00:00","dateModified":"2020-05-14T09:52:55+00:00","breadcrumb":{"@id":"https:\/\/www.kezakoo.com\/sup\/esfp\/#breadcrumb"},"inLanguage":"fr-FR","potentialAction":[{"@type":"ReadAction","target":["https:\/\/www.kezakoo.com\/sup\/esfp\/"]}]},{"@type":"BreadcrumbList","@id":"https:\/\/www.kezakoo.com\/sup\/esfp\/#breadcrumb","itemListElement":[{"@type":"ListItem","position":1,"name":"Accueil","item":"https:\/\/www.kezakoo.com\/sup\/"},{"@type":"ListItem","position":2,"name":"ESFP"}]},{"@type":"WebSite","@id":"https:\/\/www.kezakoo.com\/sup\/ar\/#website","url":"https:\/\/www.kezakoo.com\/sup\/ar\/","name":"Kezakoo SUP","description":"La r\u00e9f\u00e9rence de l&#039;enseignement sup\u00e9rieur au Maroc","publisher":{"@id":"https:\/\/www.kezakoo.com\/sup\/ar\/#organization"},"potentialAction":[{"@type":"SearchAction","target":{"@type":"EntryPoint","urlTemplate":"https:\/\/www.kezakoo.com\/sup\/ar\/?s={search_term_string}"},"query-input":{"@type":"PropertyValueSpecification","valueRequired":true,"valueName":"search_term_string"}}],"inLanguage":"fr-FR"},{"@type":"Organization","@id":"https:\/\/www.kezakoo.com\/sup\/ar\/#organization","name":"Kezakoo","url":"https:\/\/www.kezakoo.com\/sup\/ar\/","logo":{"@type":"ImageObject","inLanguage":"fr-FR","@id":"https:\/\/www.kezakoo.com\/sup\/ar\/#\/schema\/logo\/image\/","url":"https:\/\/kezakoo.com\/sup\/wp-content\/uploads\/2017\/04\/Logo_Kezakoo_black_orange.png","contentUrl":"https:\/\/kezakoo.com\/sup\/wp-content\/uploads\/2017\/04\/Logo_Kezakoo_black_orange.png","width":1086,"height":308,"caption":"Kezakoo"},"image":{"@id":"https:\/\/www.kezakoo.com\/sup\/ar\/#\/schema\/logo\/image\/"},"sameAs":["https:\/\/facebook.com\/kezakoo","https:\/\/www.linkedin.com\/company\/kezakoo","https:\/\/www.youtube.com\/user\/kezakoo1"]}]}},"lang":"fr","translations":{"fr":2944},"pll_sync_post":[],"_links":{"self":[{"href":"https:\/\/www.kezakoo.com\/sup\/wp-json\/wp\/v2\/pages\/2944","targetHints":{"allow":["GET"]}}],"collection":[{"href":"https:\/\/www.kezakoo.com\/sup\/wp-json\/wp\/v2\/pages"}],"about":[{"href":"https:\/\/www.kezakoo.com\/sup\/wp-json\/wp\/v2\/types\/page"}],"author":[{"embeddable":true,"href":"https:\/\/www.kezakoo.com\/sup\/wp-json\/wp\/v2\/users\/1"}],"replies":[{"embeddable":true,"href":"https:\/\/www.kezakoo.com\/sup\/wp-json\/wp\/v2\/comments?post=2944"}],"version-history":[{"count":16,"href":"https:\/\/www.kezakoo.com\/sup\/wp-json\/wp\/v2\/pages\/2944\/revisions"}],"predecessor-version":[{"id":3745,"href":"https:\/\/www.kezakoo.com\/sup\/wp-json\/wp\/v2\/pages\/2944\/revisions\/3745"}],"wp:attachment":[{"href":"https:\/\/www.kezakoo.com\/sup\/wp-json\/wp\/v2\/media?parent=2944"}],"curies":[{"name":"wp","href":"https:\/\/api.w.org\/{rel}","templated":true}]}}