{"id":2952,"date":"2019-06-24T16:52:04","date_gmt":"2019-06-24T14:52:04","guid":{"rendered":"https:\/\/sup.kezakoo.com\/?page_id=2952"},"modified":"2020-05-13T13:35:28","modified_gmt":"2020-05-13T11:35:28","slug":"infp","status":"publish","type":"page","link":"https:\/\/www.kezakoo.com\/sup\/infp\/","title":{"rendered":"INFP"},"content":{"rendered":"<p>Le type de personnalit\u00e9 INFP est souvent d\u00e9crit comme une personnalit\u00e9 &#8220;id\u00e9aliste&#8221; ou &#8220;m\u00e9diatrice&#8221;. Les personnes ayant ce type de personnalit\u00e9 ont tendance \u00e0 \u00eatre introverties, id\u00e9alistes, cr\u00e9atives et anim\u00e9es par de fortes valeurs.<\/p>\n<p>Les INFP oeuvrent \u00e0 faire du monde un endroit meilleur. Outre le fait qu&#8217;ils souhaitent mieux se conna\u00eetre et comprendre comment ils s&#8217;int\u00e8grent dans le monde, ils s&#8217;int\u00e9ressent \u00e9galement \u00e0 la mani\u00e8re dont ils peuvent aider au mieux les autres. Les personnes ayant ce type de personnalit\u00e9 passent beaucoup de temps \u00e0 explorer leur propre but dans la vie et \u00e0 r\u00e9fl\u00e9chir \u00e0 la mani\u00e8re dont elles peuvent utiliser leurs comp\u00e9tences et leurs talents pour servir au mieux l&#8217;humanit\u00e9.<\/p>\n<p>Si tu es INFP, alors tu es un id\u00e9aliste avec une grande imagination, guid\u00e9 par tes propres valeurs et croyances.\u00a0Les INFP sont sensibles, attentionn\u00e9s et compatissants, en plus d&#8217;\u00eatre profond\u00e9ment pr\u00e9occup\u00e9s par leur propre croissance personnelle. Ils n&#8217;aiment pas juger les autres et croient que chaque personne doit trouver son propre chemin.<\/p>\n<p>Parce que la compassion et l&#8217;id\u00e9alisme sont les voix de leur conscience, les INFJ accordent toujours une grande priorit\u00e9 \u00e0 la r\u00e9conciliation et au pardon.<\/p>\n<p>Les INFP aiment passer du temps \u00e0 explorer leurs propres id\u00e9es et valeurs, et encouragent les autres \u00e0 faire de m\u00eame. Ils sont cr\u00e9atifs et souvent artistiques dans le sens o\u00f9 ils aiment trouver de nouveaux moyens de s&#8217;exprimer.<\/p>\n<h3>Quelques INFP c\u00e9l\u00e8bres<\/h3>\n<p>JRR Tolkien (auteur de romans), William Shakespeare, Princesse Diana, Van Gogh, Bob Marley<\/p>\n","protected":false},"excerpt":{"rendered":"<p>Le type de personnalit\u00e9 INFP est souvent d\u00e9crit comme une personnalit\u00e9 &#8220;id\u00e9aliste&#8221; ou &#8220;m\u00e9diatrice&#8221;. Les personnes ayant ce type de personnalit\u00e9 ont tendance \u00e0 \u00eatre introverties, id\u00e9alistes, cr\u00e9atives et anim\u00e9es par de fortes valeurs. Les INFP oeuvrent \u00e0 faire du monde un endroit meilleur. Outre le fait qu&#8217;ils souhaitent mieux se conna\u00eetre et comprendre comment [&hellip;]<\/p>\n","protected":false},"author":1,"featured_media":0,"parent":0,"menu_order":0,"comment_status":"closed","ping_status":"closed","template":"personality-page.php","meta":{"_acf_changed":false,"footnotes":""},"class_list":["post-2952","page","type-page","status-publish","hentry"],"acf":[],"yoast_head":"<!-- This site is optimized with the Yoast SEO plugin v26.7 - https:\/\/yoast.com\/wordpress\/plugins\/seo\/ -->\n<title>INFP - Kezakoo SUP<\/title>\n<meta name=\"robots\" content=\"index, follow, max-snippet:-1, max-image-preview:large, max-video-preview:-1\" \/>\n<link rel=\"canonical\" href=\"https:\/\/www.kezakoo.com\/sup\/infp\/\" \/>\n<meta property=\"og:locale\" content=\"fr_FR\" \/>\n<meta property=\"og:type\" content=\"article\" \/>\n<meta property=\"og:title\" content=\"INFP - Kezakoo SUP\" \/>\n<meta property=\"og:description\" content=\"Le type de personnalit\u00e9 INFP est souvent d\u00e9crit comme une personnalit\u00e9 &#8220;id\u00e9aliste&#8221; ou &#8220;m\u00e9diatrice&#8221;. Les personnes ayant ce type de personnalit\u00e9 ont tendance \u00e0 \u00eatre introverties, id\u00e9alistes, cr\u00e9atives et anim\u00e9es par de fortes valeurs. Les INFP oeuvrent \u00e0 faire du monde un endroit meilleur. Outre le fait qu&#8217;ils souhaitent mieux se conna\u00eetre et comprendre comment [&hellip;]\" \/>\n<meta property=\"og:url\" content=\"https:\/\/www.kezakoo.com\/sup\/infp\/\" \/>\n<meta property=\"og:site_name\" content=\"Kezakoo SUP\" \/>\n<meta property=\"article:publisher\" content=\"https:\/\/facebook.com\/kezakoo\" \/>\n<meta property=\"article:modified_time\" content=\"2020-05-13T11:35:28+00:00\" \/>\n<meta property=\"og:image\" content=\"https:\/\/www.kezakoo.com\/sup\/wp-content\/uploads\/2017\/04\/sup.jpg\" \/>\n\t<meta property=\"og:image:width\" content=\"1900\" \/>\n\t<meta property=\"og:image:height\" content=\"1268\" \/>\n\t<meta property=\"og:image:type\" content=\"image\/jpeg\" \/>\n<meta name=\"twitter:card\" content=\"summary_large_image\" \/>\n<meta name=\"twitter:label1\" content=\"Dur\u00e9e de lecture estim\u00e9e\" \/>\n\t<meta name=\"twitter:data1\" content=\"1 minute\" \/>\n<script type=\"application\/ld+json\" class=\"yoast-schema-graph\">{\"@context\":\"https:\/\/schema.org\",\"@graph\":[{\"@type\":\"WebPage\",\"@id\":\"https:\/\/www.kezakoo.com\/sup\/infp\/\",\"url\":\"https:\/\/www.kezakoo.com\/sup\/infp\/\",\"name\":\"INFP - Kezakoo SUP\",\"isPartOf\":{\"@id\":\"https:\/\/www.kezakoo.com\/sup\/ar\/#website\"},\"datePublished\":\"2019-06-24T14:52:04+00:00\",\"dateModified\":\"2020-05-13T11:35:28+00:00\",\"breadcrumb\":{\"@id\":\"https:\/\/www.kezakoo.com\/sup\/infp\/#breadcrumb\"},\"inLanguage\":\"fr-FR\",\"potentialAction\":[{\"@type\":\"ReadAction\",\"target\":[\"https:\/\/www.kezakoo.com\/sup\/infp\/\"]}]},{\"@type\":\"BreadcrumbList\",\"@id\":\"https:\/\/www.kezakoo.com\/sup\/infp\/#breadcrumb\",\"itemListElement\":[{\"@type\":\"ListItem\",\"position\":1,\"name\":\"Accueil\",\"item\":\"https:\/\/www.kezakoo.com\/sup\/\"},{\"@type\":\"ListItem\",\"position\":2,\"name\":\"INFP\"}]},{\"@type\":\"WebSite\",\"@id\":\"https:\/\/www.kezakoo.com\/sup\/ar\/#website\",\"url\":\"https:\/\/www.kezakoo.com\/sup\/ar\/\",\"name\":\"Kezakoo SUP\",\"description\":\"La r\u00e9f\u00e9rence de l&#039;enseignement sup\u00e9rieur au Maroc\",\"publisher\":{\"@id\":\"https:\/\/www.kezakoo.com\/sup\/ar\/#organization\"},\"potentialAction\":[{\"@type\":\"SearchAction\",\"target\":{\"@type\":\"EntryPoint\",\"urlTemplate\":\"https:\/\/www.kezakoo.com\/sup\/ar\/?s={search_term_string}\"},\"query-input\":{\"@type\":\"PropertyValueSpecification\",\"valueRequired\":true,\"valueName\":\"search_term_string\"}}],\"inLanguage\":\"fr-FR\"},{\"@type\":\"Organization\",\"@id\":\"https:\/\/www.kezakoo.com\/sup\/ar\/#organization\",\"name\":\"Kezakoo\",\"url\":\"https:\/\/www.kezakoo.com\/sup\/ar\/\",\"logo\":{\"@type\":\"ImageObject\",\"inLanguage\":\"fr-FR\",\"@id\":\"https:\/\/www.kezakoo.com\/sup\/ar\/#\/schema\/logo\/image\/\",\"url\":\"https:\/\/kezakoo.com\/sup\/wp-content\/uploads\/2017\/04\/Logo_Kezakoo_black_orange.png\",\"contentUrl\":\"https:\/\/kezakoo.com\/sup\/wp-content\/uploads\/2017\/04\/Logo_Kezakoo_black_orange.png\",\"width\":1086,\"height\":308,\"caption\":\"Kezakoo\"},\"image\":{\"@id\":\"https:\/\/www.kezakoo.com\/sup\/ar\/#\/schema\/logo\/image\/\"},\"sameAs\":[\"https:\/\/facebook.com\/kezakoo\",\"https:\/\/www.linkedin.com\/company\/kezakoo\",\"https:\/\/www.youtube.com\/user\/kezakoo1\"]}]}<\/script>\n<!-- \/ Yoast SEO plugin. -->","yoast_head_json":{"title":"INFP - Kezakoo SUP","robots":{"index":"index","follow":"follow","max-snippet":"max-snippet:-1","max-image-preview":"max-image-preview:large","max-video-preview":"max-video-preview:-1"},"canonical":"https:\/\/www.kezakoo.com\/sup\/infp\/","og_locale":"fr_FR","og_type":"article","og_title":"INFP - Kezakoo SUP","og_description":"Le type de personnalit\u00e9 INFP est souvent d\u00e9crit comme une personnalit\u00e9 &#8220;id\u00e9aliste&#8221; ou &#8220;m\u00e9diatrice&#8221;. Les personnes ayant ce type de personnalit\u00e9 ont tendance \u00e0 \u00eatre introverties, id\u00e9alistes, cr\u00e9atives et anim\u00e9es par de fortes valeurs. Les INFP oeuvrent \u00e0 faire du monde un endroit meilleur. Outre le fait qu&#8217;ils souhaitent mieux se conna\u00eetre et comprendre comment [&hellip;]","og_url":"https:\/\/www.kezakoo.com\/sup\/infp\/","og_site_name":"Kezakoo SUP","article_publisher":"https:\/\/facebook.com\/kezakoo","article_modified_time":"2020-05-13T11:35:28+00:00","og_image":[{"width":1900,"height":1268,"url":"https:\/\/www.kezakoo.com\/sup\/wp-content\/uploads\/2017\/04\/sup.jpg","type":"image\/jpeg"}],"twitter_card":"summary_large_image","twitter_misc":{"Dur\u00e9e de lecture estim\u00e9e":"1 minute"},"schema":{"@context":"https:\/\/schema.org","@graph":[{"@type":"WebPage","@id":"https:\/\/www.kezakoo.com\/sup\/infp\/","url":"https:\/\/www.kezakoo.com\/sup\/infp\/","name":"INFP - Kezakoo SUP","isPartOf":{"@id":"https:\/\/www.kezakoo.com\/sup\/ar\/#website"},"datePublished":"2019-06-24T14:52:04+00:00","dateModified":"2020-05-13T11:35:28+00:00","breadcrumb":{"@id":"https:\/\/www.kezakoo.com\/sup\/infp\/#breadcrumb"},"inLanguage":"fr-FR","potentialAction":[{"@type":"ReadAction","target":["https:\/\/www.kezakoo.com\/sup\/infp\/"]}]},{"@type":"BreadcrumbList","@id":"https:\/\/www.kezakoo.com\/sup\/infp\/#breadcrumb","itemListElement":[{"@type":"ListItem","position":1,"name":"Accueil","item":"https:\/\/www.kezakoo.com\/sup\/"},{"@type":"ListItem","position":2,"name":"INFP"}]},{"@type":"WebSite","@id":"https:\/\/www.kezakoo.com\/sup\/ar\/#website","url":"https:\/\/www.kezakoo.com\/sup\/ar\/","name":"Kezakoo SUP","description":"La r\u00e9f\u00e9rence de l&#039;enseignement sup\u00e9rieur au Maroc","publisher":{"@id":"https:\/\/www.kezakoo.com\/sup\/ar\/#organization"},"potentialAction":[{"@type":"SearchAction","target":{"@type":"EntryPoint","urlTemplate":"https:\/\/www.kezakoo.com\/sup\/ar\/?s={search_term_string}"},"query-input":{"@type":"PropertyValueSpecification","valueRequired":true,"valueName":"search_term_string"}}],"inLanguage":"fr-FR"},{"@type":"Organization","@id":"https:\/\/www.kezakoo.com\/sup\/ar\/#organization","name":"Kezakoo","url":"https:\/\/www.kezakoo.com\/sup\/ar\/","logo":{"@type":"ImageObject","inLanguage":"fr-FR","@id":"https:\/\/www.kezakoo.com\/sup\/ar\/#\/schema\/logo\/image\/","url":"https:\/\/kezakoo.com\/sup\/wp-content\/uploads\/2017\/04\/Logo_Kezakoo_black_orange.png","contentUrl":"https:\/\/kezakoo.com\/sup\/wp-content\/uploads\/2017\/04\/Logo_Kezakoo_black_orange.png","width":1086,"height":308,"caption":"Kezakoo"},"image":{"@id":"https:\/\/www.kezakoo.com\/sup\/ar\/#\/schema\/logo\/image\/"},"sameAs":["https:\/\/facebook.com\/kezakoo","https:\/\/www.linkedin.com\/company\/kezakoo","https:\/\/www.youtube.com\/user\/kezakoo1"]}]}},"lang":"fr","translations":{"ar":4784,"fr":2952},"pll_sync_post":[],"_links":{"self":[{"href":"https:\/\/www.kezakoo.com\/sup\/wp-json\/wp\/v2\/pages\/2952","targetHints":{"allow":["GET"]}}],"collection":[{"href":"https:\/\/www.kezakoo.com\/sup\/wp-json\/wp\/v2\/pages"}],"about":[{"href":"https:\/\/www.kezakoo.com\/sup\/wp-json\/wp\/v2\/types\/page"}],"author":[{"embeddable":true,"href":"https:\/\/www.kezakoo.com\/sup\/wp-json\/wp\/v2\/users\/1"}],"replies":[{"embeddable":true,"href":"https:\/\/www.kezakoo.com\/sup\/wp-json\/wp\/v2\/comments?post=2952"}],"version-history":[{"count":14,"href":"https:\/\/www.kezakoo.com\/sup\/wp-json\/wp\/v2\/pages\/2952\/revisions"}],"predecessor-version":[{"id":3735,"href":"https:\/\/www.kezakoo.com\/sup\/wp-json\/wp\/v2\/pages\/2952\/revisions\/3735"}],"wp:attachment":[{"href":"https:\/\/www.kezakoo.com\/sup\/wp-json\/wp\/v2\/media?parent=2952"}],"curies":[{"name":"wp","href":"https:\/\/api.w.org\/{rel}","templated":true}]}}