{"id":39,"date":"2017-03-31T16:28:27","date_gmt":"2017-03-31T14:28:27","guid":{"rendered":"http:\/\/studio.cridio.com\/listingpro-content\/?page_id=39"},"modified":"2019-05-07T14:37:23","modified_gmt":"2019-05-07T12:37:23","slug":"a-propos","status":"publish","type":"page","link":"https:\/\/www.kezakoo.com\/sup\/a-propos\/","title":{"rendered":"Nous conna\u00eetre"},"content":{"rendered":"<p>[vc_row row_type=&#8221;row_full_width_content&#8221;][vc_column css=&#8221;.vc_custom_1557231893697{margin-top: -25px !important;padding-top: 300px !important;padding-bottom: 300px !important;background-image: url(https:\/\/www.kezakoo.com\/sup\/wp-content\/uploads\/2019\/05\/keza.jpg?id=2499) !important;background-position: center !important;background-repeat: no-repeat !important;background-size: cover !important;}&#8221;][\/vc_column][\/vc_row][vc_row][vc_column width=&#8221;1\/4&#8243;][\/vc_column][vc_column width=&#8221;1\/2&#8243; el_class=&#8221;biggertext&#8221; css=&#8221;.vc_custom_1557231948908{margin-top: 50px !important;margin-bottom: 50px !important;}&#8221;][vc_column_text]Kezakoo est un hub \u00e9ducatif qui a pour mission d&#8217;accompagner les jeunes marocains dans leur orientation, leur d\u00e9veloppement personnel et leur r\u00e9ussite scolaire.<\/p>\n<p>Kezakoo a \u00e9t\u00e9 fond\u00e9 en 2013 par Youssef Ghalem, alors ing\u00e9nieur en syst\u00e8me d&#8217;informations mais grand passionn\u00e9 de p\u00e9dagogie, de math\u00e9matiques et d&#8217;outils technologiques. <a href=\"https:\/\/kezakoo.com\">Kezakoo.com<\/a> comporte aujourd&#8217;hui plus de 1200 vid\u00e9os couvrant la quasi-totalit\u00e9 du programme lyc\u00e9e marocain.<\/p>\n<p>Nous sommes aujourd&#8217;hui une petite \u00e9quipe de passionn\u00e9s de l&#8217;\u00e9ducation et du partage de savoir, et nous offrons aux jeunes marocain \u00e0 travers Kezakoo SUP un nouvel angle sur l&#8217;orientation.[\/vc_column_text][\/vc_column][vc_column width=&#8221;1\/4&#8243;][\/vc_column][\/vc_row][vc_row][vc_column][vc_single_image image=&#8221;2498&#8243; img_size=&#8221;full&#8221;][\/vc_column][\/vc_row][vc_row][vc_column width=&#8221;1\/4&#8243;][\/vc_column][vc_column width=&#8221;1\/2&#8243; el_class=&#8221;biggertext&#8221; css=&#8221;.vc_custom_1557231960714{margin-top: 50px !important;margin-bottom: 50px !important;}&#8221;][vc_column_text]Dans un monde qui change \u00e0 une allure vertigineuse, et des machines qui remplacent chaque jour des milliers de salari\u00e9s, il est devenu plus important que jamais de d\u00e9velopper ses comp\u00e9tences personnelles. Il ne suffit pas de connaitre des th\u00e9or\u00e8mes ou des languages de programmation car ce qui nous diff\u00e9rencie des machines est notre capacit\u00e9 \u00e0 inspirer, travailler en \u00e9quipe, parler en public, innover&#8230;<\/p>\n<p>Dans ce sens, Kezakoo SUP se veut non seulement un hub pour l&#8217;orientation mais aussi pour le d\u00e9veloppement personnel des jeunes marocain, un atout essentiel pour r\u00e9ussir dans le monde d&#8217;aujourd&#8217;hui, personnellement et professionnellement.[\/vc_column_text][\/vc_column][vc_column width=&#8221;1\/4&#8243;][\/vc_column][\/vc_row]<\/p>\n","protected":false},"excerpt":{"rendered":"<p>[vc_row row_type=&#8221;row_full_width_content&#8221;][vc_column css=&#8221;.vc_custom_1557231893697{margin-top: -25px !important;padding-top: 300px !important;padding-bottom: 300px !important;background-image: url(https:\/\/www.kezakoo.com\/sup\/wp-content\/uploads\/2019\/05\/keza.jpg?id=2499) !important;background-position: center !important;background-repeat: no-repeat !important;background-size: cover !important;}&#8221;][\/vc_column][\/vc_row][vc_row][vc_column width=&#8221;1\/4&#8243;][\/vc_column][vc_column width=&#8221;1\/2&#8243; el_class=&#8221;biggertext&#8221; css=&#8221;.vc_custom_1557231948908{margin-top: 50px !important;margin-bottom: 50px !important;}&#8221;][vc_column_text]Kezakoo est un hub \u00e9ducatif qui a pour mission d&#8217;accompagner les jeunes marocains dans leur orientation, leur d\u00e9veloppement personnel et leur r\u00e9ussite scolaire. Kezakoo a \u00e9t\u00e9 fond\u00e9 en 2013 par Youssef [&hellip;]<\/p>\n","protected":false},"author":1,"featured_media":0,"parent":0,"menu_order":0,"comment_status":"closed","ping_status":"closed","template":"","meta":{"_acf_changed":false,"footnotes":""},"class_list":["post-39","page","type-page","status-publish","hentry"],"acf":[],"yoast_head":"<!-- This site is optimized with the Yoast SEO plugin v26.7 - https:\/\/yoast.com\/wordpress\/plugins\/seo\/ -->\n<title>Nous conna\u00eetre - Kezakoo SUP<\/title>\n<meta name=\"robots\" content=\"index, follow, max-snippet:-1, max-image-preview:large, max-video-preview:-1\" \/>\n<link rel=\"canonical\" href=\"https:\/\/www.kezakoo.com\/sup\/a-propos\/\" \/>\n<meta property=\"og:locale\" content=\"fr_FR\" \/>\n<meta property=\"og:type\" content=\"article\" \/>\n<meta property=\"og:title\" content=\"Nous conna\u00eetre - Kezakoo SUP\" \/>\n<meta property=\"og:description\" content=\"[vc_row row_type=&#8221;row_full_width_content&#8221;][vc_column css=&#8221;.vc_custom_1557231893697{margin-top: -25px !important;padding-top: 300px !important;padding-bottom: 300px !important;background-image: url(https:\/\/www.kezakoo.com\/sup\/wp-content\/uploads\/2019\/05\/keza.jpg?id=2499) !important;background-position: center !important;background-repeat: no-repeat !important;background-size: cover !important;}&#8221;][\/vc_column][\/vc_row][vc_row][vc_column width=&#8221;1\/4&#8243;][\/vc_column][vc_column width=&#8221;1\/2&#8243; el_class=&#8221;biggertext&#8221; css=&#8221;.vc_custom_1557231948908{margin-top: 50px !important;margin-bottom: 50px !important;}&#8221;][vc_column_text]Kezakoo est un hub \u00e9ducatif qui a pour mission d&#8217;accompagner les jeunes marocains dans leur orientation, leur d\u00e9veloppement personnel et leur r\u00e9ussite scolaire. Kezakoo a \u00e9t\u00e9 fond\u00e9 en 2013 par Youssef [&hellip;]\" \/>\n<meta property=\"og:url\" content=\"https:\/\/www.kezakoo.com\/sup\/a-propos\/\" \/>\n<meta property=\"og:site_name\" content=\"Kezakoo SUP\" \/>\n<meta property=\"article:publisher\" content=\"https:\/\/facebook.com\/kezakoo\" \/>\n<meta property=\"article:modified_time\" content=\"2019-05-07T12:37:23+00:00\" \/>\n<meta property=\"og:image\" content=\"https:\/\/www.kezakoo.com\/sup\/wp-content\/uploads\/2017\/04\/sup.jpg\" \/>\n\t<meta property=\"og:image:width\" content=\"1900\" \/>\n\t<meta property=\"og:image:height\" content=\"1268\" \/>\n\t<meta property=\"og:image:type\" content=\"image\/jpeg\" \/>\n<meta name=\"twitter:card\" content=\"summary_large_image\" \/>\n<meta name=\"twitter:label1\" content=\"Dur\u00e9e de lecture estim\u00e9e\" \/>\n\t<meta name=\"twitter:data1\" content=\"2 minutes\" \/>\n<script type=\"application\/ld+json\" class=\"yoast-schema-graph\">{\"@context\":\"https:\/\/schema.org\",\"@graph\":[{\"@type\":\"WebPage\",\"@id\":\"https:\/\/www.kezakoo.com\/sup\/a-propos\/\",\"url\":\"https:\/\/www.kezakoo.com\/sup\/a-propos\/\",\"name\":\"Nous conna\u00eetre - Kezakoo SUP\",\"isPartOf\":{\"@id\":\"https:\/\/www.kezakoo.com\/sup\/ar\/#website\"},\"datePublished\":\"2017-03-31T14:28:27+00:00\",\"dateModified\":\"2019-05-07T12:37:23+00:00\",\"breadcrumb\":{\"@id\":\"https:\/\/www.kezakoo.com\/sup\/a-propos\/#breadcrumb\"},\"inLanguage\":\"fr-FR\",\"potentialAction\":[{\"@type\":\"ReadAction\",\"target\":[\"https:\/\/www.kezakoo.com\/sup\/a-propos\/\"]}]},{\"@type\":\"BreadcrumbList\",\"@id\":\"https:\/\/www.kezakoo.com\/sup\/a-propos\/#breadcrumb\",\"itemListElement\":[{\"@type\":\"ListItem\",\"position\":1,\"name\":\"Accueil\",\"item\":\"https:\/\/www.kezakoo.com\/sup\/\"},{\"@type\":\"ListItem\",\"position\":2,\"name\":\"Nous conna\u00eetre\"}]},{\"@type\":\"WebSite\",\"@id\":\"https:\/\/www.kezakoo.com\/sup\/ar\/#website\",\"url\":\"https:\/\/www.kezakoo.com\/sup\/ar\/\",\"name\":\"Kezakoo SUP\",\"description\":\"La r\u00e9f\u00e9rence de l&#039;enseignement sup\u00e9rieur au Maroc\",\"publisher\":{\"@id\":\"https:\/\/www.kezakoo.com\/sup\/ar\/#organization\"},\"potentialAction\":[{\"@type\":\"SearchAction\",\"target\":{\"@type\":\"EntryPoint\",\"urlTemplate\":\"https:\/\/www.kezakoo.com\/sup\/ar\/?s={search_term_string}\"},\"query-input\":{\"@type\":\"PropertyValueSpecification\",\"valueRequired\":true,\"valueName\":\"search_term_string\"}}],\"inLanguage\":\"fr-FR\"},{\"@type\":\"Organization\",\"@id\":\"https:\/\/www.kezakoo.com\/sup\/ar\/#organization\",\"name\":\"Kezakoo\",\"url\":\"https:\/\/www.kezakoo.com\/sup\/ar\/\",\"logo\":{\"@type\":\"ImageObject\",\"inLanguage\":\"fr-FR\",\"@id\":\"https:\/\/www.kezakoo.com\/sup\/ar\/#\/schema\/logo\/image\/\",\"url\":\"https:\/\/kezakoo.com\/sup\/wp-content\/uploads\/2017\/04\/Logo_Kezakoo_black_orange.png\",\"contentUrl\":\"https:\/\/kezakoo.com\/sup\/wp-content\/uploads\/2017\/04\/Logo_Kezakoo_black_orange.png\",\"width\":1086,\"height\":308,\"caption\":\"Kezakoo\"},\"image\":{\"@id\":\"https:\/\/www.kezakoo.com\/sup\/ar\/#\/schema\/logo\/image\/\"},\"sameAs\":[\"https:\/\/facebook.com\/kezakoo\",\"https:\/\/www.linkedin.com\/company\/kezakoo\",\"https:\/\/www.youtube.com\/user\/kezakoo1\"]}]}<\/script>\n<!-- \/ Yoast SEO plugin. -->","yoast_head_json":{"title":"Nous conna\u00eetre - Kezakoo SUP","robots":{"index":"index","follow":"follow","max-snippet":"max-snippet:-1","max-image-preview":"max-image-preview:large","max-video-preview":"max-video-preview:-1"},"canonical":"https:\/\/www.kezakoo.com\/sup\/a-propos\/","og_locale":"fr_FR","og_type":"article","og_title":"Nous conna\u00eetre - Kezakoo SUP","og_description":"[vc_row row_type=&#8221;row_full_width_content&#8221;][vc_column css=&#8221;.vc_custom_1557231893697{margin-top: -25px !important;padding-top: 300px !important;padding-bottom: 300px !important;background-image: url(https:\/\/www.kezakoo.com\/sup\/wp-content\/uploads\/2019\/05\/keza.jpg?id=2499) !important;background-position: center !important;background-repeat: no-repeat !important;background-size: cover !important;}&#8221;][\/vc_column][\/vc_row][vc_row][vc_column width=&#8221;1\/4&#8243;][\/vc_column][vc_column width=&#8221;1\/2&#8243; el_class=&#8221;biggertext&#8221; css=&#8221;.vc_custom_1557231948908{margin-top: 50px !important;margin-bottom: 50px !important;}&#8221;][vc_column_text]Kezakoo est un hub \u00e9ducatif qui a pour mission d&#8217;accompagner les jeunes marocains dans leur orientation, leur d\u00e9veloppement personnel et leur r\u00e9ussite scolaire. Kezakoo a \u00e9t\u00e9 fond\u00e9 en 2013 par Youssef [&hellip;]","og_url":"https:\/\/www.kezakoo.com\/sup\/a-propos\/","og_site_name":"Kezakoo SUP","article_publisher":"https:\/\/facebook.com\/kezakoo","article_modified_time":"2019-05-07T12:37:23+00:00","og_image":[{"width":1900,"height":1268,"url":"https:\/\/www.kezakoo.com\/sup\/wp-content\/uploads\/2017\/04\/sup.jpg","type":"image\/jpeg"}],"twitter_card":"summary_large_image","twitter_misc":{"Dur\u00e9e de lecture estim\u00e9e":"2 minutes"},"schema":{"@context":"https:\/\/schema.org","@graph":[{"@type":"WebPage","@id":"https:\/\/www.kezakoo.com\/sup\/a-propos\/","url":"https:\/\/www.kezakoo.com\/sup\/a-propos\/","name":"Nous conna\u00eetre - Kezakoo SUP","isPartOf":{"@id":"https:\/\/www.kezakoo.com\/sup\/ar\/#website"},"datePublished":"2017-03-31T14:28:27+00:00","dateModified":"2019-05-07T12:37:23+00:00","breadcrumb":{"@id":"https:\/\/www.kezakoo.com\/sup\/a-propos\/#breadcrumb"},"inLanguage":"fr-FR","potentialAction":[{"@type":"ReadAction","target":["https:\/\/www.kezakoo.com\/sup\/a-propos\/"]}]},{"@type":"BreadcrumbList","@id":"https:\/\/www.kezakoo.com\/sup\/a-propos\/#breadcrumb","itemListElement":[{"@type":"ListItem","position":1,"name":"Accueil","item":"https:\/\/www.kezakoo.com\/sup\/"},{"@type":"ListItem","position":2,"name":"Nous conna\u00eetre"}]},{"@type":"WebSite","@id":"https:\/\/www.kezakoo.com\/sup\/ar\/#website","url":"https:\/\/www.kezakoo.com\/sup\/ar\/","name":"Kezakoo SUP","description":"La r\u00e9f\u00e9rence de l&#039;enseignement sup\u00e9rieur au Maroc","publisher":{"@id":"https:\/\/www.kezakoo.com\/sup\/ar\/#organization"},"potentialAction":[{"@type":"SearchAction","target":{"@type":"EntryPoint","urlTemplate":"https:\/\/www.kezakoo.com\/sup\/ar\/?s={search_term_string}"},"query-input":{"@type":"PropertyValueSpecification","valueRequired":true,"valueName":"search_term_string"}}],"inLanguage":"fr-FR"},{"@type":"Organization","@id":"https:\/\/www.kezakoo.com\/sup\/ar\/#organization","name":"Kezakoo","url":"https:\/\/www.kezakoo.com\/sup\/ar\/","logo":{"@type":"ImageObject","inLanguage":"fr-FR","@id":"https:\/\/www.kezakoo.com\/sup\/ar\/#\/schema\/logo\/image\/","url":"https:\/\/kezakoo.com\/sup\/wp-content\/uploads\/2017\/04\/Logo_Kezakoo_black_orange.png","contentUrl":"https:\/\/kezakoo.com\/sup\/wp-content\/uploads\/2017\/04\/Logo_Kezakoo_black_orange.png","width":1086,"height":308,"caption":"Kezakoo"},"image":{"@id":"https:\/\/www.kezakoo.com\/sup\/ar\/#\/schema\/logo\/image\/"},"sameAs":["https:\/\/facebook.com\/kezakoo","https:\/\/www.linkedin.com\/company\/kezakoo","https:\/\/www.youtube.com\/user\/kezakoo1"]}]}},"lang":"fr","translations":{"ar":6215,"fr":39},"pll_sync_post":[],"_links":{"self":[{"href":"https:\/\/www.kezakoo.com\/sup\/wp-json\/wp\/v2\/pages\/39","targetHints":{"allow":["GET"]}}],"collection":[{"href":"https:\/\/www.kezakoo.com\/sup\/wp-json\/wp\/v2\/pages"}],"about":[{"href":"https:\/\/www.kezakoo.com\/sup\/wp-json\/wp\/v2\/types\/page"}],"author":[{"embeddable":true,"href":"https:\/\/www.kezakoo.com\/sup\/wp-json\/wp\/v2\/users\/1"}],"replies":[{"embeddable":true,"href":"https:\/\/www.kezakoo.com\/sup\/wp-json\/wp\/v2\/comments?post=39"}],"version-history":[{"count":15,"href":"https:\/\/www.kezakoo.com\/sup\/wp-json\/wp\/v2\/pages\/39\/revisions"}],"predecessor-version":[{"id":2510,"href":"https:\/\/www.kezakoo.com\/sup\/wp-json\/wp\/v2\/pages\/39\/revisions\/2510"}],"wp:attachment":[{"href":"https:\/\/www.kezakoo.com\/sup\/wp-json\/wp\/v2\/media?parent=39"}],"curies":[{"name":"wp","href":"https:\/\/api.w.org\/{rel}","templated":true}]}}