{"id":482,"date":"2019-01-28T14:47:51","date_gmt":"2019-01-28T13:47:51","guid":{"rendered":"https:\/\/sup.kezakoo.com\/?page_id=482"},"modified":"2019-06-20T12:31:33","modified_gmt":"2019-06-20T10:31:33","slug":"politique-de-confidentialite","status":"publish","type":"page","link":"https:\/\/www.kezakoo.com\/sup\/politique-de-confidentialite\/","title":{"rendered":"Politique de confidentialit\u00e9"},"content":{"rendered":"<h2 style=\"text-align: justify;\">Pr\u00e9sentation<\/h2>\n<p style=\"text-align: justify;\"><strong>Sup.kezakoo.com<\/strong>\u00a0est un service en ligne qui offre \u00e0 chaque Utilisateur la possibilit\u00e9 de trouver une formation adapt\u00e9e et personnalis\u00e9e selon diff\u00e9rents crit\u00e8res d\u00e9finis par l\u2019Utilisateur (une recherche par domaine de formation, par m\u00e9tier, par zone g\u00e9ographique ou encore par type de scolarit\u00e9).<\/p>\n<p style=\"text-align: justify;\">Kezakoo permet \u00e9galement aux Utilisateurs de donner leur avis sur les formations des \u00e9tablissements qu&#8217;ils ont fr\u00e9quent\u00e9. L\u2019\u00e9valuation se fait selon diff\u00e9rents crit\u00e8res. Ces avis sont consultables par tous les autres Utilisateurs depuis les pages \u00e9tablissements sur https:\/\/www.kezakoo.com\/sup<\/p>\n<p style=\"text-align: justify;\">En acc\u00e9dant \u00e0 <strong>Sup.kezakoo.com<\/strong>\u00a0et en utilisant les services propos\u00e9s, l\u2019Utilisateur reconna\u00eet avoir lu et compris la pr\u00e9sente Politique g\u00e9n\u00e9rale relative \u00e0 la protection des donn\u00e9es personnelles, ainsi que les pratiques de recueil de consentement, de collecte et de traitement des informations d\u00e9crites dans ce document.<\/p>\n<p style=\"text-align: justify;\"><strong>Sup.kezakoo.com <\/strong>souhaite respecter toutes les obligations l\u00e9gales en mati\u00e8re de protection des donn\u00e9es \u00e0 caract\u00e8re personnel, notamment en s\u2019engageant publiquement dans la conformit\u00e9 au R\u00e8glement G\u00e9n\u00e9ral pour la Protection des Donn\u00e9es et \u00e0 la Loi Informatique et Libert\u00e9s.<\/p>\n<p style=\"text-align: justify;\">La pr\u00e9sente politique de protection de vos donn\u00e9es est destin\u00e9e \u00e0 vous informer de nos choix et de nos pratiques en mati\u00e8re de respect de la vie priv\u00e9e, ainsi que des options que vous pouvez op\u00e9rer sur la mani\u00e8re dont vos donn\u00e9es sont recueillies en ligne et comment elles sont utilis\u00e9es.<\/p>\n<p style=\"text-align: justify;\">Conform\u00e9ment \u00e0 la Loi Informatique et Libert\u00e9s, et le R\u00e8glement G\u00e9n\u00e9ral pour la Protection des Donn\u00e9es la soci\u00e9t\u00e9\u00a0<strong>DIPLOMEO<\/strong>\u00a0s\u2019engage \u00e0 :<\/p>\n<ul style=\"text-align: justify;\">\n<li>ne traiter que des donn\u00e9es loyalement et licitement collect\u00e9es ;<\/li>\n<li>ne traiter les donn\u00e9es ainsi collect\u00e9es que dans le cadre des finalit\u00e9s d\u00e9termin\u00e9es, explicites et l\u00e9gitimes ;<\/li>\n<li>ne traiter que les donn\u00e9es ad\u00e9quates et pertinentes et non excessives au regard de la finalit\u00e9 de ses traitements ;<\/li>\n<li>prendre toutes pr\u00e9cautions utiles afin de pr\u00e9server la s\u00e9curit\u00e9 des donn\u00e9es, afin notamment d\u2019emp\u00eacher qu\u2019elles ne soient d\u00e9form\u00e9es, alt\u00e9r\u00e9es, endommag\u00e9es ;<\/li>\n<\/ul>\n<p style=\"text-align: justify;\">Conscients du fait que la fourniture d\u2019informations en ligne implique une grande marque de confiance de votre part, nous consid\u00e9rons cette confiance avec le plus grand s\u00e9rieux et faisons une priorit\u00e9 majeure de la s\u00e9curit\u00e9 et de la confidentialit\u00e9 des donn\u00e9es personnelles que vous nous fournissez lorsque vous consultez notre site internet et utilisez nos services.<\/p>\n<h2 style=\"text-align: justify;\">Propri\u00e9t\u00e9 intellectuelle de notre site<\/h2>\n<p style=\"text-align: justify;\">Le contenu de notre site, la structure g\u00e9n\u00e9rale, l\u2019arborescence, les contenus textuels, les images anim\u00e9es ou non et les logos dont le site est compos\u00e9 sont la propri\u00e9t\u00e9 exclusive de la soci\u00e9t\u00e9\u00a0<strong>KEZAKOO<\/strong>. Toute repr\u00e9sentation, totale ou partielle, de ce site ou de son contenu, sur un quelconque support, pour un usage collectif ou professionnel, m\u00eame en interne dans l\u2019entreprise, par quelques proc\u00e9d\u00e9s que ce soient, sans l\u2019autorisation pr\u00e9alable expresse et \u00e9crite de la soci\u00e9t\u00e9 <b>KEZAKOO <\/b>est interdite et constituerait une contrefa\u00e7on sanctionn\u00e9e, soumettant le contrevenant et toutes personnes responsables aux peines p\u00e9nales et civiles pr\u00e9vues par la Loi Marocaine.<\/p>\n<h2 style=\"text-align: justify;\">Avis et commentaires<\/h2>\n<p style=\"text-align: justify;\">En laissant un avis, un commentaire ou une \u00e9valuation sur une \u00e9cole ou un \u00e9tablissement donn\u00e9, l\u2019Utilisateur reconna\u00eet et convient que lesdites contributions sont non confidentielles et non priv\u00e9es.<\/p>\n<p style=\"text-align: justify;\"><strong>Sup.kezakoo.com<\/strong> peut \u00eatre amen\u00e9 \u00e0 revoir et \u00e0 contr\u00f4ler les avis et commentaires des Utilisateurs et ne peut n\u00e9anmoins \u00eatre tenu pour responsable des avis par les Utilisateurs m\u00eame s&#8217;il met tout ses efforts dans la mod\u00e9ration de ces derniers.<\/p>\n<p style=\"text-align: justify;\"><strong>Sup.kezakoo.com<\/strong> se r\u00e9serve toutefois le droit de supprimer, \u00e0 son enti\u00e8re discr\u00e9tion, sans pr\u00e9avis, et pour toute raison, tout avis ou tout commentaire publi\u00e9 par les Utilisateurs sur sa plateforme collaborative ou de confier ces t\u00e2ches \u00e0 des tiers.<\/p>\n<p style=\"text-align: justify;\">En naviguant sur la https:\/\/www.kezakoo.com\/sup, l\u2019Utilisateur s\u2019engage \u00e0 ne publier ou diffuser aucun des contenus suivants :<\/p>\n<ul style=\"text-align: justify;\">\n<li>tout contenu faux, ill\u00e9gal, trompeur, diffamatoire, injurieux, obsc\u00e8ne, pornographique, ind\u00e9cent, licencieux, suggestif, intimidant ou appelant au harc\u00e8lement d\u2019une tierce personne, mena\u00e7ant, irrespectueux des droits de la vie priv\u00e9e, abusifs, incendiaires, frauduleux ou r\u00e9pr\u00e9hensibles ;<\/li>\n<li>tout contenu manifestement injurieux pour la communaut\u00e9 des internautes, tels que des contenus incitant au racisme, au fanatisme, \u00e0 la haine ou \u00e0 toute attaque physique de groupes ou d\u2019individus ;<\/li>\n<li>Informations \u00e0 caract\u00e8re confidentiel, y compris, sans restriction, nom de famille, adresse, num\u00e9ros de t\u00e9l\u00e9phone, adresses courriels, num\u00e9ros de s\u00e9curit\u00e9 sociale et num\u00e9ro de carte de cr\u00e9dit.<\/li>\n<\/ul>\n<p style=\"text-align: justify;\"><strong>Sup.kezakoo.com<\/strong> d\u00e9cline toute responsabilit\u00e9 quant au contenu publi\u00e9 par les Utilisateurs, quant aux pertes ou aux dommages li\u00e9s \u00e0 ces derniers. Par ailleurs, <strong>Sup.kezakoo.com<\/strong>\u00a0ne saurait \u00eatre tenu pour responsable des erreurs, actes de diffamation, calomnie, omissions, mensonges, contenus obsc\u00e8nes, pornographiques ou vulgaires que les internautes pourraient visualiser.<\/p>\n<h2 style=\"text-align: justify;\">Coordonn\u00e9es du responsable de traitements<\/h2>\n<h3 style=\"text-align: justify;\">Site web:\u00a0<a href=\"https:\/\/www.kezakoo.com\/sup\">sup.kezakoo.com<\/a><\/h3>\n<ul style=\"text-align: justify;\">\n<li>Responsable de Traitements : Ahmed LAHLOU<\/li>\n<li>Directeur de la publication : Youssef GHALEM<\/li>\n<li>Soci\u00e9t\u00e9 : KEZAKOO<\/li>\n<li>Type : SARL au capital de 100,000 DHS<\/li>\n<li>RC: 352967<\/li>\n<li>Si\u00e8ge social : Immeuble 46 Rue Al Oukhouane, Beaus\u00e9jour, Casablanca<\/li>\n<li>Mail de contact : info[at]e.kezakoo.com<\/li>\n<\/ul>\n<h2 style=\"text-align: justify;\">Collecte et Utilisation des donn\u00e9es collect\u00e9es<\/h2>\n<p style=\"text-align: justify;\">Seules les donn\u00e9es \u00e0 caract\u00e8re personnel utiles \u00e0 la recherche de formation, de conseil en orientation, d\u2019inscription \u00e0 notre lettre d\u2019information, d\u2019inscription \u00e0 la participation des sondages Paroles aux jeunes ou celles n\u00e9cessaires afin de publier un avis sont collect\u00e9es et trait\u00e9es par la soci\u00e9t\u00e9 Kezakoo.<\/p>\n<h3 style=\"text-align: justify;\">Base l\u00e9gale de nos traitements de donn\u00e9es<\/h3>\n<p style=\"text-align: justify;\">Nous ne sommes en droit de traiter vos donn\u00e9es qu\u2019\u00e0 partir du moment :<\/p>\n<ul style=\"text-align: justify;\">\n<li>o\u00f9 vous nous en donnez explicitement l\u2019autorisation en validant la case \u00ab J\u2019autorise\u2026 \u00bb (ou tout autre mention similaire ) pr\u00e9sente sur le formulaire de recueil de consentement.<\/li>\n<li>puis par la suite, si nous avons une relation contractuelle, le traitement sera l\u00e9gitime et n\u00e9cessaire dans le cadre du suivi de celle-ci, dans la mesure o\u00f9 vous serez partie ou associ\u00e9e \u00e0 l\u2019ex\u00e9cution des mesures pr\u00e9-contractuelles ou contractuelles engag\u00e9es avec nous.<\/li>\n<\/ul>\n<h3 style=\"text-align: justify;\">Finalit\u00e9 de la collecte<\/h3>\n<p style=\"text-align: justify;\"><strong>SUP.kezakoo.com<\/strong>\u00a0utilise les donn\u00e9es \u00e0 caract\u00e8re personnel que vous lui confiez, collect\u00e9es exclusivement :<\/p>\n<ul style=\"text-align: justify;\">\n<li>pour adresser la Newsletter en cas de choix expr\u00e8s en ce sens, jusqu\u2019\u00e0 votre \u00e9ventuelle opposition ou d\u00e9sinscription ;<\/li>\n<li>pour l\u2019inscription et la gestion d\u2019un \u00e9v\u00e9nement ;<\/li>\n<li>pour fournir les services contractuels demand\u00e9s ;<\/li>\n<li>pour vous faire b\u00e9n\u00e9ficier d\u2019offres de nos partenaires ;<\/li>\n<li>pour d\u00e9velopper ses relations commerciales avec ses partenaires (location de la base de donn\u00e9es)<\/li>\n<li>le cas \u00e9ch\u00e9ant, pour proposer des services compl\u00e9mentaires ou optionnels jusqu\u2019\u00e0 une \u00e9ventuelle opposition de votre part.<\/li>\n<\/ul>\n<h3 style=\"text-align: justify;\">Cat\u00e9gories de donn\u00e9es collect\u00e9es<\/h3>\n<p style=\"text-align: justify;\">Nous nous abstenons, s\u2019agissant des informations nominatives que vous nous confiez, de toute collecte indirecte, de toute utilisation d\u00e9tourn\u00e9e, et d\u2019une mani\u00e8re g\u00e9n\u00e9rale, de tout acte susceptible de porter atteinte \u00e0 votre vie priv\u00e9e ou \u00e0 votre r\u00e9putation.<\/p>\n<p style=\"text-align: justify;\">La soci\u00e9t\u00e9\u00a0<strong>KEZAKOO<\/strong>\u00a0veille ainsi \u00e0 ne collecter que des donn\u00e9es strictement n\u00e9cessaires \u00e0 la finalit\u00e9 d\u00e9clar\u00e9e des diff\u00e9rents traitements mis en \u0153uvre par la soci\u00e9t\u00e9.<\/p>\n<p style=\"text-align: justify;\">Lors d\u2019un abonnement, d\u2019une demande d\u2019inscription \u00e0 un \u00e9v\u00e9nement ou d\u2019inscription \u00e0 notre Newsletter, les donn\u00e9es suivantes sont notamment collect\u00e9es pour les besoins des services fournis par la soci\u00e9t\u00e9 :<\/p>\n<ul style=\"text-align: justify;\">\n<li>Nom, pr\u00e9nom, ann\u00e9e de naissance ;<\/li>\n<li>Num\u00e9ro de t\u00e9l\u00e9phone ;<\/li>\n<li>Code postal ;<\/li>\n<li>Pays de r\u00e9sidence ;<\/li>\n<li>Adresse e-mail ;<\/li>\n<li>Identifiant et mot de passe crypt\u00e9 utilis\u00e9s pour vous identifier sur notre site ou notre application mobile ;<\/li>\n<li>Formation suivie, niveau d\u2019\u00e9tude, situation professionnelle ;<\/li>\n<li>Ann\u00e9e de promotion ;<\/li>\n<\/ul>\n<p style=\"text-align: justify;\">Et, le cas \u00e9ch\u00e9ant (facultatif) :<\/p>\n<ul style=\"text-align: justify;\">\n<li>Justificatif de scolarit\u00e9<\/li>\n<li>CV<\/li>\n<li>Bulletin de note<\/li>\n<\/ul>\n<h2 style=\"text-align: justify;\">Int\u00e9r\u00eat l\u00e9gitime de nos traitements<\/h2>\n<p style=\"text-align: justify;\">Dans certains cas, et notamment vis-\u00e0-vis de nos salari\u00e9s, le traitement peut \u00eatre n\u00e9cessaire aux fins des int\u00e9r\u00eats l\u00e9gitimes poursuivis par le responsable du traitement ou par un tiers, \u00e0 moins que ne pr\u00e9valent les int\u00e9r\u00eats ou les libert\u00e9s et droits fondamentaux de la personne concern\u00e9e qui exigent une protection des donn\u00e9es \u00e0 caract\u00e8re personnel, notamment lorsque la personne concern\u00e9e est un enfant.<\/p>\n<h2 style=\"text-align: justify;\">Informations relatives aux enfants<\/h2>\n<p style=\"text-align: justify;\">En tant que site internet destin\u00e9 en priorit\u00e9 aux lyc\u00e9ens et aux futurs \u00e9tudiants, <b>KEZAKOO <\/b>ne propose pas de services destin\u00e9s aux enfants de moins de 15 ans et n\u2019a par cons\u00e9quent pas vocation \u00e0 en recueillir leurs donn\u00e9es personnelles.<\/p>\n<h2 style=\"text-align: justify;\">Destinataires de vos donn\u00e9es<\/h2>\n<p style=\"text-align: justify;\">Vos donn\u00e9es \u00e0 caract\u00e8re personnel ne seront pas transmises \u00e0 des tiers, sauf les seuls besoins des finalit\u00e9s que vous aurez accept\u00e9es lors du recueil de votre consentement.<\/p>\n<p style=\"text-align: justify;\">En interne :<\/p>\n<ul style=\"text-align: justify;\">\n<li>la direction de notre soci\u00e9t\u00e9, le personnel administratif<\/li>\n<li>les personnes responsables du suivi commercial au travers de la personne en contact de votre soci\u00e9t\u00e9<\/li>\n<\/ul>\n<p style=\"text-align: justify;\">En externe :<\/p>\n<ul style=\"text-align: justify;\">\n<li>les sous-traitants pour l\u2019h\u00e9bergement des donn\u00e9es<\/li>\n<li>les collaborateurs externes pour les invitations \u00e0 des \u00e9v\u00e9nements (sous-traitants, collaborateurs, prestataires techniques pour l\u2019organisation de cet \u00e9v\u00e9nement),<\/li>\n<li>dans le cadre de l\u2019envoi des Newsletter, les collaborateurs, prestataires techniques, pour le ciblage et la r\u00e9alisation des envois\n<ul>\n<li>Sendinblue<\/li>\n<li>MailChimp<\/li>\n<\/ul>\n<\/li>\n<li>Dans le cadre de ses relations commerciales, avec ses partenaires, \u00e9coles et \u00e9tablissements<\/li>\n<\/ul>\n<h2 style=\"text-align: justify;\">Politique des cookies sur le site<\/h2>\n<p style=\"text-align: justify;\">Vous \u00eates inform\u00e9 que lors de vos visites sur notre site, un cookie peut s\u2019installer automatiquement sur votre logiciel de navigation.<\/p>\n<p style=\"text-align: justify;\">Nos cookies constituent des ensembles de donn\u00e9es qui ne permettront pas de vous identifier, mais ont pour but principal d\u2019enregistrer des informations relatives \u00e0 votre navigation. La configuration des param\u00e8tres de votre logiciel de navigation vous permet d\u2019\u00eatre inform\u00e9 de la pr\u00e9sence de notre cookie et vous \u00eates en droit de le refuser.<\/p>\n<h2 style=\"text-align: justify;\">Loi applicable et attribution de juridiction<\/h2>\n<p style=\"text-align: justify;\">Notre site web et notre activit\u00e9 sont r\u00e9gis par le droit marocain. En cas de litige r\u00e9sultant de votre utilisation de nos sites web ou de son activit\u00e9, les tribunaux marocains seront exclusivement comp\u00e9tents.<\/p>\n<h2 style=\"text-align: justify;\">Modification de la pr\u00e9sente politique de Protection des Donn\u00e9es<\/h2>\n<p style=\"text-align: justify;\">La soci\u00e9t\u00e9 <b>KEZAKOO <\/b>se r\u00e9serve la possibilit\u00e9 de modifier \u00e0 tout moment la pr\u00e9sente politique de Protection des Donn\u00e9es, par exemple pour tenir compte des nouvelles donn\u00e9es r\u00e9colt\u00e9es, de modifications de nos traitements ou de nos finalit\u00e9s, mais aussi pour nous mettre en conformit\u00e9 en cas de changement des certaines dispositions l\u00e9gislatives et r\u00e9glementaires.<\/p>\n","protected":false},"excerpt":{"rendered":"<p>Pr\u00e9sentation Sup.kezakoo.com\u00a0est un service en ligne qui offre \u00e0 chaque Utilisateur la possibilit\u00e9 de trouver une formation adapt\u00e9e et personnalis\u00e9e selon diff\u00e9rents crit\u00e8res d\u00e9finis par l\u2019Utilisateur (une recherche par domaine de formation, par m\u00e9tier, par zone g\u00e9ographique ou encore par type de scolarit\u00e9). Kezakoo permet \u00e9galement aux Utilisateurs de donner leur avis sur les formations [&hellip;]<\/p>\n","protected":false},"author":1,"featured_media":0,"parent":0,"menu_order":0,"comment_status":"closed","ping_status":"closed","template":"","meta":{"_acf_changed":false,"footnotes":""},"class_list":["post-482","page","type-page","status-publish","hentry"],"acf":[],"yoast_head":"<!-- This site is optimized with the Yoast SEO plugin v26.7 - https:\/\/yoast.com\/wordpress\/plugins\/seo\/ -->\n<title>Politique de confidentialit\u00e9 - Kezakoo SUP<\/title>\n<meta name=\"robots\" content=\"index, follow, max-snippet:-1, max-image-preview:large, max-video-preview:-1\" \/>\n<link rel=\"canonical\" href=\"https:\/\/www.kezakoo.com\/sup\/politique-de-confidentialite\/\" \/>\n<meta property=\"og:locale\" content=\"fr_FR\" \/>\n<meta property=\"og:type\" content=\"article\" \/>\n<meta property=\"og:title\" content=\"Politique de confidentialit\u00e9 - Kezakoo SUP\" \/>\n<meta property=\"og:description\" content=\"Pr\u00e9sentation Sup.kezakoo.com\u00a0est un service en ligne qui offre \u00e0 chaque Utilisateur la possibilit\u00e9 de trouver une formation adapt\u00e9e et personnalis\u00e9e selon diff\u00e9rents crit\u00e8res d\u00e9finis par l\u2019Utilisateur (une recherche par domaine de formation, par m\u00e9tier, par zone g\u00e9ographique ou encore par type de scolarit\u00e9). Kezakoo permet \u00e9galement aux Utilisateurs de donner leur avis sur les formations [&hellip;]\" \/>\n<meta property=\"og:url\" content=\"https:\/\/www.kezakoo.com\/sup\/politique-de-confidentialite\/\" \/>\n<meta property=\"og:site_name\" content=\"Kezakoo SUP\" \/>\n<meta property=\"article:publisher\" content=\"https:\/\/facebook.com\/kezakoo\" \/>\n<meta property=\"article:modified_time\" content=\"2019-06-20T10:31:33+00:00\" \/>\n<meta property=\"og:image\" content=\"https:\/\/www.kezakoo.com\/sup\/wp-content\/uploads\/2017\/04\/sup.jpg\" \/>\n\t<meta property=\"og:image:width\" content=\"1900\" \/>\n\t<meta property=\"og:image:height\" content=\"1268\" \/>\n\t<meta property=\"og:image:type\" content=\"image\/jpeg\" \/>\n<meta name=\"twitter:card\" content=\"summary_large_image\" \/>\n<meta name=\"twitter:label1\" content=\"Dur\u00e9e de lecture estim\u00e9e\" \/>\n\t<meta name=\"twitter:data1\" content=\"9 minutes\" \/>\n<script type=\"application\/ld+json\" class=\"yoast-schema-graph\">{\"@context\":\"https:\/\/schema.org\",\"@graph\":[{\"@type\":\"WebPage\",\"@id\":\"https:\/\/www.kezakoo.com\/sup\/politique-de-confidentialite\/\",\"url\":\"https:\/\/www.kezakoo.com\/sup\/politique-de-confidentialite\/\",\"name\":\"Politique de confidentialit\u00e9 - Kezakoo SUP\",\"isPartOf\":{\"@id\":\"https:\/\/www.kezakoo.com\/sup\/ar\/#website\"},\"datePublished\":\"2019-01-28T13:47:51+00:00\",\"dateModified\":\"2019-06-20T10:31:33+00:00\",\"breadcrumb\":{\"@id\":\"https:\/\/www.kezakoo.com\/sup\/politique-de-confidentialite\/#breadcrumb\"},\"inLanguage\":\"fr-FR\",\"potentialAction\":[{\"@type\":\"ReadAction\",\"target\":[\"https:\/\/www.kezakoo.com\/sup\/politique-de-confidentialite\/\"]}]},{\"@type\":\"BreadcrumbList\",\"@id\":\"https:\/\/www.kezakoo.com\/sup\/politique-de-confidentialite\/#breadcrumb\",\"itemListElement\":[{\"@type\":\"ListItem\",\"position\":1,\"name\":\"Accueil\",\"item\":\"https:\/\/www.kezakoo.com\/sup\/\"},{\"@type\":\"ListItem\",\"position\":2,\"name\":\"Politique de confidentialit\u00e9\"}]},{\"@type\":\"WebSite\",\"@id\":\"https:\/\/www.kezakoo.com\/sup\/ar\/#website\",\"url\":\"https:\/\/www.kezakoo.com\/sup\/ar\/\",\"name\":\"Kezakoo SUP\",\"description\":\"La r\u00e9f\u00e9rence de l&#039;enseignement sup\u00e9rieur au Maroc\",\"publisher\":{\"@id\":\"https:\/\/www.kezakoo.com\/sup\/ar\/#organization\"},\"potentialAction\":[{\"@type\":\"SearchAction\",\"target\":{\"@type\":\"EntryPoint\",\"urlTemplate\":\"https:\/\/www.kezakoo.com\/sup\/ar\/?s={search_term_string}\"},\"query-input\":{\"@type\":\"PropertyValueSpecification\",\"valueRequired\":true,\"valueName\":\"search_term_string\"}}],\"inLanguage\":\"fr-FR\"},{\"@type\":\"Organization\",\"@id\":\"https:\/\/www.kezakoo.com\/sup\/ar\/#organization\",\"name\":\"Kezakoo\",\"url\":\"https:\/\/www.kezakoo.com\/sup\/ar\/\",\"logo\":{\"@type\":\"ImageObject\",\"inLanguage\":\"fr-FR\",\"@id\":\"https:\/\/www.kezakoo.com\/sup\/ar\/#\/schema\/logo\/image\/\",\"url\":\"https:\/\/kezakoo.com\/sup\/wp-content\/uploads\/2017\/04\/Logo_Kezakoo_black_orange.png\",\"contentUrl\":\"https:\/\/kezakoo.com\/sup\/wp-content\/uploads\/2017\/04\/Logo_Kezakoo_black_orange.png\",\"width\":1086,\"height\":308,\"caption\":\"Kezakoo\"},\"image\":{\"@id\":\"https:\/\/www.kezakoo.com\/sup\/ar\/#\/schema\/logo\/image\/\"},\"sameAs\":[\"https:\/\/facebook.com\/kezakoo\",\"https:\/\/www.linkedin.com\/company\/kezakoo\",\"https:\/\/www.youtube.com\/user\/kezakoo1\"]}]}<\/script>\n<!-- \/ Yoast SEO plugin. -->","yoast_head_json":{"title":"Politique de confidentialit\u00e9 - Kezakoo SUP","robots":{"index":"index","follow":"follow","max-snippet":"max-snippet:-1","max-image-preview":"max-image-preview:large","max-video-preview":"max-video-preview:-1"},"canonical":"https:\/\/www.kezakoo.com\/sup\/politique-de-confidentialite\/","og_locale":"fr_FR","og_type":"article","og_title":"Politique de confidentialit\u00e9 - Kezakoo SUP","og_description":"Pr\u00e9sentation Sup.kezakoo.com\u00a0est un service en ligne qui offre \u00e0 chaque Utilisateur la possibilit\u00e9 de trouver une formation adapt\u00e9e et personnalis\u00e9e selon diff\u00e9rents crit\u00e8res d\u00e9finis par l\u2019Utilisateur (une recherche par domaine de formation, par m\u00e9tier, par zone g\u00e9ographique ou encore par type de scolarit\u00e9). Kezakoo permet \u00e9galement aux Utilisateurs de donner leur avis sur les formations [&hellip;]","og_url":"https:\/\/www.kezakoo.com\/sup\/politique-de-confidentialite\/","og_site_name":"Kezakoo SUP","article_publisher":"https:\/\/facebook.com\/kezakoo","article_modified_time":"2019-06-20T10:31:33+00:00","og_image":[{"width":1900,"height":1268,"url":"https:\/\/www.kezakoo.com\/sup\/wp-content\/uploads\/2017\/04\/sup.jpg","type":"image\/jpeg"}],"twitter_card":"summary_large_image","twitter_misc":{"Dur\u00e9e de lecture estim\u00e9e":"9 minutes"},"schema":{"@context":"https:\/\/schema.org","@graph":[{"@type":"WebPage","@id":"https:\/\/www.kezakoo.com\/sup\/politique-de-confidentialite\/","url":"https:\/\/www.kezakoo.com\/sup\/politique-de-confidentialite\/","name":"Politique de confidentialit\u00e9 - Kezakoo SUP","isPartOf":{"@id":"https:\/\/www.kezakoo.com\/sup\/ar\/#website"},"datePublished":"2019-01-28T13:47:51+00:00","dateModified":"2019-06-20T10:31:33+00:00","breadcrumb":{"@id":"https:\/\/www.kezakoo.com\/sup\/politique-de-confidentialite\/#breadcrumb"},"inLanguage":"fr-FR","potentialAction":[{"@type":"ReadAction","target":["https:\/\/www.kezakoo.com\/sup\/politique-de-confidentialite\/"]}]},{"@type":"BreadcrumbList","@id":"https:\/\/www.kezakoo.com\/sup\/politique-de-confidentialite\/#breadcrumb","itemListElement":[{"@type":"ListItem","position":1,"name":"Accueil","item":"https:\/\/www.kezakoo.com\/sup\/"},{"@type":"ListItem","position":2,"name":"Politique de confidentialit\u00e9"}]},{"@type":"WebSite","@id":"https:\/\/www.kezakoo.com\/sup\/ar\/#website","url":"https:\/\/www.kezakoo.com\/sup\/ar\/","name":"Kezakoo SUP","description":"La r\u00e9f\u00e9rence de l&#039;enseignement sup\u00e9rieur au Maroc","publisher":{"@id":"https:\/\/www.kezakoo.com\/sup\/ar\/#organization"},"potentialAction":[{"@type":"SearchAction","target":{"@type":"EntryPoint","urlTemplate":"https:\/\/www.kezakoo.com\/sup\/ar\/?s={search_term_string}"},"query-input":{"@type":"PropertyValueSpecification","valueRequired":true,"valueName":"search_term_string"}}],"inLanguage":"fr-FR"},{"@type":"Organization","@id":"https:\/\/www.kezakoo.com\/sup\/ar\/#organization","name":"Kezakoo","url":"https:\/\/www.kezakoo.com\/sup\/ar\/","logo":{"@type":"ImageObject","inLanguage":"fr-FR","@id":"https:\/\/www.kezakoo.com\/sup\/ar\/#\/schema\/logo\/image\/","url":"https:\/\/kezakoo.com\/sup\/wp-content\/uploads\/2017\/04\/Logo_Kezakoo_black_orange.png","contentUrl":"https:\/\/kezakoo.com\/sup\/wp-content\/uploads\/2017\/04\/Logo_Kezakoo_black_orange.png","width":1086,"height":308,"caption":"Kezakoo"},"image":{"@id":"https:\/\/www.kezakoo.com\/sup\/ar\/#\/schema\/logo\/image\/"},"sameAs":["https:\/\/facebook.com\/kezakoo","https:\/\/www.linkedin.com\/company\/kezakoo","https:\/\/www.youtube.com\/user\/kezakoo1"]}]}},"lang":"fr","translations":{"fr":482},"pll_sync_post":[],"_links":{"self":[{"href":"https:\/\/www.kezakoo.com\/sup\/wp-json\/wp\/v2\/pages\/482","targetHints":{"allow":["GET"]}}],"collection":[{"href":"https:\/\/www.kezakoo.com\/sup\/wp-json\/wp\/v2\/pages"}],"about":[{"href":"https:\/\/www.kezakoo.com\/sup\/wp-json\/wp\/v2\/types\/page"}],"author":[{"embeddable":true,"href":"https:\/\/www.kezakoo.com\/sup\/wp-json\/wp\/v2\/users\/1"}],"replies":[{"embeddable":true,"href":"https:\/\/www.kezakoo.com\/sup\/wp-json\/wp\/v2\/comments?post=482"}],"version-history":[{"count":4,"href":"https:\/\/www.kezakoo.com\/sup\/wp-json\/wp\/v2\/pages\/482\/revisions"}],"predecessor-version":[{"id":2876,"href":"https:\/\/www.kezakoo.com\/sup\/wp-json\/wp\/v2\/pages\/482\/revisions\/2876"}],"wp:attachment":[{"href":"https:\/\/www.kezakoo.com\/sup\/wp-json\/wp\/v2\/media?parent=482"}],"curies":[{"name":"wp","href":"https:\/\/api.w.org\/{rel}","templated":true}]}}