{"id":484,"date":"2019-02-22T13:19:02","date_gmt":"2019-02-22T12:19:02","guid":{"rendered":"https:\/\/sup.kezakoo.com\/?page_id=484"},"modified":"2019-06-20T12:31:05","modified_gmt":"2019-06-20T10:31:05","slug":"termes-et-conditions","status":"publish","type":"page","link":"https:\/\/www.kezakoo.com\/sup\/termes-et-conditions\/","title":{"rendered":"Termes et conditions"},"content":{"rendered":"<h2 style=\"text-align: justify;\">Mentions et informations l\u00e9gales<\/h2>\n<p style=\"text-align: justify;\">Les pr\u00e9sentes mentions l\u00e9gales r\u00e9glementent l\u2019acc\u00e8s et l\u2019usage du service du site Web sup.kezakoo.com (ci-apr\u00e8s d\u00e9nomm\u00e9 le \u00ab Site Web \u00bb) que KEZAKOO SARL soci\u00e9t\u00e9 \u00e0 responsabilit\u00e9 limit\u00e9e de droit marocain au capital de 100.000 Dirhams ayant son si\u00e8ge social sis Immeuble 46 Rue Al Oukhouane, Beaus\u00e9jour, Casablanca, Maroc, inscrite au Registre du Commerce du tribunal de Casablanca sous le num\u00e9ro 352967,<br \/>\nIdentification Fiscale n\u00b0 18788658, met \u00e0 la disposition des usagers d\u2019Internet int\u00e9ress\u00e9s par ses services et ses contenus en mati\u00e8re de formations dans l&#8217;enseignement sup\u00e9rieur (ci-apr\u00e8s d\u00e9nomm\u00e9s les \u00ab Utilisateurs \u00bb).<\/p>\n<p style=\"text-align: justify;\">L\u2019objet du site Web est de diffuser les services de formation \u00e0 travers le site Web, Internet et tout autre moyen de diffusion ou de communication existant.<\/p>\n<p style=\"text-align: justify;\">KEZAKOO pourra modifier, \u00e0 tout moment et sans pr\u00e9avis, le graphisme, la pr\u00e9sentation et\/ou la configuration du site Web, ainsi que tout ou partie des services, et ajouter de nouveaux services.<\/p>\n<p style=\"text-align: justify;\">L\u2019utilisation de ce site Web implique la pleine acceptation des conditions incluses dans ces mentions dans la version publi\u00e9e par KEZAKOO SARL au moment o\u00f9 l\u2019Utilisateur acc\u00e8de au site Web. De m\u00eame, KEZAKOO SARL informe les Utilisateurs de ce site Web que les conditions g\u00e9n\u00e9rales d\u2019utilisation peuvent \u00eatre modifi\u00e9es sans pr\u00e9avis. Par cons\u00e9quent, l\u2019Utilisateur est tenu de lire attentivement les pr\u00e9sentes mentions l\u00e9gales \u00e0 chaque fois qu\u2019il utilisera le site Web, celles-ci pouvant \u00eatre sujettes \u00e0 modification.<\/p>\n<p style=\"text-align: justify;\">L\u2019utilisation de certains services offerts aux Utilisateurs \u00e0 travers le site Web peut \u00eatre soumise \u00e0 certaines conditions particuli\u00e8res qui, selon les cas, remplacent, compl\u00e8tent et\/ou modifient les pr\u00e9sentes conditions g\u00e9n\u00e9rales d\u2019utilisation. Par cons\u00e9quent, avant d\u2019utiliser ces services, l\u2019Utilisateur doit \u00e9galement lire attentivement et accepter les conditions particuli\u00e8res correspondantes.<\/p>\n<h2 style=\"text-align: justify;\">Conditions d\u2019acc\u00e8s et d\u2019utilisation du site Internet<\/h2>\n<p style=\"text-align: justify;\">De fa\u00e7on g\u00e9n\u00e9rale, la prestation des services et la mise \u00e0 disposition des outils n\u2019exigent pas l\u2019abonnement ou l\u2019inscription pr\u00e9alable des Utilisateurs.<\/p>\n<p style=\"text-align: justify;\">Toutefois, toutes les informations fournies par l\u2019Utilisateur \u00e0 travers les services doivent \u00eatre v\u00e9ridiques. \u00c0 cet effet, l\u2019Utilisateur garantit l\u2019authenticit\u00e9 de toutes les donn\u00e9es communiqu\u00e9es par l\u2019interm\u00e9diaire des formulaires exig\u00e9s pour la souscription des services.<br \/>\nDans tous les cas, l\u2019Utilisateur sera le seul responsable des d\u00e9clarations fausses ou inexactes qu\u2019il r\u00e9alise et des pr\u00e9judices caus\u00e9s \u00e0 KEZAKOO ou \u00e0 des tiers du fait des informations fournies.<\/p>\n<h2 id=\"cookies\" style=\"text-align: justify;\">Cookies<\/h2>\n<p style=\"text-align: justify;\">Ce Site Web emploie les outils de mesure d&#8217;audience Google Analytics et Facebook Pixel, qui permettent d\u2019analyser le comportement et le profil des visiteurs anonymes, dans le but d\u2019am\u00e9liorer le fonctionnement du site. Cette d\u00e9marche emploie des \u00ab cookies \u00bb de tierce partie. En cas de non-respect intentionnel, l\u2019Utilisateur sera tenu responsable des pr\u00e9judices caus\u00e9s.<\/p>\n<h2 style=\"text-align: justify;\">Exclusion de garanties et responsabilit\u00e9<\/h2>\n<p style=\"text-align: justify;\">\u00c0 l\u2019exception des cas express\u00e9ment d\u00e9crits dans les conditions g\u00e9n\u00e9rales d\u2019utilisation et dans le reste du cadre r\u00e9glementaire du site Web, KEZAKOO n\u2019est pas responsable des pr\u00e9judices de toute sorte pouvant r\u00e9sulter du manque d\u2019exactitude, d\u2019exhaustivit\u00e9, d\u2019actualit\u00e9 ainsi que de toute erreur ou omission que pourraient subir les informations, les services et outils figurant sur ce site Web ou d\u2019autres contenus auxquels il est possible d\u2019acc\u00e9der \u00e0 partir de celui-ci et n\u2019assume, en aucun cas, le devoir ni l\u2019engagement de v\u00e9rifier ni de surveiller ses contenus et informations.<\/p>\n<p style=\"text-align: justify;\">KEZAKOO se d\u00e9gage de toute responsabilit\u00e9 pour les pr\u00e9judices de toutes sortes susceptibles d\u2019\u00eatre caus\u00e9s par les services propos\u00e9s par des tiers \u00e0 travers de ce site Web, ainsi que par les moyens que ceux-ci d\u00e9ploient pour g\u00e9rer les demandes de service et, plus pr\u00e9cis\u00e9ment, \u00e0 titre indicatif et non limitatif : pour les actes de concurrence d\u00e9loyale et de publicit\u00e9 illicite qui r\u00e9sulteraient de la prestation de services par des tiers par le biais du site Web, ainsi qu\u2019au manque de v\u00e9racit\u00e9, d\u2019exactitude, d\u2019exhaustivit\u00e9, de vices, de d\u00e9fauts, de pertinence et\/ou d\u2019actualit\u00e9 des contenus transmis, diffus\u00e9s, stock\u00e9s, re\u00e7us, obtenus, mis \u00e0 disposition ou accessibles \u00e0 travers les services assur\u00e9s par des tiers \u00e0 travers de ce site Web.<\/p>\n<p style=\"text-align: justify;\">En ce sens, KEZAKOO se r\u00e9serve le droit de pouvoir modifier et\/ou supprimer sans pr\u00e9avis, les contenus publi\u00e9s sur son site Web qui ne r\u00e9pondraient pas aux crit\u00e8res de qualit\u00e9 de KEZAKOO.<\/p>\n<p style=\"text-align: justify;\">KEZAKOO ne peut contr\u00f4ler tous ni chacun des contenus et opinions publi\u00e9s, il ne peut donc pas assumer la responsabilit\u00e9 pour ceux-ci. Dans tous les cas, les opinions, contenus et offres seront soumis \u00e0 un contr\u00f4le r\u00e9gulier afin de garantir le respect des principes de qualit\u00e9 de KEZAKOO ainsi que les r\u00e8gles d\u00e9crites dans le pr\u00e9sent document.<\/p>\n<p style=\"text-align: justify;\">Si vous constatez tout contenu ou formation inappropri\u00e9 dans le site Web, veuillez <a href=\"https:\/\/www.kezakoo.com\/sup\/contact\/\">nous contacter<\/a>.<\/p>\n","protected":false},"excerpt":{"rendered":"<p>Mentions et informations l\u00e9gales Les pr\u00e9sentes mentions l\u00e9gales r\u00e9glementent l\u2019acc\u00e8s et l\u2019usage du service du site Web sup.kezakoo.com (ci-apr\u00e8s d\u00e9nomm\u00e9 le \u00ab Site Web \u00bb) que KEZAKOO SARL soci\u00e9t\u00e9 \u00e0 responsabilit\u00e9 limit\u00e9e de droit marocain au capital de 100.000 Dirhams ayant son si\u00e8ge social sis Immeuble 46 Rue Al Oukhouane, Beaus\u00e9jour, Casablanca, Maroc, inscrite au [&hellip;]<\/p>\n","protected":false},"author":1,"featured_media":0,"parent":0,"menu_order":0,"comment_status":"closed","ping_status":"closed","template":"template-page-full-width.php","meta":{"_acf_changed":false,"footnotes":""},"class_list":["post-484","page","type-page","status-publish","hentry"],"acf":[],"yoast_head":"<!-- This site is optimized with the Yoast SEO plugin v26.7 - https:\/\/yoast.com\/wordpress\/plugins\/seo\/ -->\n<title>Termes et conditions - Kezakoo SUP<\/title>\n<meta name=\"robots\" content=\"index, follow, max-snippet:-1, max-image-preview:large, max-video-preview:-1\" \/>\n<link rel=\"canonical\" href=\"https:\/\/www.kezakoo.com\/sup\/termes-et-conditions\/\" \/>\n<meta property=\"og:locale\" content=\"fr_FR\" \/>\n<meta property=\"og:type\" content=\"article\" \/>\n<meta property=\"og:title\" content=\"Termes et conditions - Kezakoo SUP\" \/>\n<meta property=\"og:description\" content=\"Mentions et informations l\u00e9gales Les pr\u00e9sentes mentions l\u00e9gales r\u00e9glementent l\u2019acc\u00e8s et l\u2019usage du service du site Web sup.kezakoo.com (ci-apr\u00e8s d\u00e9nomm\u00e9 le \u00ab Site Web \u00bb) que KEZAKOO SARL soci\u00e9t\u00e9 \u00e0 responsabilit\u00e9 limit\u00e9e de droit marocain au capital de 100.000 Dirhams ayant son si\u00e8ge social sis Immeuble 46 Rue Al Oukhouane, Beaus\u00e9jour, Casablanca, Maroc, inscrite au [&hellip;]\" \/>\n<meta property=\"og:url\" content=\"https:\/\/www.kezakoo.com\/sup\/termes-et-conditions\/\" \/>\n<meta property=\"og:site_name\" content=\"Kezakoo SUP\" \/>\n<meta property=\"article:publisher\" content=\"https:\/\/facebook.com\/kezakoo\" \/>\n<meta property=\"article:modified_time\" content=\"2019-06-20T10:31:05+00:00\" \/>\n<meta property=\"og:image\" content=\"https:\/\/www.kezakoo.com\/sup\/wp-content\/uploads\/2017\/04\/sup.jpg\" \/>\n\t<meta property=\"og:image:width\" content=\"1900\" \/>\n\t<meta property=\"og:image:height\" content=\"1268\" \/>\n\t<meta property=\"og:image:type\" content=\"image\/jpeg\" \/>\n<meta name=\"twitter:card\" content=\"summary_large_image\" \/>\n<meta name=\"twitter:label1\" content=\"Dur\u00e9e de lecture estim\u00e9e\" \/>\n\t<meta name=\"twitter:data1\" content=\"4 minutes\" \/>\n<script type=\"application\/ld+json\" class=\"yoast-schema-graph\">{\"@context\":\"https:\/\/schema.org\",\"@graph\":[{\"@type\":\"WebPage\",\"@id\":\"https:\/\/www.kezakoo.com\/sup\/termes-et-conditions\/\",\"url\":\"https:\/\/www.kezakoo.com\/sup\/termes-et-conditions\/\",\"name\":\"Termes et conditions - Kezakoo SUP\",\"isPartOf\":{\"@id\":\"https:\/\/www.kezakoo.com\/sup\/ar\/#website\"},\"datePublished\":\"2019-02-22T12:19:02+00:00\",\"dateModified\":\"2019-06-20T10:31:05+00:00\",\"breadcrumb\":{\"@id\":\"https:\/\/www.kezakoo.com\/sup\/termes-et-conditions\/#breadcrumb\"},\"inLanguage\":\"fr-FR\",\"potentialAction\":[{\"@type\":\"ReadAction\",\"target\":[\"https:\/\/www.kezakoo.com\/sup\/termes-et-conditions\/\"]}]},{\"@type\":\"BreadcrumbList\",\"@id\":\"https:\/\/www.kezakoo.com\/sup\/termes-et-conditions\/#breadcrumb\",\"itemListElement\":[{\"@type\":\"ListItem\",\"position\":1,\"name\":\"Accueil\",\"item\":\"https:\/\/www.kezakoo.com\/sup\/\"},{\"@type\":\"ListItem\",\"position\":2,\"name\":\"Termes et conditions\"}]},{\"@type\":\"WebSite\",\"@id\":\"https:\/\/www.kezakoo.com\/sup\/ar\/#website\",\"url\":\"https:\/\/www.kezakoo.com\/sup\/ar\/\",\"name\":\"Kezakoo SUP\",\"description\":\"La r\u00e9f\u00e9rence de l&#039;enseignement sup\u00e9rieur au Maroc\",\"publisher\":{\"@id\":\"https:\/\/www.kezakoo.com\/sup\/ar\/#organization\"},\"potentialAction\":[{\"@type\":\"SearchAction\",\"target\":{\"@type\":\"EntryPoint\",\"urlTemplate\":\"https:\/\/www.kezakoo.com\/sup\/ar\/?s={search_term_string}\"},\"query-input\":{\"@type\":\"PropertyValueSpecification\",\"valueRequired\":true,\"valueName\":\"search_term_string\"}}],\"inLanguage\":\"fr-FR\"},{\"@type\":\"Organization\",\"@id\":\"https:\/\/www.kezakoo.com\/sup\/ar\/#organization\",\"name\":\"Kezakoo\",\"url\":\"https:\/\/www.kezakoo.com\/sup\/ar\/\",\"logo\":{\"@type\":\"ImageObject\",\"inLanguage\":\"fr-FR\",\"@id\":\"https:\/\/www.kezakoo.com\/sup\/ar\/#\/schema\/logo\/image\/\",\"url\":\"https:\/\/kezakoo.com\/sup\/wp-content\/uploads\/2017\/04\/Logo_Kezakoo_black_orange.png\",\"contentUrl\":\"https:\/\/kezakoo.com\/sup\/wp-content\/uploads\/2017\/04\/Logo_Kezakoo_black_orange.png\",\"width\":1086,\"height\":308,\"caption\":\"Kezakoo\"},\"image\":{\"@id\":\"https:\/\/www.kezakoo.com\/sup\/ar\/#\/schema\/logo\/image\/\"},\"sameAs\":[\"https:\/\/facebook.com\/kezakoo\",\"https:\/\/www.linkedin.com\/company\/kezakoo\",\"https:\/\/www.youtube.com\/user\/kezakoo1\"]}]}<\/script>\n<!-- \/ Yoast SEO plugin. -->","yoast_head_json":{"title":"Termes et conditions - Kezakoo SUP","robots":{"index":"index","follow":"follow","max-snippet":"max-snippet:-1","max-image-preview":"max-image-preview:large","max-video-preview":"max-video-preview:-1"},"canonical":"https:\/\/www.kezakoo.com\/sup\/termes-et-conditions\/","og_locale":"fr_FR","og_type":"article","og_title":"Termes et conditions - Kezakoo SUP","og_description":"Mentions et informations l\u00e9gales Les pr\u00e9sentes mentions l\u00e9gales r\u00e9glementent l\u2019acc\u00e8s et l\u2019usage du service du site Web sup.kezakoo.com (ci-apr\u00e8s d\u00e9nomm\u00e9 le \u00ab Site Web \u00bb) que KEZAKOO SARL soci\u00e9t\u00e9 \u00e0 responsabilit\u00e9 limit\u00e9e de droit marocain au capital de 100.000 Dirhams ayant son si\u00e8ge social sis Immeuble 46 Rue Al Oukhouane, Beaus\u00e9jour, Casablanca, Maroc, inscrite au [&hellip;]","og_url":"https:\/\/www.kezakoo.com\/sup\/termes-et-conditions\/","og_site_name":"Kezakoo SUP","article_publisher":"https:\/\/facebook.com\/kezakoo","article_modified_time":"2019-06-20T10:31:05+00:00","og_image":[{"width":1900,"height":1268,"url":"https:\/\/www.kezakoo.com\/sup\/wp-content\/uploads\/2017\/04\/sup.jpg","type":"image\/jpeg"}],"twitter_card":"summary_large_image","twitter_misc":{"Dur\u00e9e de lecture estim\u00e9e":"4 minutes"},"schema":{"@context":"https:\/\/schema.org","@graph":[{"@type":"WebPage","@id":"https:\/\/www.kezakoo.com\/sup\/termes-et-conditions\/","url":"https:\/\/www.kezakoo.com\/sup\/termes-et-conditions\/","name":"Termes et conditions - Kezakoo SUP","isPartOf":{"@id":"https:\/\/www.kezakoo.com\/sup\/ar\/#website"},"datePublished":"2019-02-22T12:19:02+00:00","dateModified":"2019-06-20T10:31:05+00:00","breadcrumb":{"@id":"https:\/\/www.kezakoo.com\/sup\/termes-et-conditions\/#breadcrumb"},"inLanguage":"fr-FR","potentialAction":[{"@type":"ReadAction","target":["https:\/\/www.kezakoo.com\/sup\/termes-et-conditions\/"]}]},{"@type":"BreadcrumbList","@id":"https:\/\/www.kezakoo.com\/sup\/termes-et-conditions\/#breadcrumb","itemListElement":[{"@type":"ListItem","position":1,"name":"Accueil","item":"https:\/\/www.kezakoo.com\/sup\/"},{"@type":"ListItem","position":2,"name":"Termes et conditions"}]},{"@type":"WebSite","@id":"https:\/\/www.kezakoo.com\/sup\/ar\/#website","url":"https:\/\/www.kezakoo.com\/sup\/ar\/","name":"Kezakoo SUP","description":"La r\u00e9f\u00e9rence de l&#039;enseignement sup\u00e9rieur au Maroc","publisher":{"@id":"https:\/\/www.kezakoo.com\/sup\/ar\/#organization"},"potentialAction":[{"@type":"SearchAction","target":{"@type":"EntryPoint","urlTemplate":"https:\/\/www.kezakoo.com\/sup\/ar\/?s={search_term_string}"},"query-input":{"@type":"PropertyValueSpecification","valueRequired":true,"valueName":"search_term_string"}}],"inLanguage":"fr-FR"},{"@type":"Organization","@id":"https:\/\/www.kezakoo.com\/sup\/ar\/#organization","name":"Kezakoo","url":"https:\/\/www.kezakoo.com\/sup\/ar\/","logo":{"@type":"ImageObject","inLanguage":"fr-FR","@id":"https:\/\/www.kezakoo.com\/sup\/ar\/#\/schema\/logo\/image\/","url":"https:\/\/kezakoo.com\/sup\/wp-content\/uploads\/2017\/04\/Logo_Kezakoo_black_orange.png","contentUrl":"https:\/\/kezakoo.com\/sup\/wp-content\/uploads\/2017\/04\/Logo_Kezakoo_black_orange.png","width":1086,"height":308,"caption":"Kezakoo"},"image":{"@id":"https:\/\/www.kezakoo.com\/sup\/ar\/#\/schema\/logo\/image\/"},"sameAs":["https:\/\/facebook.com\/kezakoo","https:\/\/www.linkedin.com\/company\/kezakoo","https:\/\/www.youtube.com\/user\/kezakoo1"]}]}},"lang":"fr","translations":{"fr":484},"pll_sync_post":[],"_links":{"self":[{"href":"https:\/\/www.kezakoo.com\/sup\/wp-json\/wp\/v2\/pages\/484","targetHints":{"allow":["GET"]}}],"collection":[{"href":"https:\/\/www.kezakoo.com\/sup\/wp-json\/wp\/v2\/pages"}],"about":[{"href":"https:\/\/www.kezakoo.com\/sup\/wp-json\/wp\/v2\/types\/page"}],"author":[{"embeddable":true,"href":"https:\/\/www.kezakoo.com\/sup\/wp-json\/wp\/v2\/users\/1"}],"replies":[{"embeddable":true,"href":"https:\/\/www.kezakoo.com\/sup\/wp-json\/wp\/v2\/comments?post=484"}],"version-history":[{"count":4,"href":"https:\/\/www.kezakoo.com\/sup\/wp-json\/wp\/v2\/pages\/484\/revisions"}],"predecessor-version":[{"id":2875,"href":"https:\/\/www.kezakoo.com\/sup\/wp-json\/wp\/v2\/pages\/484\/revisions\/2875"}],"wp:attachment":[{"href":"https:\/\/www.kezakoo.com\/sup\/wp-json\/wp\/v2\/media?parent=484"}],"curies":[{"name":"wp","href":"https:\/\/api.w.org\/{rel}","templated":true}]}}